{"id":9935,"date":"2020-07-06T13:54:20","date_gmt":"2020-07-06T10:54:20","guid":{"rendered":"https:\/\/www.rarom.ro\/?page_id=9935"},"modified":"2020-07-06T14:42:30","modified_gmt":"2020-07-06T11:42:30","slug":"istorie","status":"publish","type":"page","link":"https:\/\/www.rarom.ro\/?page_id=9935","title":{"rendered":"Istorie"},"content":{"rendered":"<p><strong>Skoda Felicia Fun<\/strong><\/p>\n<p><a href=\"https:\/\/www.rarom.ro\/wp-content\/uploads\/2020\/07\/Istorie-mare-254.jpg\"><img loading=\"lazy\" decoding=\"async\" class=\"size-full wp-image-9936 aligncenter\" src=\"https:\/\/www.rarom.ro\/wp-content\/uploads\/2020\/07\/Istorie-mare-254.jpg\" alt=\"\" width=\"730\" height=\"450\" srcset=\"https:\/\/www.rarom.ro\/wp-content\/uploads\/2020\/07\/Istorie-mare-254.jpg 730w, https:\/\/www.rarom.ro\/wp-content\/uploads\/2020\/07\/Istorie-mare-254-300x185.jpg 300w\" sizes=\"auto, (max-width: 730px) 100vw, 730px\" \/><\/a><\/p>\n<p style=\"text-align: justify;\"><a href=\"https:\/\/www.rarom.ro\/wp-content\/uploads\/2020\/07\/Istorie-pagini-254.jpg\"><img loading=\"lazy\" decoding=\"async\" class=\"alignleft size-full wp-image-9938\" src=\"https:\/\/www.rarom.ro\/wp-content\/uploads\/2020\/07\/Istorie-pagini-254.jpg\" alt=\"\" width=\"250\" height=\"165\" \/><\/a>Skoda a produs c\u00e2ndva un pick-up inspirat de stilul de via\u021b\u0103 californian. Cu c\u00e2teva dot\u0103ri inovatoare, Felicia Fun este o bucat\u0103 de istorie auto uitat\u0103. [&#8230;]<\/p>\n","protected":false},"excerpt":{"rendered":"<p>Skoda Felicia Fun Skoda a produs c\u00e2ndva un pick-up inspirat de stilul de via\u021b\u0103 californian. Cu c\u00e2teva dot\u0103ri inovatoare, Felicia Fun este o bucat\u0103 de istorie auto uitat\u0103. [&#8230;]<\/p>\n","protected":false},"author":3,"featured_media":0,"parent":9867,"menu_order":5,"comment_status":"closed","ping_status":"closed","template":"","meta":{"_acf_changed":false,"footnotes":""},"class_list":["post-9935","page","type-page","status-publish","hentry"],"acf":[],"_links":{"self":[{"href":"https:\/\/www.rarom.ro\/index.php?rest_route=\/wp\/v2\/pages\/9935","targetHints":{"allow":["GET"]}}],"collection":[{"href":"https:\/\/www.rarom.ro\/index.php?rest_route=\/wp\/v2\/pages"}],"about":[{"href":"https:\/\/www.rarom.ro\/index.php?rest_route=\/wp\/v2\/types\/page"}],"author":[{"embeddable":true,"href":"https:\/\/www.rarom.ro\/index.php?rest_route=\/wp\/v2\/users\/3"}],"replies":[{"embeddable":true,"href":"https:\/\/www.rarom.ro\/index.php?rest_route=%2Fwp%2Fv2%2Fcomments&post=9935"}],"version-history":[{"count":1,"href":"https:\/\/www.rarom.ro\/index.php?rest_route=\/wp\/v2\/pages\/9935\/revisions"}],"predecessor-version":[{"id":9940,"href":"https:\/\/www.rarom.ro\/index.php?rest_route=\/wp\/v2\/pages\/9935\/revisions\/9940"}],"up":[{"embeddable":true,"href":"https:\/\/www.rarom.ro\/index.php?rest_route=\/wp\/v2\/pages\/9867"}],"wp:attachment":[{"href":"https:\/\/www.rarom.ro\/index.php?rest_route=%2Fwp%2Fv2%2Fmedia&parent=9935"}],"curies":[{"name":"wp","href":"https:\/\/api.w.org\/{rel}","templated":true}]}}