{"id":9923,"date":"2020-07-06T13:51:17","date_gmt":"2020-07-06T10:51:17","guid":{"rendered":"https:\/\/www.rarom.ro\/?page_id=9923"},"modified":"2020-07-06T14:44:49","modified_gmt":"2020-07-06T11:44:49","slug":"prezentare","status":"publish","type":"page","link":"https:\/\/www.rarom.ro\/?page_id=9923","title":{"rendered":"Prezentare"},"content":{"rendered":"<p><strong>Citroen AMI<\/strong><\/p>\n<p><a href=\"https:\/\/www.rarom.ro\/wp-content\/uploads\/2020\/07\/Prezentare-mare-254.jpeg\"><img loading=\"lazy\" decoding=\"async\" class=\"size-full wp-image-9924 aligncenter\" src=\"https:\/\/www.rarom.ro\/wp-content\/uploads\/2020\/07\/Prezentare-mare-254.jpeg\" alt=\"\" width=\"730\" height=\"450\" srcset=\"https:\/\/www.rarom.ro\/wp-content\/uploads\/2020\/07\/Prezentare-mare-254.jpeg 730w, https:\/\/www.rarom.ro\/wp-content\/uploads\/2020\/07\/Prezentare-mare-254-300x185.jpeg 300w\" sizes=\"auto, (max-width: 730px) 100vw, 730px\" \/><\/a><\/p>\n<p style=\"text-align: justify;\"><a href=\"https:\/\/www.rarom.ro\/wp-content\/uploads\/2020\/07\/Prezentare-pagini-254.jpg\"><img loading=\"lazy\" decoding=\"async\" class=\"alignleft size-full wp-image-9926\" src=\"https:\/\/www.rarom.ro\/wp-content\/uploads\/2020\/07\/Prezentare-pagini-254.jpg\" alt=\"\" width=\"250\" height=\"165\" \/><\/a>Unul dintre cele mai populare modele SUV de clas\u0103 subcompact\u0103, Renault Captur, a trecut printr-o opera\u0163ie complet\u0103 de remodelare. O identitate mai puternic\u0103 \u015fi un pachet tehnologic redimensionat devin acum atuurile sale \u00eentr-un segment extrem de efervescent. [&#8230;]<\/p>\n","protected":false},"excerpt":{"rendered":"<p>Citroen AMI Unul dintre cele mai populare modele SUV de clas\u0103 subcompact\u0103, Renault Captur, a trecut printr-o opera\u0163ie complet\u0103 de remodelare. O identitate mai puternic\u0103 \u015fi un pachet tehnologic redimensionat devin acum atuurile sale \u00eentr-un segment extrem de efervescent. [&#8230;]<\/p>\n","protected":false},"author":3,"featured_media":0,"parent":9867,"menu_order":3,"comment_status":"closed","ping_status":"closed","template":"","meta":{"_acf_changed":false,"footnotes":""},"class_list":["post-9923","page","type-page","status-publish","hentry"],"acf":[],"_links":{"self":[{"href":"https:\/\/www.rarom.ro\/index.php?rest_route=\/wp\/v2\/pages\/9923","targetHints":{"allow":["GET"]}}],"collection":[{"href":"https:\/\/www.rarom.ro\/index.php?rest_route=\/wp\/v2\/pages"}],"about":[{"href":"https:\/\/www.rarom.ro\/index.php?rest_route=\/wp\/v2\/types\/page"}],"author":[{"embeddable":true,"href":"https:\/\/www.rarom.ro\/index.php?rest_route=\/wp\/v2\/users\/3"}],"replies":[{"embeddable":true,"href":"https:\/\/www.rarom.ro\/index.php?rest_route=%2Fwp%2Fv2%2Fcomments&post=9923"}],"version-history":[{"count":2,"href":"https:\/\/www.rarom.ro\/index.php?rest_route=\/wp\/v2\/pages\/9923\/revisions"}],"predecessor-version":[{"id":9945,"href":"https:\/\/www.rarom.ro\/index.php?rest_route=\/wp\/v2\/pages\/9923\/revisions\/9945"}],"up":[{"embeddable":true,"href":"https:\/\/www.rarom.ro\/index.php?rest_route=\/wp\/v2\/pages\/9867"}],"wp:attachment":[{"href":"https:\/\/www.rarom.ro\/index.php?rest_route=%2Fwp%2Fv2%2Fmedia&parent=9923"}],"curies":[{"name":"wp","href":"https:\/\/api.w.org\/{rel}","templated":true}]}}