{"id":9917,"date":"2020-07-06T13:49:44","date_gmt":"2020-07-06T10:49:44","guid":{"rendered":"https:\/\/www.rarom.ro\/?page_id=9917"},"modified":"2020-07-06T14:45:19","modified_gmt":"2020-07-06T11:45:19","slug":"interviu","status":"publish","type":"page","link":"https:\/\/www.rarom.ro\/?page_id=9917","title":{"rendered":"Interviu"},"content":{"rendered":"<p><strong>Diana Munteanu<\/strong><\/p>\n<p><a href=\"https:\/\/www.rarom.ro\/wp-content\/uploads\/2020\/07\/Interviu-mare-254.jpg\"><img loading=\"lazy\" decoding=\"async\" class=\"size-full wp-image-9918 aligncenter\" src=\"https:\/\/www.rarom.ro\/wp-content\/uploads\/2020\/07\/Interviu-mare-254.jpg\" alt=\"\" width=\"730\" height=\"450\" srcset=\"https:\/\/www.rarom.ro\/wp-content\/uploads\/2020\/07\/Interviu-mare-254.jpg 730w, https:\/\/www.rarom.ro\/wp-content\/uploads\/2020\/07\/Interviu-mare-254-300x185.jpg 300w\" sizes=\"auto, (max-width: 730px) 100vw, 730px\" \/><\/a><\/p>\n<p style=\"text-align: justify;\"><a href=\"https:\/\/www.rarom.ro\/wp-content\/uploads\/2020\/07\/Interviu-pagini-254.jpg\"><img loading=\"lazy\" decoding=\"async\" class=\"alignleft size-full wp-image-9920\" src=\"https:\/\/www.rarom.ro\/wp-content\/uploads\/2020\/07\/Interviu-pagini-254.jpg\" alt=\"\" width=\"250\" height=\"165\" \/><\/a>S\u0103 fie aproape 20 de ani de c\u00e2nd am v\u0103zut-o prima oar\u0103 la televizor pe Diana Munteanu. Z\u00e2mbitoare, tonic\u0103, r\u0103sp\u00e2ndind energie pozitiv\u0103, dar \u0219i foarte sensibil\u0103. \u00cen CV-ul s\u0103u o g\u0103sim prezentatoare de emisiuni la posturile tv. MCM, MTV, Antena 2 \u0219i Antena Stars, dar \u0219i \u00een distribu\u021bia a patru filme. \u00ce\u0219i dore\u0219te foarte mult s\u0103 se \u00eentoarc\u0103 \u00een televiziune, la marea ei dragoste, dar a \u00eenceput \u0219i o mic\u0103 afacere \u00een domeniul produselor cosmetice. A recunoscut c\u0103 \u00eei place foarte mult s\u0103 conduc\u0103 \u0219i ne-a povestit cum arat\u0103 o c\u0103l\u0103torie, cu ma\u0219ina, al\u0103turi de fiul s\u0103u David. [&#8230;]<\/p>\n","protected":false},"excerpt":{"rendered":"<p>Diana Munteanu S\u0103 fie aproape 20 de ani de c\u00e2nd am v\u0103zut-o prima oar\u0103 la televizor pe Diana Munteanu. Z\u00e2mbitoare, tonic\u0103, r\u0103sp\u00e2ndind energie pozitiv\u0103, dar \u0219i foarte sensibil\u0103. \u00cen CV-ul s\u0103u o g\u0103sim prezentatoare de emisiuni la posturile tv. MCM, MTV, Antena 2 \u0219i Antena Stars, dar \u0219i \u00een distribu\u021bia a patru filme. \u00ce\u0219i dore\u0219te [&hellip;]<\/p>\n","protected":false},"author":3,"featured_media":0,"parent":9867,"menu_order":2,"comment_status":"closed","ping_status":"closed","template":"","meta":{"_acf_changed":false,"footnotes":""},"class_list":["post-9917","page","type-page","status-publish","hentry"],"acf":[],"_links":{"self":[{"href":"https:\/\/www.rarom.ro\/index.php?rest_route=\/wp\/v2\/pages\/9917","targetHints":{"allow":["GET"]}}],"collection":[{"href":"https:\/\/www.rarom.ro\/index.php?rest_route=\/wp\/v2\/pages"}],"about":[{"href":"https:\/\/www.rarom.ro\/index.php?rest_route=\/wp\/v2\/types\/page"}],"author":[{"embeddable":true,"href":"https:\/\/www.rarom.ro\/index.php?rest_route=\/wp\/v2\/users\/3"}],"replies":[{"embeddable":true,"href":"https:\/\/www.rarom.ro\/index.php?rest_route=%2Fwp%2Fv2%2Fcomments&post=9917"}],"version-history":[{"count":1,"href":"https:\/\/www.rarom.ro\/index.php?rest_route=\/wp\/v2\/pages\/9917\/revisions"}],"predecessor-version":[{"id":9922,"href":"https:\/\/www.rarom.ro\/index.php?rest_route=\/wp\/v2\/pages\/9917\/revisions\/9922"}],"up":[{"embeddable":true,"href":"https:\/\/www.rarom.ro\/index.php?rest_route=\/wp\/v2\/pages\/9867"}],"wp:attachment":[{"href":"https:\/\/www.rarom.ro\/index.php?rest_route=%2Fwp%2Fv2%2Fmedia&parent=9917"}],"curies":[{"name":"wp","href":"https:\/\/api.w.org\/{rel}","templated":true}]}}