{"id":9905,"date":"2020-07-06T13:46:15","date_gmt":"2020-07-06T10:46:15","guid":{"rendered":"https:\/\/www.rarom.ro\/?page_id=9905"},"modified":"2020-07-21T09:17:46","modified_gmt":"2020-07-21T06:17:46","slug":"peugeot-rifter","status":"publish","type":"page","link":"https:\/\/www.rarom.ro\/?page_id=9905","title":{"rendered":"Peugeot Rifter"},"content":{"rendered":"<p><strong>Test: Peugeot Rifter<\/strong><\/p>\n<p><a href=\"https:\/\/www.rarom.ro\/wp-content\/uploads\/2020\/07\/TestRifter-mare-254.jpg\"><img loading=\"lazy\" decoding=\"async\" class=\"size-full wp-image-10041 aligncenter\" src=\"https:\/\/www.rarom.ro\/wp-content\/uploads\/2020\/07\/TestRifter-mare-254.jpg\" alt=\"\" width=\"730\" height=\"450\" srcset=\"https:\/\/www.rarom.ro\/wp-content\/uploads\/2020\/07\/TestRifter-mare-254.jpg 730w, https:\/\/www.rarom.ro\/wp-content\/uploads\/2020\/07\/TestRifter-mare-254-300x185.jpg 300w\" sizes=\"auto, (max-width: 730px) 100vw, 730px\" \/><\/a> <a href=\"https:\/\/www.rarom.ro\/wp-content\/uploads\/2020\/07\/TestRifter-pagini-254.jpg\"><img loading=\"lazy\" decoding=\"async\" class=\"alignleft size-full wp-image-10043\" src=\"https:\/\/www.rarom.ro\/wp-content\/uploads\/2020\/07\/TestRifter-pagini-254.jpg\" alt=\"\" width=\"250\" height=\"165\" \/><\/a><\/p>\n<p style=\"text-align: justify;\">Silueta robust\u0103 este nuan\u0163at\u0103 de armura format\u0103 de setul de protec\u0163ii care \u00eei blindeaz\u0103 pragurile, arcele aripilor, partea inferioar\u0103 a u\u015filor \u015fi ambele spoilere. Noul Peugeot Rifter arat\u0103 ca un soldat echipat cu tot harna\u015famentul, gata s\u0103 plece la lupt\u0103. [&#8230;]<\/p>\n","protected":false},"excerpt":{"rendered":"<p>Test: Peugeot Rifter Silueta robust\u0103 este nuan\u0163at\u0103 de armura format\u0103 de setul de protec\u0163ii care \u00eei blindeaz\u0103 pragurile, arcele aripilor, partea inferioar\u0103 a u\u015filor \u015fi ambele spoilere. Noul Peugeot Rifter arat\u0103 ca un soldat echipat cu tot harna\u015famentul, gata s\u0103 plece la lupt\u0103. [&#8230;]<\/p>\n","protected":false},"author":3,"featured_media":0,"parent":9871,"menu_order":6,"comment_status":"closed","ping_status":"closed","template":"","meta":{"_acf_changed":false,"footnotes":""},"class_list":["post-9905","page","type-page","status-publish","hentry"],"acf":[],"_links":{"self":[{"href":"https:\/\/www.rarom.ro\/index.php?rest_route=\/wp\/v2\/pages\/9905","targetHints":{"allow":["GET"]}}],"collection":[{"href":"https:\/\/www.rarom.ro\/index.php?rest_route=\/wp\/v2\/pages"}],"about":[{"href":"https:\/\/www.rarom.ro\/index.php?rest_route=\/wp\/v2\/types\/page"}],"author":[{"embeddable":true,"href":"https:\/\/www.rarom.ro\/index.php?rest_route=\/wp\/v2\/users\/3"}],"replies":[{"embeddable":true,"href":"https:\/\/www.rarom.ro\/index.php?rest_route=%2Fwp%2Fv2%2Fcomments&post=9905"}],"version-history":[{"count":2,"href":"https:\/\/www.rarom.ro\/index.php?rest_route=\/wp\/v2\/pages\/9905\/revisions"}],"predecessor-version":[{"id":10045,"href":"https:\/\/www.rarom.ro\/index.php?rest_route=\/wp\/v2\/pages\/9905\/revisions\/10045"}],"up":[{"embeddable":true,"href":"https:\/\/www.rarom.ro\/index.php?rest_route=\/wp\/v2\/pages\/9871"}],"wp:attachment":[{"href":"https:\/\/www.rarom.ro\/index.php?rest_route=%2Fwp%2Fv2%2Fmedia&parent=9905"}],"curies":[{"name":"wp","href":"https:\/\/api.w.org\/{rel}","templated":true}]}}