{"id":9887,"date":"2020-07-06T13:37:36","date_gmt":"2020-07-06T10:37:36","guid":{"rendered":"https:\/\/www.rarom.ro\/?page_id=9887"},"modified":"2020-07-06T14:39:59","modified_gmt":"2020-07-06T11:39:59","slug":"ford-mustang-bullitt","status":"publish","type":"page","link":"https:\/\/www.rarom.ro\/?page_id=9887","title":{"rendered":"Ford Mustang Bullitt"},"content":{"rendered":"<p><strong>Test: Ford Mustang Bullitt<\/strong><\/p>\n<p><a href=\"https:\/\/www.rarom.ro\/wp-content\/uploads\/2020\/07\/TestMustang-mare-254.jpg\"><img loading=\"lazy\" decoding=\"async\" class=\"size-full wp-image-9888 aligncenter\" src=\"https:\/\/www.rarom.ro\/wp-content\/uploads\/2020\/07\/TestMustang-mare-254.jpg\" alt=\"\" width=\"730\" height=\"450\" srcset=\"https:\/\/www.rarom.ro\/wp-content\/uploads\/2020\/07\/TestMustang-mare-254.jpg 730w, https:\/\/www.rarom.ro\/wp-content\/uploads\/2020\/07\/TestMustang-mare-254-300x185.jpg 300w\" sizes=\"auto, (max-width: 730px) 100vw, 730px\" \/><\/a><\/p>\n<p style=\"text-align: justify;\"><a href=\"https:\/\/www.rarom.ro\/wp-content\/uploads\/2020\/07\/TestMustang-pagini-254.jpg\"><img loading=\"lazy\" decoding=\"async\" class=\"alignleft size-full wp-image-9890\" src=\"https:\/\/www.rarom.ro\/wp-content\/uploads\/2020\/07\/TestMustang-pagini-254.jpg\" alt=\"\" width=\"250\" height=\"165\" \/><\/a>C\u00e2te ma\u015fini sport nu au jante de 19 inci? Sau discuri de fr\u00e2n\u0103 uria\u015fe st\u0103p\u00e2nite de etriere Brembo? Sau patru \u0163evi de e\u015fapament imense?&#8230; &#8222;Multe&#8221; o s\u0103 spui. Corect! Dar, dintre cele multe, c\u00e2te au caroserie fastback, motor V8 aspirat natural \u015fi trac\u0163iune pe puntea spate? [&#8230;]<\/p>\n<p>&nbsp;<\/p>\n","protected":false},"excerpt":{"rendered":"<p>Test: Ford Mustang Bullitt C\u00e2te ma\u015fini sport nu au jante de 19 inci? Sau discuri de fr\u00e2n\u0103 uria\u015fe st\u0103p\u00e2nite de etriere Brembo? Sau patru \u0163evi de e\u015fapament imense?&#8230; &#8222;Multe&#8221; o s\u0103 spui. Corect! Dar, dintre cele multe, c\u00e2te au caroserie fastback, motor V8 aspirat natural \u015fi trac\u0163iune pe puntea spate? [&#8230;] &nbsp;<\/p>\n","protected":false},"author":3,"featured_media":0,"parent":9871,"menu_order":3,"comment_status":"closed","ping_status":"closed","template":"","meta":{"_acf_changed":false,"footnotes":""},"class_list":["post-9887","page","type-page","status-publish","hentry"],"acf":[],"_links":{"self":[{"href":"https:\/\/www.rarom.ro\/index.php?rest_route=\/wp\/v2\/pages\/9887","targetHints":{"allow":["GET"]}}],"collection":[{"href":"https:\/\/www.rarom.ro\/index.php?rest_route=\/wp\/v2\/pages"}],"about":[{"href":"https:\/\/www.rarom.ro\/index.php?rest_route=\/wp\/v2\/types\/page"}],"author":[{"embeddable":true,"href":"https:\/\/www.rarom.ro\/index.php?rest_route=\/wp\/v2\/users\/3"}],"replies":[{"embeddable":true,"href":"https:\/\/www.rarom.ro\/index.php?rest_route=%2Fwp%2Fv2%2Fcomments&post=9887"}],"version-history":[{"count":1,"href":"https:\/\/www.rarom.ro\/index.php?rest_route=\/wp\/v2\/pages\/9887\/revisions"}],"predecessor-version":[{"id":9892,"href":"https:\/\/www.rarom.ro\/index.php?rest_route=\/wp\/v2\/pages\/9887\/revisions\/9892"}],"up":[{"embeddable":true,"href":"https:\/\/www.rarom.ro\/index.php?rest_route=\/wp\/v2\/pages\/9871"}],"wp:attachment":[{"href":"https:\/\/www.rarom.ro\/index.php?rest_route=%2Fwp%2Fv2%2Fmedia&parent=9887"}],"curies":[{"name":"wp","href":"https:\/\/api.w.org\/{rel}","templated":true}]}}