{"id":9871,"date":"2020-07-06T13:17:23","date_gmt":"2020-07-06T10:17:23","guid":{"rendered":"https:\/\/www.rarom.ro\/?page_id=9871"},"modified":"2020-07-06T14:52:25","modified_gmt":"2020-07-06T11:52:25","slug":"teste","status":"publish","type":"page","link":"https:\/\/www.rarom.ro\/?page_id=9871","title":{"rendered":"Teste"},"content":{"rendered":"<p><a href=\"https:\/\/www.rarom.ro\/wp-content\/uploads\/2020\/07\/Teste-Iulie-August-2020.jpg\"><img loading=\"lazy\" decoding=\"async\" class=\"size-full wp-image-9872 aligncenter\" src=\"https:\/\/www.rarom.ro\/wp-content\/uploads\/2020\/07\/Teste-Iulie-August-2020.jpg\" alt=\"\" width=\"730\" height=\"450\" srcset=\"https:\/\/www.rarom.ro\/wp-content\/uploads\/2020\/07\/Teste-Iulie-August-2020.jpg 730w, https:\/\/www.rarom.ro\/wp-content\/uploads\/2020\/07\/Teste-Iulie-August-2020-300x185.jpg 300w\" sizes=\"auto, (max-width: 730px) 100vw, 730px\" \/><\/a><\/p>\n<p><strong>PERFORMER \u00ceNN\u0102SCUT<\/strong><br \/>\n<strong>Test:<\/strong> <a href=\"https:\/\/www.rarom.ro\/?page_id=9875\">BMW M235i xDrive Gran Coupe<\/a><\/p>\n<p><strong>C\u0102L\u0102TORIE SUB SEMNUL LEULUI<\/strong><br \/>\n<strong>Test:<\/strong> <a href=\"https:\/\/www.rarom.ro\/?page_id=9881\">Peugeot 508<\/a><\/p>\n<p><strong>MA\u0218INA TROFEU<\/strong><br \/>\n<strong>Test:<\/strong> <a href=\"https:\/\/www.rarom.ro\/?page_id=9887\">Ford Mustang Bullitt<\/a><\/p>\n<p><strong>O MA\u0218IN\u0102 COMPLET\u0102<\/strong><br \/>\n<strong>Test:<\/strong> <a href=\"https:\/\/www.rarom.ro\/?page_id=9893\">Ford Focus EcoBoost<\/a><\/p>\n<p><strong>UN NOU \u00ceNCEPUT<\/strong><br \/>\n<strong>Test:<\/strong> <a href=\"https:\/\/www.rarom.ro\/?page_id=9899\">Renault Clio<\/a><\/p>\n<p><strong>DOZA DE DINAMISM<\/strong><br \/>\n<strong>Test:<\/strong> <a href=\"https:\/\/www.rarom.ro\/?page_id=9905\">Peugeot Rifter<\/a><\/p>\n<p><strong>EXPERT \u00ceN DRUME\u021aII<\/strong><br \/>\n<strong>Test:<\/strong> <a href=\"https:\/\/www.rarom.ro\/?page_id=9911\">Honda Africa Twin<\/a><\/p>\n","protected":false},"excerpt":{"rendered":"<p>PERFORMER \u00ceNN\u0102SCUT Test: BMW M235i xDrive Gran Coupe C\u0102L\u0102TORIE SUB SEMNUL LEULUI Test: Peugeot 508 MA\u0218INA TROFEU Test: Ford Mustang Bullitt O MA\u0218IN\u0102 COMPLET\u0102 Test: Ford Focus EcoBoost UN NOU \u00ceNCEPUT Test: Renault Clio DOZA DE DINAMISM Test: Peugeot Rifter EXPERT \u00ceN DRUME\u021aII Test: Honda Africa Twin<\/p>\n","protected":false},"author":3,"featured_media":0,"parent":9867,"menu_order":1,"comment_status":"closed","ping_status":"closed","template":"","meta":{"_acf_changed":false,"footnotes":""},"class_list":["post-9871","page","type-page","status-publish","hentry"],"acf":[],"_links":{"self":[{"href":"https:\/\/www.rarom.ro\/index.php?rest_route=\/wp\/v2\/pages\/9871","targetHints":{"allow":["GET"]}}],"collection":[{"href":"https:\/\/www.rarom.ro\/index.php?rest_route=\/wp\/v2\/pages"}],"about":[{"href":"https:\/\/www.rarom.ro\/index.php?rest_route=\/wp\/v2\/types\/page"}],"author":[{"embeddable":true,"href":"https:\/\/www.rarom.ro\/index.php?rest_route=\/wp\/v2\/users\/3"}],"replies":[{"embeddable":true,"href":"https:\/\/www.rarom.ro\/index.php?rest_route=%2Fwp%2Fv2%2Fcomments&post=9871"}],"version-history":[{"count":4,"href":"https:\/\/www.rarom.ro\/index.php?rest_route=\/wp\/v2\/pages\/9871\/revisions"}],"predecessor-version":[{"id":9948,"href":"https:\/\/www.rarom.ro\/index.php?rest_route=\/wp\/v2\/pages\/9871\/revisions\/9948"}],"up":[{"embeddable":true,"href":"https:\/\/www.rarom.ro\/index.php?rest_route=\/wp\/v2\/pages\/9867"}],"wp:attachment":[{"href":"https:\/\/www.rarom.ro\/index.php?rest_route=%2Fwp%2Fv2%2Fmedia&parent=9871"}],"curies":[{"name":"wp","href":"https:\/\/api.w.org\/{rel}","templated":true}]}}