{"id":961,"date":"2015-10-23T08:03:57","date_gmt":"2015-10-23T08:03:57","guid":{"rendered":"https:\/\/www.rarom.ro\/?page_id=961"},"modified":"2025-10-30T13:21:33","modified_gmt":"2025-10-30T11:21:33","slug":"reglementari","status":"publish","type":"page","link":"https:\/\/www.rarom.ro\/?page_id=961","title":{"rendered":"Reglement\u0103ri"},"content":{"rendered":"<p class=\"p3\" style=\"text-align: justify;\"><span class=\"s2\"><b>1. <\/b><a href=\"https:\/\/www.rarom.ro\/cs-uploads\/listalegislatie.pdf\" target=\"_blank\" rel=\"noopener noreferrer\"><span class=\"s3\"><b>Legisla\u0163ia na\u0163ional\u0103 din domeniul de activitate al RAR<\/b><\/span><\/a><\/span><\/p>\n<p class=\"p4\" style=\"text-align: justify;\"><span class=\"s1\">Legisla\u0163ia na\u0163ional\u0103 din domeniul de activitate al RAR este publicat\u0103 \u00een Monitorul Oficial al Rom\u00e2niei (<a href=\"http:\/\/www.monitoruloficial.ro\/\"><span class=\"s3\">http:\/\/www.monitoruloficial.ro\/<\/span><\/a>)<\/span><\/p>\n<p class=\"p3\" style=\"text-align: justify;\"><span class=\"s2\"><b>2. <\/b><a href=\"https:\/\/www.rarom.ro\/?page_id=1292\"><span class=\"s3\"><b>Legisla\u0163ia na\u0163ional\u0103 din domeniul de activitate al RAR<\/b><\/span><\/a><\/span><\/p>\n<p class=\"p4\" style=\"text-align: justify;\"><span class=\"s1\"><b>3. Versiunile oficiale \u00een limba rom\u00e2n\u0103 ale Regulamentelor\/Directivelor\/Deciziilor Uniunii Europene sunt publicate la adresa:<\/b><\/span><span class=\"s4\"><b><br \/>\n<\/b><a href=\"http:\/\/eur-lex.europa.eu\/ro\/index.htm\"><span class=\"s3\">http:\/\/eur-lex.europa.eu\/ro\/index.htm<\/span><\/a><\/span><\/p>\n<p class=\"p4\" style=\"text-align: justify;\"><span class=\"s1\"><b>4. Versiunile oficiale \u00een limbile englez\u0103 \u015fi francez\u0103 ale Regulamentelor Comisiei Economice pentru Europa a Organiza\u0163iei Na\u0163iunilor Unite (Regulamente CEE-ONU) se g\u0103sesc la adresa:<\/b><\/span><span class=\"s4\"><b><br \/>\n<\/b><a href=\"http:\/\/www.unece.org\/trans\/main\/wp29\/wp29regs.html\"><span class=\"s3\">http:\/\/www.unece.org\/trans\/main\/wp29\/wp29regs.html<\/span><\/a><\/span><\/p>\n<p class=\"p4\" style=\"text-align: justify;\"><span class=\"s1\">Traduceri \u00een limba rom\u00e2n\u0103 ale unor Regulamente CEE-ONU care au fost publicate \u00een Jurnalul Oficial al UE se g\u0103sesc la adresa:<br \/>\n<\/span><a href=\"https:\/\/ec.europa.eu\/growth\/sectors\/automotive\/technical-harmonisation\/international_en\" target=\"_blank\" rel=\"noopener noreferrer\"><span class=\"s5\">https:\/\/ec.europa.eu\/growth\/sectors\/automotive\/technical-harmonisation\/international_en<\/span><\/a><\/p>\n<table border=\"0\" width=\"100%\">\n<tbody>\n<tr bgcolor=\"#255189\">\n<td colspan=\"2\" height=\"22\">\n<div align=\"left\"><span style=\"color: #ffffff;\"><strong>Departament Reglement\u0103ri, Instruire \u015fi Cooperare Interna\u0163ional\u0103 (DRICI)<\/strong><\/span><\/div>\n<\/td>\n<\/tr>\n<tr>\n<td valign=\"top\" width=\"41%\" height=\"173\"><strong>Bucure\u015fti<\/strong> &#8211; 010719, sector 1,<br \/>\nCalea Grivi\u0163ei nr. 391A<br \/>\nGPS coordinates:<br \/>\n<span style=\"color: #777777;\">44.468488, 26.051998<\/span><\/td>\n<td valign=\"top\" width=\"59%\"><strong>Persoana de contact:<\/strong><\/td>\n<\/tr>\n<\/tbody>\n<\/table>\n<p><strong>Ing. Cristian U\u0162\u0102<br \/>\n<\/strong><em>\u015eef Departament<\/em><\/p>\n<p>021 202.70.00 interior 286<br \/>\n<a href=\"mailto:reglementari@rarom.ro\">reglementari@rarom.ro<\/a><\/p>\n","protected":false},"excerpt":{"rendered":"<p>1. Legisla\u0163ia na\u0163ional\u0103 din domeniul de activitate al RAR Legisla\u0163ia na\u0163ional\u0103 din domeniul de activitate al RAR este publicat\u0103 \u00een Monitorul Oficial al Rom\u00e2niei (http:\/\/www.monitoruloficial.ro\/) 2. Legisla\u0163ia na\u0163ional\u0103 din domeniul de activitate al RAR 3. Versiunile oficiale \u00een limba rom\u00e2n\u0103 ale Regulamentelor\/Directivelor\/Deciziilor Uniunii Europene sunt publicate la adresa: http:\/\/eur-lex.europa.eu\/ro\/index.htm 4. Versiunile oficiale \u00een limbile englez\u0103 [&hellip;]<\/p>\n","protected":false},"author":1,"featured_media":0,"parent":14,"menu_order":2,"comment_status":"closed","ping_status":"closed","template":"","meta":{"_acf_changed":false,"footnotes":""},"class_list":["post-961","page","type-page","status-publish","hentry"],"acf":[],"_links":{"self":[{"href":"https:\/\/www.rarom.ro\/index.php?rest_route=\/wp\/v2\/pages\/961","targetHints":{"allow":["GET"]}}],"collection":[{"href":"https:\/\/www.rarom.ro\/index.php?rest_route=\/wp\/v2\/pages"}],"about":[{"href":"https:\/\/www.rarom.ro\/index.php?rest_route=\/wp\/v2\/types\/page"}],"author":[{"embeddable":true,"href":"https:\/\/www.rarom.ro\/index.php?rest_route=\/wp\/v2\/users\/1"}],"replies":[{"embeddable":true,"href":"https:\/\/www.rarom.ro\/index.php?rest_route=%2Fwp%2Fv2%2Fcomments&post=961"}],"version-history":[{"count":22,"href":"https:\/\/www.rarom.ro\/index.php?rest_route=\/wp\/v2\/pages\/961\/revisions"}],"predecessor-version":[{"id":301696,"href":"https:\/\/www.rarom.ro\/index.php?rest_route=\/wp\/v2\/pages\/961\/revisions\/301696"}],"up":[{"embeddable":true,"href":"https:\/\/www.rarom.ro\/index.php?rest_route=\/wp\/v2\/pages\/14"}],"wp:attachment":[{"href":"https:\/\/www.rarom.ro\/index.php?rest_route=%2Fwp%2Fv2%2Fmedia&parent=961"}],"curies":[{"name":"wp","href":"https:\/\/api.w.org\/{rel}","templated":true}]}}