{"id":9563,"date":"2020-03-17T10:10:24","date_gmt":"2020-03-17T08:10:24","guid":{"rendered":"https:\/\/www.rarom.ro\/?page_id=9563"},"modified":"2020-03-17T12:04:25","modified_gmt":"2020-03-17T10:04:25","slug":"interviu-2","status":"publish","type":"page","link":"https:\/\/www.rarom.ro\/?page_id=9563","title":{"rendered":"Interviu"},"content":{"rendered":"<p><strong>Emanuel Gyenes<\/strong><\/p>\n<p><a href=\"https:\/\/www.rarom.ro\/wp-content\/uploads\/2020\/03\/Interviu-2-mare.jpg\"><img loading=\"lazy\" decoding=\"async\" class=\"size-full wp-image-9564 aligncenter\" src=\"https:\/\/www.rarom.ro\/wp-content\/uploads\/2020\/03\/Interviu-2-mare.jpg\" alt=\"\" width=\"730\" height=\"450\" srcset=\"https:\/\/www.rarom.ro\/wp-content\/uploads\/2020\/03\/Interviu-2-mare.jpg 730w, https:\/\/www.rarom.ro\/wp-content\/uploads\/2020\/03\/Interviu-2-mare-300x185.jpg 300w\" sizes=\"auto, (max-width: 730px) 100vw, 730px\" \/><\/a><\/p>\n<p><a href=\"https:\/\/www.rarom.ro\/wp-content\/uploads\/2020\/03\/Interviu-2-pagini-1.jpg\"><img loading=\"lazy\" decoding=\"async\" class=\"alignleft size-full wp-image-9568\" src=\"https:\/\/www.rarom.ro\/wp-content\/uploads\/2020\/03\/Interviu-2-pagini-1.jpg\" alt=\"\" width=\"250\" height=\"164\" \/><\/a><\/p>\n<p style=\"text-align: justify;\">Emanuel Gyenes a revenit din Arabia Saudit\u0103 aduc\u00e2nd cu el trofeul pentru cel mai bine clasat concurent la clasa Malle Moto din cadrul rally-raid-ului Dakar. Am stat de vorb\u0103 cu el la c\u00e2teva s\u0103pt\u0103m\u00e2ni dup\u0103 revenirea \u00een Rom\u00e2nia. [&#8230;]<\/p>\n<p>&nbsp;<\/p>\n","protected":false},"excerpt":{"rendered":"<p>Emanuel Gyenes Emanuel Gyenes a revenit din Arabia Saudit\u0103 aduc\u00e2nd cu el trofeul pentru cel mai bine clasat concurent la clasa Malle Moto din cadrul rally-raid-ului Dakar. Am stat de vorb\u0103 cu el la c\u00e2teva s\u0103pt\u0103m\u00e2ni dup\u0103 revenirea \u00een Rom\u00e2nia. [&#8230;] &nbsp;<\/p>\n","protected":false},"author":3,"featured_media":0,"parent":9506,"menu_order":5,"comment_status":"closed","ping_status":"closed","template":"","meta":{"_acf_changed":false,"footnotes":""},"class_list":["post-9563","page","type-page","status-publish","hentry"],"acf":[],"_links":{"self":[{"href":"https:\/\/www.rarom.ro\/index.php?rest_route=\/wp\/v2\/pages\/9563","targetHints":{"allow":["GET"]}}],"collection":[{"href":"https:\/\/www.rarom.ro\/index.php?rest_route=\/wp\/v2\/pages"}],"about":[{"href":"https:\/\/www.rarom.ro\/index.php?rest_route=\/wp\/v2\/types\/page"}],"author":[{"embeddable":true,"href":"https:\/\/www.rarom.ro\/index.php?rest_route=\/wp\/v2\/users\/3"}],"replies":[{"embeddable":true,"href":"https:\/\/www.rarom.ro\/index.php?rest_route=%2Fwp%2Fv2%2Fcomments&post=9563"}],"version-history":[{"count":1,"href":"https:\/\/www.rarom.ro\/index.php?rest_route=\/wp\/v2\/pages\/9563\/revisions"}],"predecessor-version":[{"id":9570,"href":"https:\/\/www.rarom.ro\/index.php?rest_route=\/wp\/v2\/pages\/9563\/revisions\/9570"}],"up":[{"embeddable":true,"href":"https:\/\/www.rarom.ro\/index.php?rest_route=\/wp\/v2\/pages\/9506"}],"wp:attachment":[{"href":"https:\/\/www.rarom.ro\/index.php?rest_route=%2Fwp%2Fv2%2Fmedia&parent=9563"}],"curies":[{"name":"wp","href":"https:\/\/api.w.org\/{rel}","templated":true}]}}