{"id":9557,"date":"2020-03-17T10:08:19","date_gmt":"2020-03-17T08:08:19","guid":{"rendered":"https:\/\/www.rarom.ro\/?page_id=9557"},"modified":"2020-03-17T12:04:15","modified_gmt":"2020-03-17T10:04:15","slug":"prezentare","status":"publish","type":"page","link":"https:\/\/www.rarom.ro\/?page_id=9557","title":{"rendered":"Prezentare"},"content":{"rendered":"<p><strong>Genesis GV80<\/strong><\/p>\n<p><a href=\"https:\/\/www.rarom.ro\/wp-content\/uploads\/2020\/03\/Prezentare-mare.jpeg\"><img loading=\"lazy\" decoding=\"async\" class=\"size-full wp-image-9558 aligncenter\" src=\"https:\/\/www.rarom.ro\/wp-content\/uploads\/2020\/03\/Prezentare-mare.jpeg\" alt=\"\" width=\"730\" height=\"450\" srcset=\"https:\/\/www.rarom.ro\/wp-content\/uploads\/2020\/03\/Prezentare-mare.jpeg 730w, https:\/\/www.rarom.ro\/wp-content\/uploads\/2020\/03\/Prezentare-mare-300x185.jpeg 300w\" sizes=\"auto, (max-width: 730px) 100vw, 730px\" \/><\/a><\/p>\n<p style=\"text-align: justify;\"><a href=\"https:\/\/www.rarom.ro\/wp-content\/uploads\/2020\/03\/Prezentare-pagini.jpg\"><img loading=\"lazy\" decoding=\"async\" class=\"alignleft size-full wp-image-9560\" src=\"https:\/\/www.rarom.ro\/wp-content\/uploads\/2020\/03\/Prezentare-pagini.jpg\" alt=\"\" width=\"250\" height=\"165\" \/><\/a>Genesis, marca de lux a constructorului auto sud-coreean Hyundai \u00eenfiin\u021bat\u0103 acum doi ani, a oferit doar modele sedan p\u00e2n\u0103 acum. \u00cens\u0103, cum cererea de crossovere \u0219i SUV-uri este tot mai mare, un model din aceast\u0103 categorie a devenit obligatoriu pentru portofoliul unui constructor auto, iar Genesis nu dezam\u0103ge\u0219te: GV80 promite mult. [&#8230;]<\/p>\n","protected":false},"excerpt":{"rendered":"<p>Genesis GV80 Genesis, marca de lux a constructorului auto sud-coreean Hyundai \u00eenfiin\u021bat\u0103 acum doi ani, a oferit doar modele sedan p\u00e2n\u0103 acum. \u00cens\u0103, cum cererea de crossovere \u0219i SUV-uri este tot mai mare, un model din aceast\u0103 categorie a devenit obligatoriu pentru portofoliul unui constructor auto, iar Genesis nu dezam\u0103ge\u0219te: GV80 promite mult. [&#8230;]<\/p>\n","protected":false},"author":3,"featured_media":0,"parent":9506,"menu_order":4,"comment_status":"closed","ping_status":"closed","template":"","meta":{"_acf_changed":false,"footnotes":""},"class_list":["post-9557","page","type-page","status-publish","hentry"],"acf":[],"_links":{"self":[{"href":"https:\/\/www.rarom.ro\/index.php?rest_route=\/wp\/v2\/pages\/9557","targetHints":{"allow":["GET"]}}],"collection":[{"href":"https:\/\/www.rarom.ro\/index.php?rest_route=\/wp\/v2\/pages"}],"about":[{"href":"https:\/\/www.rarom.ro\/index.php?rest_route=\/wp\/v2\/types\/page"}],"author":[{"embeddable":true,"href":"https:\/\/www.rarom.ro\/index.php?rest_route=\/wp\/v2\/users\/3"}],"replies":[{"embeddable":true,"href":"https:\/\/www.rarom.ro\/index.php?rest_route=%2Fwp%2Fv2%2Fcomments&post=9557"}],"version-history":[{"count":1,"href":"https:\/\/www.rarom.ro\/index.php?rest_route=\/wp\/v2\/pages\/9557\/revisions"}],"predecessor-version":[{"id":9562,"href":"https:\/\/www.rarom.ro\/index.php?rest_route=\/wp\/v2\/pages\/9557\/revisions\/9562"}],"up":[{"embeddable":true,"href":"https:\/\/www.rarom.ro\/index.php?rest_route=\/wp\/v2\/pages\/9506"}],"wp:attachment":[{"href":"https:\/\/www.rarom.ro\/index.php?rest_route=%2Fwp%2Fv2%2Fmedia&parent=9557"}],"curies":[{"name":"wp","href":"https:\/\/api.w.org\/{rel}","templated":true}]}}