{"id":9539,"date":"2020-03-17T09:41:29","date_gmt":"2020-03-17T07:41:29","guid":{"rendered":"https:\/\/www.rarom.ro\/?page_id=9539"},"modified":"2020-03-17T11:08:43","modified_gmt":"2020-03-17T09:08:43","slug":"ds7-crossback","status":"publish","type":"page","link":"https:\/\/www.rarom.ro\/?page_id=9539","title":{"rendered":"DS7 Crossback"},"content":{"rendered":"<p><strong>Test: DS7 Crossback<\/strong><\/p>\n<p><a href=\"https:\/\/www.rarom.ro\/wp-content\/uploads\/2020\/03\/Test-DS7-mare.jpg\"><img loading=\"lazy\" decoding=\"async\" class=\"size-full wp-image-9540 aligncenter\" src=\"https:\/\/www.rarom.ro\/wp-content\/uploads\/2020\/03\/Test-DS7-mare.jpg\" alt=\"\" width=\"730\" height=\"450\" srcset=\"https:\/\/www.rarom.ro\/wp-content\/uploads\/2020\/03\/Test-DS7-mare.jpg 730w, https:\/\/www.rarom.ro\/wp-content\/uploads\/2020\/03\/Test-DS7-mare-300x185.jpg 300w\" sizes=\"auto, (max-width: 730px) 100vw, 730px\" \/><\/a><\/p>\n<p style=\"text-align: justify;\"><a href=\"https:\/\/www.rarom.ro\/wp-content\/uploads\/2020\/03\/Test-DS7-pagini.jpg\"><img loading=\"lazy\" decoding=\"async\" class=\"alignleft size-full wp-image-9542\" src=\"https:\/\/www.rarom.ro\/wp-content\/uploads\/2020\/03\/Test-DS7-pagini.jpg\" alt=\"\" width=\"250\" height=\"165\" \/><\/a>Dac\u0103 m\u0103 g\u00e2ndesc la interiorul lui DS7 Crossback cred c\u0103 enun\u021bul este c\u00e2t se poate de just, chiar dac\u0103 sun\u0103 cam anapoda gramatical. Cineva m-a apostrofat c\u0103 albumul celor de la Queen se traduce altfel, \u00eens\u0103 i-am spus c\u0103 este vorba de o alt\u0103 crea\u021bie, una parizian\u0103 \u0219i foarte nou\u0103. Cred c\u0103 designerii m\u0103rcii de lux franceze mi-ar da dreptate. [&#8230;]<\/p>\n","protected":false},"excerpt":{"rendered":"<p>Test: DS7 Crossback Dac\u0103 m\u0103 g\u00e2ndesc la interiorul lui DS7 Crossback cred c\u0103 enun\u021bul este c\u00e2t se poate de just, chiar dac\u0103 sun\u0103 cam anapoda gramatical. Cineva m-a apostrofat c\u0103 albumul celor de la Queen se traduce altfel, \u00eens\u0103 i-am spus c\u0103 este vorba de o alt\u0103 crea\u021bie, una parizian\u0103 \u0219i foarte nou\u0103. Cred c\u0103 [&hellip;]<\/p>\n","protected":false},"author":3,"featured_media":0,"parent":9510,"menu_order":5,"comment_status":"closed","ping_status":"closed","template":"","meta":{"_acf_changed":false,"footnotes":""},"class_list":["post-9539","page","type-page","status-publish","hentry"],"acf":[],"_links":{"self":[{"href":"https:\/\/www.rarom.ro\/index.php?rest_route=\/wp\/v2\/pages\/9539","targetHints":{"allow":["GET"]}}],"collection":[{"href":"https:\/\/www.rarom.ro\/index.php?rest_route=\/wp\/v2\/pages"}],"about":[{"href":"https:\/\/www.rarom.ro\/index.php?rest_route=\/wp\/v2\/types\/page"}],"author":[{"embeddable":true,"href":"https:\/\/www.rarom.ro\/index.php?rest_route=\/wp\/v2\/users\/3"}],"replies":[{"embeddable":true,"href":"https:\/\/www.rarom.ro\/index.php?rest_route=%2Fwp%2Fv2%2Fcomments&post=9539"}],"version-history":[{"count":1,"href":"https:\/\/www.rarom.ro\/index.php?rest_route=\/wp\/v2\/pages\/9539\/revisions"}],"predecessor-version":[{"id":9544,"href":"https:\/\/www.rarom.ro\/index.php?rest_route=\/wp\/v2\/pages\/9539\/revisions\/9544"}],"up":[{"embeddable":true,"href":"https:\/\/www.rarom.ro\/index.php?rest_route=\/wp\/v2\/pages\/9510"}],"wp:attachment":[{"href":"https:\/\/www.rarom.ro\/index.php?rest_route=%2Fwp%2Fv2%2Fmedia&parent=9539"}],"curies":[{"name":"wp","href":"https:\/\/api.w.org\/{rel}","templated":true}]}}