{"id":9533,"date":"2020-03-17T09:37:01","date_gmt":"2020-03-17T07:37:01","guid":{"rendered":"https:\/\/www.rarom.ro\/?page_id=9533"},"modified":"2020-03-17T11:07:31","modified_gmt":"2020-03-17T09:07:31","slug":"peugeot-208","status":"publish","type":"page","link":"https:\/\/www.rarom.ro\/?page_id=9533","title":{"rendered":"Peugeot 208"},"content":{"rendered":"<p><strong>Test: Peugeot 208<\/strong><\/p>\n<p><a href=\"https:\/\/www.rarom.ro\/wp-content\/uploads\/2020\/03\/Test-Peugeot-mare.jpg\"><img loading=\"lazy\" decoding=\"async\" class=\"size-full wp-image-9534 aligncenter\" src=\"https:\/\/www.rarom.ro\/wp-content\/uploads\/2020\/03\/Test-Peugeot-mare.jpg\" alt=\"\" width=\"730\" height=\"450\" srcset=\"https:\/\/www.rarom.ro\/wp-content\/uploads\/2020\/03\/Test-Peugeot-mare.jpg 730w, https:\/\/www.rarom.ro\/wp-content\/uploads\/2020\/03\/Test-Peugeot-mare-300x185.jpg 300w\" sizes=\"auto, (max-width: 730px) 100vw, 730px\" \/><\/a><\/p>\n<p style=\"text-align: justify;\"><a href=\"https:\/\/www.rarom.ro\/wp-content\/uploads\/2020\/03\/Test-Peugeot-pagini.jpg\"><img loading=\"lazy\" decoding=\"async\" class=\"alignleft size-full wp-image-9536\" src=\"https:\/\/www.rarom.ro\/wp-content\/uploads\/2020\/03\/Test-Peugeot-pagini.jpg\" alt=\"\" width=\"250\" height=\"165\" \/><\/a>Ma\u015fina Anului \u00een Rom\u00e2nia \u00een 2020 \u015ftie cum s\u0103 te surprind\u0103. Formele apetisante ale caroseriei, \u00eencheiat\u0103 de un hayon cu o t\u0103ietur\u0103 \u00eenalt\u0103 \u015fi \u00eenceput\u0103 cu o gril\u0103 frontal\u0103 turtit\u0103, anun\u0163\u0103 cu subtilitate caracterul novator al modelului francez. [&#8230;]<\/p>\n","protected":false},"excerpt":{"rendered":"<p>Test: Peugeot 208 Ma\u015fina Anului \u00een Rom\u00e2nia \u00een 2020 \u015ftie cum s\u0103 te surprind\u0103. Formele apetisante ale caroseriei, \u00eencheiat\u0103 de un hayon cu o t\u0103ietur\u0103 \u00eenalt\u0103 \u015fi \u00eenceput\u0103 cu o gril\u0103 frontal\u0103 turtit\u0103, anun\u0163\u0103 cu subtilitate caracterul novator al modelului francez. [&#8230;]<\/p>\n","protected":false},"author":3,"featured_media":0,"parent":9510,"menu_order":4,"comment_status":"closed","ping_status":"closed","template":"","meta":{"_acf_changed":false,"footnotes":""},"class_list":["post-9533","page","type-page","status-publish","hentry"],"acf":[],"_links":{"self":[{"href":"https:\/\/www.rarom.ro\/index.php?rest_route=\/wp\/v2\/pages\/9533","targetHints":{"allow":["GET"]}}],"collection":[{"href":"https:\/\/www.rarom.ro\/index.php?rest_route=\/wp\/v2\/pages"}],"about":[{"href":"https:\/\/www.rarom.ro\/index.php?rest_route=\/wp\/v2\/types\/page"}],"author":[{"embeddable":true,"href":"https:\/\/www.rarom.ro\/index.php?rest_route=\/wp\/v2\/users\/3"}],"replies":[{"embeddable":true,"href":"https:\/\/www.rarom.ro\/index.php?rest_route=%2Fwp%2Fv2%2Fcomments&post=9533"}],"version-history":[{"count":1,"href":"https:\/\/www.rarom.ro\/index.php?rest_route=\/wp\/v2\/pages\/9533\/revisions"}],"predecessor-version":[{"id":9538,"href":"https:\/\/www.rarom.ro\/index.php?rest_route=\/wp\/v2\/pages\/9533\/revisions\/9538"}],"up":[{"embeddable":true,"href":"https:\/\/www.rarom.ro\/index.php?rest_route=\/wp\/v2\/pages\/9510"}],"wp:attachment":[{"href":"https:\/\/www.rarom.ro\/index.php?rest_route=%2Fwp%2Fv2%2Fmedia&parent=9533"}],"curies":[{"name":"wp","href":"https:\/\/api.w.org\/{rel}","templated":true}]}}