{"id":9526,"date":"2020-03-17T09:31:45","date_gmt":"2020-03-17T07:31:45","guid":{"rendered":"https:\/\/www.rarom.ro\/?page_id=9526"},"modified":"2020-03-17T11:07:11","modified_gmt":"2020-03-17T09:07:11","slug":"opel-grandland-x-hybrid4","status":"publish","type":"page","link":"https:\/\/www.rarom.ro\/?page_id=9526","title":{"rendered":"Opel Grandland X Hybrid4"},"content":{"rendered":"<p><strong>Test: Opel Grandland X Hybrid4<\/strong><\/p>\n<p><a href=\"https:\/\/www.rarom.ro\/wp-content\/uploads\/2020\/03\/Test-Opel-mare.jpg\"><img loading=\"lazy\" decoding=\"async\" class=\"size-full wp-image-9527 aligncenter\" src=\"https:\/\/www.rarom.ro\/wp-content\/uploads\/2020\/03\/Test-Opel-mare.jpg\" alt=\"\" width=\"730\" height=\"450\" srcset=\"https:\/\/www.rarom.ro\/wp-content\/uploads\/2020\/03\/Test-Opel-mare.jpg 730w, https:\/\/www.rarom.ro\/wp-content\/uploads\/2020\/03\/Test-Opel-mare-300x185.jpg 300w\" sizes=\"auto, (max-width: 730px) 100vw, 730px\" \/><\/a><\/p>\n<p style=\"text-align: justify;\"><a href=\"https:\/\/www.rarom.ro\/wp-content\/uploads\/2020\/03\/Test-Opel-pagini.jpg\"><img loading=\"lazy\" decoding=\"async\" class=\"alignleft size-full wp-image-9529\" src=\"https:\/\/www.rarom.ro\/wp-content\/uploads\/2020\/03\/Test-Opel-pagini.jpg\" alt=\"\" width=\"250\" height=\"165\" \/><\/a>Opel m\u0103re\u0219te gama pentru SUV-ul Grandland X prin ad\u0103ugarea unei prime versiuni plug-in hybrid. Numit\u0103 Hybrid4 aceasta ofer\u0103 300 CP, dou\u0103 motoare electrice, unul termic pe benzin\u0103 \u0219i trac\u021biune integral\u0103. [&#8230;]<\/p>\n","protected":false},"excerpt":{"rendered":"<p>Test: Opel Grandland X Hybrid4 Opel m\u0103re\u0219te gama pentru SUV-ul Grandland X prin ad\u0103ugarea unei prime versiuni plug-in hybrid. Numit\u0103 Hybrid4 aceasta ofer\u0103 300 CP, dou\u0103 motoare electrice, unul termic pe benzin\u0103 \u0219i trac\u021biune integral\u0103. [&#8230;]<\/p>\n","protected":false},"author":3,"featured_media":0,"parent":9510,"menu_order":3,"comment_status":"closed","ping_status":"closed","template":"","meta":{"_acf_changed":false,"footnotes":""},"class_list":["post-9526","page","type-page","status-publish","hentry"],"acf":[],"_links":{"self":[{"href":"https:\/\/www.rarom.ro\/index.php?rest_route=\/wp\/v2\/pages\/9526","targetHints":{"allow":["GET"]}}],"collection":[{"href":"https:\/\/www.rarom.ro\/index.php?rest_route=\/wp\/v2\/pages"}],"about":[{"href":"https:\/\/www.rarom.ro\/index.php?rest_route=\/wp\/v2\/types\/page"}],"author":[{"embeddable":true,"href":"https:\/\/www.rarom.ro\/index.php?rest_route=\/wp\/v2\/users\/3"}],"replies":[{"embeddable":true,"href":"https:\/\/www.rarom.ro\/index.php?rest_route=%2Fwp%2Fv2%2Fcomments&post=9526"}],"version-history":[{"count":2,"href":"https:\/\/www.rarom.ro\/index.php?rest_route=\/wp\/v2\/pages\/9526\/revisions"}],"predecessor-version":[{"id":9532,"href":"https:\/\/www.rarom.ro\/index.php?rest_route=\/wp\/v2\/pages\/9526\/revisions\/9532"}],"up":[{"embeddable":true,"href":"https:\/\/www.rarom.ro\/index.php?rest_route=\/wp\/v2\/pages\/9510"}],"wp:attachment":[{"href":"https:\/\/www.rarom.ro\/index.php?rest_route=%2Fwp%2Fv2%2Fmedia&parent=9526"}],"curies":[{"name":"wp","href":"https:\/\/api.w.org\/{rel}","templated":true}]}}