{"id":9520,"date":"2020-03-17T09:30:03","date_gmt":"2020-03-17T07:30:03","guid":{"rendered":"https:\/\/www.rarom.ro\/?page_id=9520"},"modified":"2020-03-17T11:04:08","modified_gmt":"2020-03-17T09:04:08","slug":"bmw-x6-m50d","status":"publish","type":"page","link":"https:\/\/www.rarom.ro\/?page_id=9520","title":{"rendered":"BMW X6 M50d"},"content":{"rendered":"<p><strong>Test: BMW X6 M50d<\/strong><\/p>\n<p><a href=\"https:\/\/www.rarom.ro\/wp-content\/uploads\/2020\/03\/Test-BMW-mare.jpg\"><img loading=\"lazy\" decoding=\"async\" class=\"size-full wp-image-9521 aligncenter\" src=\"https:\/\/www.rarom.ro\/wp-content\/uploads\/2020\/03\/Test-BMW-mare.jpg\" alt=\"\" width=\"730\" height=\"450\" srcset=\"https:\/\/www.rarom.ro\/wp-content\/uploads\/2020\/03\/Test-BMW-mare.jpg 730w, https:\/\/www.rarom.ro\/wp-content\/uploads\/2020\/03\/Test-BMW-mare-300x185.jpg 300w\" sizes=\"auto, (max-width: 730px) 100vw, 730px\" \/><\/a><\/p>\n<p style=\"text-align: justify;\"><a href=\"https:\/\/www.rarom.ro\/wp-content\/uploads\/2020\/03\/Test-BMW-pagini.jpg\"><img loading=\"lazy\" decoding=\"async\" class=\"alignleft size-full wp-image-9523\" src=\"https:\/\/www.rarom.ro\/wp-content\/uploads\/2020\/03\/Test-BMW-pagini.jpg\" alt=\"\" width=\"250\" height=\"165\" \/><\/a>BMW X6 M50d \u00eembin\u0103, \u00eentr-un mod greu de descris \u00een cuvinte, extremele din industria auto: performan\u021ba brutal\u0103 \u015fi obsesiva, de acum, economie de combustibil. Evident, totul este ambalat \u00eentr-un pachet estetic care intimideaz\u0103, atrage \u015fi impresioneaz\u0103. [&#8230;]<\/p>\n","protected":false},"excerpt":{"rendered":"<p>Test: BMW X6 M50d BMW X6 M50d \u00eembin\u0103, \u00eentr-un mod greu de descris \u00een cuvinte, extremele din industria auto: performan\u021ba brutal\u0103 \u015fi obsesiva, de acum, economie de combustibil. Evident, totul este ambalat \u00eentr-un pachet estetic care intimideaz\u0103, atrage \u015fi impresioneaz\u0103. [&#8230;]<\/p>\n","protected":false},"author":3,"featured_media":0,"parent":9510,"menu_order":2,"comment_status":"closed","ping_status":"closed","template":"","meta":{"_acf_changed":false,"footnotes":""},"class_list":["post-9520","page","type-page","status-publish","hentry"],"acf":[],"_links":{"self":[{"href":"https:\/\/www.rarom.ro\/index.php?rest_route=\/wp\/v2\/pages\/9520","targetHints":{"allow":["GET"]}}],"collection":[{"href":"https:\/\/www.rarom.ro\/index.php?rest_route=\/wp\/v2\/pages"}],"about":[{"href":"https:\/\/www.rarom.ro\/index.php?rest_route=\/wp\/v2\/types\/page"}],"author":[{"embeddable":true,"href":"https:\/\/www.rarom.ro\/index.php?rest_route=\/wp\/v2\/users\/3"}],"replies":[{"embeddable":true,"href":"https:\/\/www.rarom.ro\/index.php?rest_route=%2Fwp%2Fv2%2Fcomments&post=9520"}],"version-history":[{"count":1,"href":"https:\/\/www.rarom.ro\/index.php?rest_route=\/wp\/v2\/pages\/9520\/revisions"}],"predecessor-version":[{"id":9525,"href":"https:\/\/www.rarom.ro\/index.php?rest_route=\/wp\/v2\/pages\/9520\/revisions\/9525"}],"up":[{"embeddable":true,"href":"https:\/\/www.rarom.ro\/index.php?rest_route=\/wp\/v2\/pages\/9510"}],"wp:attachment":[{"href":"https:\/\/www.rarom.ro\/index.php?rest_route=%2Fwp%2Fv2%2Fmedia&parent=9520"}],"curies":[{"name":"wp","href":"https:\/\/api.w.org\/{rel}","templated":true}]}}