{"id":941,"date":"2007-06-15T13:07:36","date_gmt":"2007-06-15T13:07:36","guid":{"rendered":"https:\/\/www.rarom.ro\/certificare-produse\/lista-certificatelor-de-conformitate-rar-ocp-retrasesuspendate\/"},"modified":"2026-04-08T15:28:52","modified_gmt":"2026-04-08T12:28:52","slug":"lista-certificatelor-de-conformitate-rar-ocp-retrasesuspendate","status":"publish","type":"page","link":"https:\/\/www.rarom.ro\/?page_id=941","title":{"rendered":"Lista certificatelor de conformitate RAR-DCP retrase\/suspendate"},"content":{"rendered":"\n<p class=\"has-vivid-red-color has-text-color\"><em><strong><em><strong>Aten\u021bie:<\/strong>&nbsp;<\/em><\/strong>Motivele retragerii\/suspend\u0103rii certificatelor de conformitate pot fi diverse. Pentru precizarea punctual\u0103 a acestora, v\u0103 rug\u0103m s\u0103 ne contacta\u0163i oficial.<\/em><\/p>\n\n\n\n<p><a href=\"cs-uploads\/certificateanulate.pdf\" target=\"_blank\" rel=\"noopener noreferrer\"><strong>Lista certificatelor de conformitate RAR-DCP retrase\/suspendate<\/strong><\/a><\/p>\n\n\n\n<p><\/p>\n","protected":false},"excerpt":{"rendered":"<p>Aten\u021bie:&nbsp;Motivele retragerii\/suspend\u0103rii certificatelor de conformitate pot fi diverse. Pentru precizarea punctual\u0103 a acestora, v\u0103 rug\u0103m s\u0103 ne contacta\u0163i oficial. Lista certificatelor de conformitate RAR-DCP retrase\/suspendate<\/p>\n","protected":false},"author":1,"featured_media":0,"parent":925,"menu_order":7,"comment_status":"closed","ping_status":"closed","template":"","meta":{"_acf_changed":false,"footnotes":""},"class_list":["post-941","page","type-page","status-publish","hentry"],"acf":[],"_links":{"self":[{"href":"https:\/\/www.rarom.ro\/index.php?rest_route=\/wp\/v2\/pages\/941","targetHints":{"allow":["GET"]}}],"collection":[{"href":"https:\/\/www.rarom.ro\/index.php?rest_route=\/wp\/v2\/pages"}],"about":[{"href":"https:\/\/www.rarom.ro\/index.php?rest_route=\/wp\/v2\/types\/page"}],"author":[{"embeddable":true,"href":"https:\/\/www.rarom.ro\/index.php?rest_route=\/wp\/v2\/users\/1"}],"replies":[{"embeddable":true,"href":"https:\/\/www.rarom.ro\/index.php?rest_route=%2Fwp%2Fv2%2Fcomments&post=941"}],"version-history":[{"count":84,"href":"https:\/\/www.rarom.ro\/index.php?rest_route=\/wp\/v2\/pages\/941\/revisions"}],"predecessor-version":[{"id":302373,"href":"https:\/\/www.rarom.ro\/index.php?rest_route=\/wp\/v2\/pages\/941\/revisions\/302373"}],"up":[{"embeddable":true,"href":"https:\/\/www.rarom.ro\/index.php?rest_route=\/wp\/v2\/pages\/925"}],"wp:attachment":[{"href":"https:\/\/www.rarom.ro\/index.php?rest_route=%2Fwp%2Fv2%2Fmedia&parent=941"}],"curies":[{"name":"wp","href":"https:\/\/api.w.org\/{rel}","templated":true}]}}