{"id":940,"date":"2007-06-15T13:06:13","date_gmt":"2007-06-15T13:06:13","guid":{"rendered":"https:\/\/www.rarom.ro\/certificare-produse\/lista-produselor-si-materialelor-de-exploatare-care-necesita-omologare\/"},"modified":"2024-09-13T13:39:19","modified_gmt":"2024-09-13T10:39:19","slug":"lista-produselor-si-materialelor-de-exploatare-care-necesita-omologare","status":"publish","type":"page","link":"https:\/\/www.rarom.ro\/?page_id=940","title":{"rendered":"Lista produselor \u015fi materialelor de exploatare care necesit\u0103 certificare"},"content":{"rendered":"<p style=\"text-align: justify;\"><a href=\"cs-uploads\/Lista-OCP.pdf\" target=\"_blank\" rel=\"noopener noreferrer\">Lista produselor \u0219i materialelor de exploatare utilizate la vehiculele rutiere, din categoria celor care privesc siguran\u021ba circula\u021biei rutiere, protec\u021bia mediului, eficien\u021ba energetic\u0103 \u0219i protec\u021bia \u00eempotriva furturilor, \u0219i care necesit\u0103 certificarea RAR \u00een vederea introducerii pe pia\u021b\u0103 sau punerii la dispozi\u021bie pe pia\u021b\u0103 \u00een Rom\u00e2nia<\/a><\/p>\n","protected":false},"excerpt":{"rendered":"<p>Lista produselor \u0219i materialelor de exploatare utilizate la vehiculele rutiere, din categoria celor care privesc siguran\u021ba circula\u021biei rutiere, protec\u021bia mediului, eficien\u021ba energetic\u0103 \u0219i protec\u021bia \u00eempotriva furturilor, \u0219i care necesit\u0103 certificarea RAR \u00een vederea introducerii pe pia\u021b\u0103 sau punerii la dispozi\u021bie pe pia\u021b\u0103 \u00een Rom\u00e2nia<\/p>\n","protected":false},"author":1,"featured_media":0,"parent":925,"menu_order":4,"comment_status":"closed","ping_status":"closed","template":"","meta":{"_acf_changed":false,"footnotes":""},"class_list":["post-940","page","type-page","status-publish","hentry"],"acf":[],"_links":{"self":[{"href":"https:\/\/www.rarom.ro\/index.php?rest_route=\/wp\/v2\/pages\/940","targetHints":{"allow":["GET"]}}],"collection":[{"href":"https:\/\/www.rarom.ro\/index.php?rest_route=\/wp\/v2\/pages"}],"about":[{"href":"https:\/\/www.rarom.ro\/index.php?rest_route=\/wp\/v2\/types\/page"}],"author":[{"embeddable":true,"href":"https:\/\/www.rarom.ro\/index.php?rest_route=\/wp\/v2\/users\/1"}],"replies":[{"embeddable":true,"href":"https:\/\/www.rarom.ro\/index.php?rest_route=%2Fwp%2Fv2%2Fcomments&post=940"}],"version-history":[{"count":5,"href":"https:\/\/www.rarom.ro\/index.php?rest_route=\/wp\/v2\/pages\/940\/revisions"}],"predecessor-version":[{"id":298034,"href":"https:\/\/www.rarom.ro\/index.php?rest_route=\/wp\/v2\/pages\/940\/revisions\/298034"}],"up":[{"embeddable":true,"href":"https:\/\/www.rarom.ro\/index.php?rest_route=\/wp\/v2\/pages\/925"}],"wp:attachment":[{"href":"https:\/\/www.rarom.ro\/index.php?rest_route=%2Fwp%2Fv2%2Fmedia&parent=940"}],"curies":[{"name":"wp","href":"https:\/\/api.w.org\/{rel}","templated":true}]}}