{"id":939,"date":"2007-06-15T13:05:51","date_gmt":"2007-06-15T13:05:51","guid":{"rendered":"https:\/\/www.rarom.ro\/certificare-produse\/lista-autorizatiilor-pentru-ambalare-rar-ocp-retrasesuspendate\/"},"modified":"2024-02-27T11:14:12","modified_gmt":"2024-02-27T09:14:12","slug":"lista-autorizatiilor-pentru-ambalare-rar-ocp-retrasesuspendate","status":"publish","type":"page","link":"https:\/\/www.rarom.ro\/?page_id=939","title":{"rendered":"Lista autoriza\u0163iilor pentru ambalare RAR-DCP retrase\/suspendate"},"content":{"rendered":"\n<p class=\"has-vivid-red-color has-text-color\"><em><strong>Aten\u021bie:<\/strong> Motivele retragerii\/suspend\u0103rii autoriza\u0163iilor pot fi diverse. Pentru precizarea punctual\u0103 a acestora, v\u0103 rug\u0103m s\u0103 ne contacta\u0163i oficial.<\/em><\/p>\n\n\n\n<p><a href=\"cs-uploads\/autorizatiianulate.pdf\" target=\"_blank\" rel=\"noopener noreferrer\"><strong>Lista autoriza\u0163iilor pentru ambalare RAR-DCP retrase\/suspendate<\/strong><\/a><\/p>\n","protected":false},"excerpt":{"rendered":"<p>Aten\u021bie: Motivele retragerii\/suspend\u0103rii autoriza\u0163iilor pot fi diverse. Pentru precizarea punctual\u0103 a acestora, v\u0103 rug\u0103m s\u0103 ne contacta\u0163i oficial. Lista autoriza\u0163iilor pentru ambalare RAR-DCP retrase\/suspendate<\/p>\n","protected":false},"author":1,"featured_media":0,"parent":925,"menu_order":12,"comment_status":"closed","ping_status":"closed","template":"","meta":{"_acf_changed":false,"footnotes":""},"class_list":["post-939","page","type-page","status-publish","hentry"],"acf":[],"_links":{"self":[{"href":"https:\/\/www.rarom.ro\/index.php?rest_route=\/wp\/v2\/pages\/939","targetHints":{"allow":["GET"]}}],"collection":[{"href":"https:\/\/www.rarom.ro\/index.php?rest_route=\/wp\/v2\/pages"}],"about":[{"href":"https:\/\/www.rarom.ro\/index.php?rest_route=\/wp\/v2\/types\/page"}],"author":[{"embeddable":true,"href":"https:\/\/www.rarom.ro\/index.php?rest_route=\/wp\/v2\/users\/1"}],"replies":[{"embeddable":true,"href":"https:\/\/www.rarom.ro\/index.php?rest_route=%2Fwp%2Fv2%2Fcomments&post=939"}],"version-history":[{"count":16,"href":"https:\/\/www.rarom.ro\/index.php?rest_route=\/wp\/v2\/pages\/939\/revisions"}],"predecessor-version":[{"id":296277,"href":"https:\/\/www.rarom.ro\/index.php?rest_route=\/wp\/v2\/pages\/939\/revisions\/296277"}],"up":[{"embeddable":true,"href":"https:\/\/www.rarom.ro\/index.php?rest_route=\/wp\/v2\/pages\/925"}],"wp:attachment":[{"href":"https:\/\/www.rarom.ro\/index.php?rest_route=%2Fwp%2Fv2%2Fmedia&parent=939"}],"curies":[{"name":"wp","href":"https:\/\/api.w.org\/{rel}","templated":true}]}}