{"id":938,"date":"2007-06-15T13:04:15","date_gmt":"2007-06-15T13:04:15","guid":{"rendered":"https:\/\/www.rarom.ro\/certificare-produse\/lista-informativa-cu-agentii-economici-autorizati-pentru-partitionare-si-ambalare\/"},"modified":"2024-10-18T13:49:07","modified_gmt":"2024-10-18T10:49:07","slug":"lista-informativa-cu-agentii-economici-autorizati-pentru-partitionare-si-ambalare","status":"publish","type":"page","link":"https:\/\/www.rarom.ro\/?page_id=938","title":{"rendered":"Lista informativ\u0103 cu agen\u0163ii economici autoriza\u0163i pentru parti\u0163ionare \u015fi ambalare"},"content":{"rendered":"\n<p class=\"has-vivid-red-color has-text-color\"><em><strong>Aten\u021bie:<\/strong> Lista este informativ\u0103. Pentru verificarea punctual\u0103 a valabilit\u0103\u021bii autoriza\u021biei de parti\u021bionare \u0219i ambalare v\u0103 rug\u0103m s\u0103 ne contacta\u021bi oficial.<\/em><\/p>\n\n\n\n<p><a href=\"cs-uploads\/autorizatii.xlsx\" target=\"_blank\" rel=\"noopener noreferrer\"><strong>Lista informativ\u0103 cu agen\u0163ii economici autoriza\u0163i pentru parti\u0163ionarea \u015fi ambalarea materialelor de exploatare destinate autovehiculelor<\/strong><\/a><\/p>\n","protected":false},"excerpt":{"rendered":"<p>Aten\u021bie: Lista este informativ\u0103. Pentru verificarea punctual\u0103 a valabilit\u0103\u021bii autoriza\u021biei de parti\u021bionare \u0219i ambalare v\u0103 rug\u0103m s\u0103 ne contacta\u021bi oficial. Lista informativ\u0103 cu agen\u0163ii economici autoriza\u0163i pentru parti\u0163ionarea \u015fi ambalarea materialelor de exploatare destinate autovehiculelor<\/p>\n","protected":false},"author":1,"featured_media":0,"parent":925,"menu_order":11,"comment_status":"closed","ping_status":"closed","template":"","meta":{"_acf_changed":false,"footnotes":""},"class_list":["post-938","page","type-page","status-publish","hentry"],"acf":[],"_links":{"self":[{"href":"https:\/\/www.rarom.ro\/index.php?rest_route=\/wp\/v2\/pages\/938","targetHints":{"allow":["GET"]}}],"collection":[{"href":"https:\/\/www.rarom.ro\/index.php?rest_route=\/wp\/v2\/pages"}],"about":[{"href":"https:\/\/www.rarom.ro\/index.php?rest_route=\/wp\/v2\/types\/page"}],"author":[{"embeddable":true,"href":"https:\/\/www.rarom.ro\/index.php?rest_route=\/wp\/v2\/users\/1"}],"replies":[{"embeddable":true,"href":"https:\/\/www.rarom.ro\/index.php?rest_route=%2Fwp%2Fv2%2Fcomments&post=938"}],"version-history":[{"count":34,"href":"https:\/\/www.rarom.ro\/index.php?rest_route=\/wp\/v2\/pages\/938\/revisions"}],"predecessor-version":[{"id":298271,"href":"https:\/\/www.rarom.ro\/index.php?rest_route=\/wp\/v2\/pages\/938\/revisions\/298271"}],"up":[{"embeddable":true,"href":"https:\/\/www.rarom.ro\/index.php?rest_route=\/wp\/v2\/pages\/925"}],"wp:attachment":[{"href":"https:\/\/www.rarom.ro\/index.php?rest_route=%2Fwp%2Fv2%2Fmedia&parent=938"}],"curies":[{"name":"wp","href":"https:\/\/api.w.org\/{rel}","templated":true}]}}