{"id":937,"date":"2007-06-15T13:02:53","date_gmt":"2007-06-15T13:02:53","guid":{"rendered":"https:\/\/www.rarom.ro\/certificare-produse\/modificari-documentatie-autorizare-ambalatori\/"},"modified":"2025-01-14T15:29:35","modified_gmt":"2025-01-14T13:29:35","slug":"modificari-documentatie-autorizare-ambalatori","status":"publish","type":"page","link":"https:\/\/www.rarom.ro\/?page_id=937","title":{"rendered":"Modific\u0103ri documenta\u0163ie autorizare ambalatori"},"content":{"rendered":"<p style=\"text-align: center;\"><a href=\"https:\/\/www.rarom.ro\/wp-content\/uploads\/2007\/06\/OCP-1.jpg\"><img loading=\"lazy\" decoding=\"async\" class=\"size-full wp-image-8945 aligncenter\" src=\"https:\/\/www.rarom.ro\/wp-content\/uploads\/2007\/06\/OCP-1.jpg\" alt=\"\" width=\"730\" height=\"450\" srcset=\"https:\/\/www.rarom.ro\/wp-content\/uploads\/2007\/06\/OCP-1.jpg 730w, https:\/\/www.rarom.ro\/wp-content\/uploads\/2007\/06\/OCP-1-300x185.jpg 300w\" sizes=\"auto, (max-width: 730px) 100vw, 730px\" \/><\/a><\/p>\n<p>&#8211; <a href=\"..\/..\/..\/cs-uploads\/PO-C200-SCIM-01.pdf\" target=\"_blank\" rel=\"noopener noreferrer\">Autorizarea operatorilor economici care ambaleaz\u0103 materiale de exploatare utilizate la vehicule rutiere (format PDF)<\/a><br \/>\n&#8211; <a href=\"..\/..\/..\/cs-uploads\/cerere_autorizare.pdf\" target=\"_blank\" rel=\"noopener noreferrer\">Cerere de autorizare ambalator (format PDF)<\/a><br \/>\n&#8211; <a href=\"..\/..\/..\/cs-uploads\/chestionar_autoevaluare2.pdf\" target=\"_blank\" rel=\"noopener noreferrer\">Chestionar de autoevaluare (format PDF)<\/a><br \/>\n&#8211; <a href=\"..\/..\/..\/cs-uploads\/conventie_autorizare.pdf\" target=\"_blank\" rel=\"noopener noreferrer\">Conven\u0163ie de autorizare (format PDF)<\/a><br \/>\n&#8211; <a href=\"..\/..\/..\/cs-uploads\/conventie_supraveghere2.pdf\" target=\"_blank\" rel=\"noopener noreferrer\">Model conven\u0163ie de supraveghere (format PDF)<\/a><br \/>\n&#8211; <a href=\"..\/..\/..\/cs-uploads\/costurile_autorizarii.pdf\" target=\"_blank\" rel=\"noopener\">Costurile autoriz\u0103rii<\/a> (format PDF)<\/p>\n","protected":false},"excerpt":{"rendered":"<p>&#8211; Autorizarea operatorilor economici care ambaleaz\u0103 materiale de exploatare utilizate la vehicule rutiere (format PDF) &#8211; Cerere de autorizare ambalator (format PDF) &#8211; Chestionar de autoevaluare (format PDF) &#8211; Conven\u0163ie de autorizare (format PDF) &#8211; Model conven\u0163ie de supraveghere (format PDF) &#8211; Costurile autoriz\u0103rii (format PDF)<\/p>\n","protected":false},"author":1,"featured_media":0,"parent":925,"menu_order":10,"comment_status":"closed","ping_status":"closed","template":"","meta":{"_acf_changed":false,"footnotes":""},"class_list":["post-937","page","type-page","status-publish","hentry"],"acf":[],"_links":{"self":[{"href":"https:\/\/www.rarom.ro\/index.php?rest_route=\/wp\/v2\/pages\/937","targetHints":{"allow":["GET"]}}],"collection":[{"href":"https:\/\/www.rarom.ro\/index.php?rest_route=\/wp\/v2\/pages"}],"about":[{"href":"https:\/\/www.rarom.ro\/index.php?rest_route=\/wp\/v2\/types\/page"}],"author":[{"embeddable":true,"href":"https:\/\/www.rarom.ro\/index.php?rest_route=\/wp\/v2\/users\/1"}],"replies":[{"embeddable":true,"href":"https:\/\/www.rarom.ro\/index.php?rest_route=%2Fwp%2Fv2%2Fcomments&post=937"}],"version-history":[{"count":11,"href":"https:\/\/www.rarom.ro\/index.php?rest_route=\/wp\/v2\/pages\/937\/revisions"}],"predecessor-version":[{"id":298727,"href":"https:\/\/www.rarom.ro\/index.php?rest_route=\/wp\/v2\/pages\/937\/revisions\/298727"}],"up":[{"embeddable":true,"href":"https:\/\/www.rarom.ro\/index.php?rest_route=\/wp\/v2\/pages\/925"}],"wp:attachment":[{"href":"https:\/\/www.rarom.ro\/index.php?rest_route=%2Fwp%2Fv2%2Fmedia&parent=937"}],"curies":[{"name":"wp","href":"https:\/\/api.w.org\/{rel}","templated":true}]}}