{"id":936,"date":"2007-06-15T13:01:34","date_gmt":"2007-06-15T13:01:34","guid":{"rendered":"https:\/\/www.rarom.ro\/certificare-produse\/modificari-documentatie-certificare-produse-mapa-de-documente-informative\/"},"modified":"2024-02-27T10:53:23","modified_gmt":"2024-02-27T08:53:23","slug":"modificari-documentatie-certificare-produse-mapa-de-documente-informative","status":"publish","type":"page","link":"https:\/\/www.rarom.ro\/?page_id=936","title":{"rendered":"Modific\u0103ri documenta\u0163ie certificare produse (Mapa de Documente Informative)"},"content":{"rendered":"<p><a href=\"https:\/\/www.rarom.ro\/wp-content\/uploads\/2015\/10\/OCP-1.jpg\"><img loading=\"lazy\" decoding=\"async\" class=\"size-full wp-image-8948 aligncenter\" src=\"https:\/\/www.rarom.ro\/wp-content\/uploads\/2015\/10\/OCP-1.jpg\" alt=\"\" width=\"730\" height=\"450\" srcset=\"https:\/\/www.rarom.ro\/wp-content\/uploads\/2015\/10\/OCP-1.jpg 730w, https:\/\/www.rarom.ro\/wp-content\/uploads\/2015\/10\/OCP-1-300x185.jpg 300w\" sizes=\"auto, (max-width: 730px) 100vw, 730px\" \/><\/a><\/p>\n<p>&#8211; <a href=\"cs-uploads\/reguli.pdf\" target=\"_blank\" rel=\"noopener noreferrer\">Reguli generale privind certificarea produselor (format PDF)<\/a><br \/>\n&#8211; <a href=\"cs-uploads\/reg_licenta.pdf\" target=\"_blank\" rel=\"noopener noreferrer\">Regulament de utilizare a licen\u0163ei a certificatului a marcajului de certificare RAR-DCP \u015fi a m\u0103rcii de conformitate RAR-DCP (format PDF)<\/a><br \/>\n&#8211; <a href=\"cs-uploads\/ang_licenta.pdf\" target=\"_blank\" rel=\"noopener noreferrer\">Angajament privind utilizarea licen\u0163ei a certificatului a marcajului de certificare RAR-DCP \u015fi a m\u0103rcii de conformitate RAR-DCP (format PDF)<\/a><br \/>\n&#8211; <a href=\"cs-uploads\/cerere_certificare.pdf\" target=\"_blank\" rel=\"noopener noreferrer\">Cerere de certificare a unui produs (format PDF)<\/a><br \/>\n&#8211; <a href=\"cs-uploads\/chestionar_autoevaluare.pdf\" target=\"_blank\" rel=\"noopener noreferrer\">Chestionar de autoevaluare (format PDF)<\/a><br \/>\n&#8211; <a href=\"cs-uploads\/doc_solicitate.pdf\" target=\"_blank\" rel=\"noopener noreferrer\">Lista documentelor solicitate \u00een vederea certific\u0103rii (format PDF)<\/a><br \/>\n&#8211; <a href=\"cs-uploads\/laboratoare.pdf\" target=\"_blank\" rel=\"noopener noreferrer\">Lista laboratoarelor \u00eenregistrate RAR-DCP (format PDF)<\/a><br \/>\n&#8211; <a href=\"cs-uploads\/conventie_certificare.pdf\" target=\"_blank\" rel=\"noopener noreferrer\">Model conven\u0163ie de certificare (format PDF)<\/a><br \/>\n&#8211; <a href=\"cs-uploads\/conventie_supraveghere.pdf\" target=\"_blank\" rel=\"noopener noreferrer\">Model conven\u0163ie de supraveghere (format PDF)<\/a><br \/>\n&#8211; <a href=\"cs-uploads\/cerinte_min.pdf\" target=\"_blank\" rel=\"noopener noreferrer\">Cerin\u0163e minimale pentru sistemul de management al calit\u0103\u0163ii al furnizorului (format PDF)<\/a><br \/>\n&#8211; <a href=\"cs-uploads\/cost_certificarii.pdf\" target=\"_blank\" rel=\"noopener noreferrer\">Costurile certific\u0103rii (format PDF)<\/a><br \/>\n&#8211; <a href=\"cs-uploads\/schema_logica.pdf\" target=\"_blank\" rel=\"noopener noreferrer\">Schema logic\u0103 a procesului de certificare (format PDF)<\/a><br \/>\n&#8211; <a href=\"cs-uploads\/Tratarea_reclamatiilor_apelurilor.pdf\" target=\"_blank\" rel=\"noopener noreferrer\">Tratarea reclama\u0163iilor \u015fi apelurilor<br \/>\n<\/a><\/p>\n<p>&#8211;\u00a0<a href=\"https:\/\/www.rarom.ro\/cs-uploads\/Ghid-pentru-elaborarea-specificatiei-tehnice.pdf\" target=\"_blank\" rel=\"noopener noreferrer\">Ghid pentru elaborarea specifica\u021biei tehnice<\/a><\/p>\n","protected":false},"excerpt":{"rendered":"<p>&#8211; Reguli generale privind certificarea produselor (format PDF) &#8211; Regulament de utilizare a licen\u0163ei a certificatului a marcajului de certificare RAR-DCP \u015fi a m\u0103rcii de conformitate RAR-DCP (format PDF) &#8211; Angajament privind utilizarea licen\u0163ei a certificatului a marcajului de certificare RAR-DCP \u015fi a m\u0103rcii de conformitate RAR-DCP (format PDF) &#8211; Cerere de certificare a unui [&hellip;]<\/p>\n","protected":false},"author":1,"featured_media":0,"parent":925,"menu_order":3,"comment_status":"closed","ping_status":"closed","template":"","meta":{"_acf_changed":false,"footnotes":""},"class_list":["post-936","page","type-page","status-publish","hentry"],"acf":[],"_links":{"self":[{"href":"https:\/\/www.rarom.ro\/index.php?rest_route=\/wp\/v2\/pages\/936","targetHints":{"allow":["GET"]}}],"collection":[{"href":"https:\/\/www.rarom.ro\/index.php?rest_route=\/wp\/v2\/pages"}],"about":[{"href":"https:\/\/www.rarom.ro\/index.php?rest_route=\/wp\/v2\/types\/page"}],"author":[{"embeddable":true,"href":"https:\/\/www.rarom.ro\/index.php?rest_route=\/wp\/v2\/users\/1"}],"replies":[{"embeddable":true,"href":"https:\/\/www.rarom.ro\/index.php?rest_route=%2Fwp%2Fv2%2Fcomments&post=936"}],"version-history":[{"count":11,"href":"https:\/\/www.rarom.ro\/index.php?rest_route=\/wp\/v2\/pages\/936\/revisions"}],"predecessor-version":[{"id":294313,"href":"https:\/\/www.rarom.ro\/index.php?rest_route=\/wp\/v2\/pages\/936\/revisions\/294313"}],"up":[{"embeddable":true,"href":"https:\/\/www.rarom.ro\/index.php?rest_route=\/wp\/v2\/pages\/925"}],"wp:attachment":[{"href":"https:\/\/www.rarom.ro\/index.php?rest_route=%2Fwp%2Fv2%2Fmedia&parent=936"}],"curies":[{"name":"wp","href":"https:\/\/api.w.org\/{rel}","templated":true}]}}