{"id":925,"date":"2015-10-22T09:56:05","date_gmt":"2015-10-22T09:56:05","guid":{"rendered":"https:\/\/www.rarom.ro\/?page_id=925"},"modified":"2026-02-12T08:30:05","modified_gmt":"2026-02-12T06:30:05","slug":"certificare-produse","status":"publish","type":"page","link":"https:\/\/www.rarom.ro\/?page_id=925","title":{"rendered":"Certificare Produse"},"content":{"rendered":"<div class=\"wp-block-image\">\n<figure class=\"aligncenter\"><a href=\"https:\/\/www.rarom.ro\/wp-content\/uploads\/2015\/10\/OCP-1.jpg\"><img loading=\"lazy\" decoding=\"async\" width=\"730\" height=\"450\" src=\"https:\/\/www.rarom.ro\/wp-content\/uploads\/2015\/10\/OCP-1.jpg\" alt=\"\" class=\"wp-image-8948\" srcset=\"https:\/\/www.rarom.ro\/wp-content\/uploads\/2015\/10\/OCP-1.jpg 730w, https:\/\/www.rarom.ro\/wp-content\/uploads\/2015\/10\/OCP-1-300x185.jpg 300w\" sizes=\"auto, (max-width: 730px) 100vw, 730px\" \/><\/a><\/figure><\/div>\n\n<div class=\"wp-block-image\">\n<figure class=\"alignleft\"><img loading=\"lazy\" decoding=\"async\" width=\"130\" height=\"54\" src=\"https:\/\/www.rarom.ro\/wp-content\/uploads\/2015\/10\/ocp_1.gif\" alt=\"ocp_1\" class=\"wp-image-932\"\/><\/figure><\/div>\n\n\n<p><strong>Direc\u0163ia Certificare Produse<\/strong> este entitatea tehnic\u0103 din cadrul Direc\u0163iei Generale Omologare de Tip \u015fi Certificare Produse care are \u00een atribu\u0163ii urm\u0103toarele activit\u0103\u0163i:<\/p>\n\n\n\n<div style=\"height:30px\" aria-hidden=\"true\" class=\"wp-block-spacer\"><\/div>\n\n\n\n<p><strong>\u2b9a <a href=\"https:\/\/www.rarom.ro\/?page_id=296580\">Certificarea produselor \u015fi materialelor de exploatare utilizate la vehicule rutiere;<\/a><br>\u2b9a <a href=\"https:\/\/www.rarom.ro\/?page_id=296590\">Autorizarea agen\u0163ilor economici care parti\u0163ioneaz\u0103 \u015fi ambaleaz\u0103 materiale de exploatare utilizate la vehicule rutiere<\/a>.<\/strong><\/p>\n\n\n\n<p><strong>Cadrul legislativ<\/strong> este definit de:<\/p>\n\n\n\n<p><strong>&#8211; O.G. nr. 80\/2000 <\/strong>privind omologarea \u015fi certificarea produselor \u015fi materialelor de exploatare utilizate la vehicule rutiere, precum \u015fi condi\u0163iile de introducere pe pia\u0163\u0103 a acestora, cu modific\u0103rile \u015fi complet\u0103rile ulterioare;<\/p>\n\n\n\n<p><strong>&#8211; O.M.T.C.T. nr. 2135\/2005, <\/strong>pentru aprobarea Reglement\u0103rilor privind omologarea \u015fi certificarea produselor \u015fi materialelor de exploatare utilizate la vehicule rutiere, precum \u015fi condi\u0163iile de introducere pe pia\u0163\u0103 a acestora &#8211; RNTR 4, cu modific\u0103rile \u015fi complet\u0103rile ulterioare;<\/p>\n\n\n\n<p><strong>&#8211; O.M.T.C.T. nr. 229 din 8 septembrie 2003 <\/strong>pentru aprobarea Reglement\u0103rilor privind modificarea sistemelor de alimentare a motoarelor autovehiculelor, care au fost omologate pentru circula\u0163ia pe drumurile publice din Rom\u00e2nia cu un anumit carburant prev\u0103zut de constructor, pentru func\u0163ionarea \u0219i cu gaze petroliere lichefiate (GPL) \u0219i autorizarea agen\u0163ilor economici care execut\u0103 montarea, reviziile tehnice \u0219i repararea instala\u0163iilor de alimentare a motoarelor cu GPL \u2013 RNTR 6 (publicat \u00een Monitorul Oficial al Rom\u00e2niei, Partea I, nr. 659 din 17 septembrie 2003), cu modific\u0103rile \u015fi complet\u0103rile ulterioare.<\/p>\n\n\n\n<p><strong>Standard de referin\u021b\u0103<\/strong><\/p>\n\n\n\n<p><strong>&#8211; SR EN ISO\/CEI 17065:2013 <\/strong>&#8211; Evaluarea conformit\u0103\u0163ii. Cerin\u0163e pentru organisme care certific\u0103 produse, procese \u015fi servicii.<\/p>\n\n\n\n<p><strong>Scopul c<\/strong><strong>ertific\u0103rii \u015fi autoriz\u0103rii<\/strong><\/p>\n\n\n\n<p>Produsele \u0219i materialele de exploatare noi, destinate utiliz\u0103rii la vehicule rutiere, din categoria celor care privesc siguran\u021ba circula\u021biei rutiere, protec\u021bia mediului, eficien\u021ba energetic\u0103 \u0219i protec\u021bia \u00eempotriva furturilor vehiculelor rutiere, pot fi introduse pe pia\u021b\u0103 sau puse la dispozi\u021bie pe pia\u021b\u0103 numai dac\u0103 sunt omologate sau certificate, dup\u0103 caz.<\/p>\n\n\n\n<p>DCP efectueaz\u0103 certificarea conformit\u0103\u0163ii produselor \u015fi materialelor de exploatare noi, utilizate la vehicule rutiere, din categoria celor care privesc siguran\u0163a circula\u0163iei, protec\u0163ia mediului, eficien\u0163a energetic\u0103 \u015fi protec\u0163ia \u00eempotriva furturilor vehiculelor rutiere prev\u0103zute \u00een lista de la capitolul V al RNTR 4, aprobat prin OMTI 152\/2022.<\/p>\n\n\n\n<p>DCP efectueaz\u0103 autorizarea proceselor de parti\u0163ionare \u015fi ambalare a materialelor de exploatare certificate de RAR.<\/p>\n\n\n\n<div style=\"height:50px\" aria-hidden=\"true\" class=\"wp-block-spacer\"><\/div>\n\n\n\n<p class=\"has-text-align-center\"><strong>Legisla\u0163ia, regulamentele, procedurile \u015fi formularele prezentate pot fi modificate \u015fi completate.<\/strong><\/p>\n\n\n\n<div style=\"height:20px\" aria-hidden=\"true\" class=\"wp-block-spacer\"><\/div>\n\n\n\n<p><\/p>\n\n\n\n<hr>\n\n\n\n<p><strong>Direc\u0163ia General\u0103 Omologare de Tip \u0219i Certificare Produse&nbsp;(DGOTCP)<\/strong><\/p>\n\n\n\n<hr>\n\n\n\n<div style=\"height:20px\" aria-hidden=\"true\" class=\"wp-block-spacer\"><\/div>\n\n\n\n<div class=\"wp-block-group\"><div class=\"wp-block-group__inner-container is-layout-constrained wp-block-group-is-layout-constrained\">\n<div class=\"wp-block-columns is-layout-flex wp-container-core-columns-is-layout-9d6595d7 wp-block-columns-is-layout-flex\">\n<div class=\"wp-block-column is-layout-flow wp-block-column-is-layout-flow\" style=\"flex-basis:33.33%\"><div class=\"wp-block-image is-style-rounded\">\n<figure class=\"aligncenter size-large is-resized\"><a href=\"https:\/\/www.rarom.ro\/wp-content\/uploads\/2015\/10\/Marius_Damachi_1.png\"><img decoding=\"async\" src=\"https:\/\/www.rarom.ro\/wp-content\/uploads\/2015\/10\/Marius_Damachi_1.png\" alt=\"\" style=\"width:150px;height:150px\"\/><\/a><\/figure><\/div>\n\n\n<div style=\"height:20px\" aria-hidden=\"true\" class=\"wp-block-spacer\"><\/div>\n\n\n\n<p class=\"has-text-align-center\"><strong>Ing. Marius DAMACHI<\/strong><br><em><em>Director <em>DGOTCP<\/em><\/em><\/em><\/p>\n<\/div>\n\n\n\n<div class=\"wp-block-column is-layout-flow wp-block-column-is-layout-flow\" style=\"flex-basis:66.66%\">\n<p><strong>Adresa:<\/strong> Calea Grivi\u0163ei nr. 391A, cod 010719<br>Bucure\u015fti, sector 1<\/p>\n\n\n\n<div class=\"wp-block-columns are-vertically-aligned-top is-layout-flex wp-container-core-columns-is-layout-9d6595d7 wp-block-columns-is-layout-flex\">\n<div class=\"wp-block-column is-vertically-aligned-top is-layout-flow wp-block-column-is-layout-flow\" style=\"flex-basis:10%\">\n<p>Tel.: <\/p>\n<\/div>\n\n\n\n<div class=\"wp-block-column is-vertically-aligned-top is-layout-flow wp-block-column-is-layout-flow\" style=\"flex-basis:90%\">\n<p>021 318.17.43<br>021 202.70.07<\/p>\n<\/div>\n<\/div>\n\n\n\n<div class=\"wp-block-columns are-vertically-aligned-top is-layout-flex wp-container-core-columns-is-layout-9d6595d7 wp-block-columns-is-layout-flex\">\n<div class=\"wp-block-column is-vertically-aligned-top is-layout-flow wp-block-column-is-layout-flow\" style=\"flex-basis:10%\">\n<p>E-mail: <\/p>\n<\/div>\n\n\n\n<div class=\"wp-block-column is-vertically-aligned-top is-layout-flow wp-block-column-is-layout-flow\" style=\"flex-basis:90%\">\n<p><a href=\"mailto:office@rarom.ro\" target=\"_blank\" rel=\"noreferrer noopener\">office@rarom.ro<\/a><\/p>\n<\/div>\n<\/div>\n\n\n\n<hr>\n\n\n\n<p><strong>Direc\u0163ia&nbsp;Certificare Produse<\/strong>&nbsp;<strong>(DCP)<\/strong><\/p>\n\n\n\n<p><strong>Adresa: Bucure\u015fti,<\/strong>&nbsp;B-dul. Expozi\u0163iei nr. 1K, sector 1<\/p>\n\n\n\n<p><strong>ing. Viorel CROITORU<\/strong><br><em>Director Direc\u0163ia Certificare Produse<\/em><\/p>\n\n\n\n<p>Tel.: 031 425.71.02 <br>E-mail: <a href=\"mailto:office@rarom.ro\">office@rarom.ro<\/a><\/p>\n\n\n\n<hr>\n\n\n\n<p><strong>Ing. Marian BR\u00ceNCU\u015e<\/strong><br><em>Secretar tehnic DCP<\/em><\/p>\n\n\n\n<p>Tel.: 031 425.71.02<\/p>\n\n\n\n<p><\/p>\n<\/div>\n<\/div>\n<\/div><\/div>\n\n\n\n<p class=\"has-text-align-center\"><em>Prezentul document este proprietatea exclusiv\u0103 a RAR<br>Datele sunt informative \u015fi nu pot fi utilizate dec\u00e2t cu acordul scris al RAR<br>Document informativ<\/em><\/p>\n\n\n\n<p class=\"has-text-align-center\"><\/p>\n","protected":false},"excerpt":{"rendered":"<p>Direc\u0163ia Certificare Produse este entitatea tehnic\u0103 din cadrul Direc\u0163iei Generale Omologare de Tip \u015fi Certificare Produse care are \u00een atribu\u0163ii urm\u0103toarele activit\u0103\u0163i: \u2b9a Certificarea produselor \u015fi materialelor de exploatare utilizate la vehicule rutiere;\u2b9a Autorizarea agen\u0163ilor economici care parti\u0163ioneaz\u0103 \u015fi ambaleaz\u0103 materiale de exploatare utilizate la vehicule rutiere. Cadrul legislativ este definit de: &#8211; O.G. nr. [&hellip;]<\/p>\n","protected":false},"author":1,"featured_media":0,"parent":0,"menu_order":2,"comment_status":"closed","ping_status":"closed","template":"","meta":{"_acf_changed":false,"footnotes":""},"class_list":["post-925","page","type-page","status-publish","hentry"],"acf":[],"_links":{"self":[{"href":"https:\/\/www.rarom.ro\/index.php?rest_route=\/wp\/v2\/pages\/925","targetHints":{"allow":["GET"]}}],"collection":[{"href":"https:\/\/www.rarom.ro\/index.php?rest_route=\/wp\/v2\/pages"}],"about":[{"href":"https:\/\/www.rarom.ro\/index.php?rest_route=\/wp\/v2\/types\/page"}],"author":[{"embeddable":true,"href":"https:\/\/www.rarom.ro\/index.php?rest_route=\/wp\/v2\/users\/1"}],"replies":[{"embeddable":true,"href":"https:\/\/www.rarom.ro\/index.php?rest_route=%2Fwp%2Fv2%2Fcomments&post=925"}],"version-history":[{"count":59,"href":"https:\/\/www.rarom.ro\/index.php?rest_route=\/wp\/v2\/pages\/925\/revisions"}],"predecessor-version":[{"id":302140,"href":"https:\/\/www.rarom.ro\/index.php?rest_route=\/wp\/v2\/pages\/925\/revisions\/302140"}],"wp:attachment":[{"href":"https:\/\/www.rarom.ro\/index.php?rest_route=%2Fwp%2Fv2%2Fmedia&parent=925"}],"curies":[{"name":"wp","href":"https:\/\/api.w.org\/{rel}","templated":true}]}}