{"id":9081,"date":"2020-02-05T14:26:15","date_gmt":"2020-02-05T12:26:15","guid":{"rendered":"https:\/\/www.rarom.ro\/?page_id=9081"},"modified":"2020-02-05T15:27:19","modified_gmt":"2020-02-05T13:27:19","slug":"interviu","status":"publish","type":"page","link":"https:\/\/www.rarom.ro\/?page_id=9081","title":{"rendered":"Interviu"},"content":{"rendered":"<p><strong>Vera Agachi<\/strong><\/p>\n<p><a href=\"https:\/\/www.rarom.ro\/wp-content\/uploads\/2020\/02\/Interviu-mare.jpg\"><img loading=\"lazy\" decoding=\"async\" class=\"size-full wp-image-9084 aligncenter\" src=\"https:\/\/www.rarom.ro\/wp-content\/uploads\/2020\/02\/Interviu-mare.jpg\" alt=\"\" width=\"730\" height=\"450\" srcset=\"https:\/\/www.rarom.ro\/wp-content\/uploads\/2020\/02\/Interviu-mare.jpg 730w, https:\/\/www.rarom.ro\/wp-content\/uploads\/2020\/02\/Interviu-mare-300x185.jpg 300w\" sizes=\"auto, (max-width: 730px) 100vw, 730px\" \/><\/a><\/p>\n<p style=\"text-align: justify;\"><a href=\"https:\/\/www.rarom.ro\/wp-content\/uploads\/2020\/02\/Interviu-pagini.jpg\"><img loading=\"lazy\" decoding=\"async\" class=\"alignleft size-full wp-image-9086\" src=\"https:\/\/www.rarom.ro\/wp-content\/uploads\/2020\/02\/Interviu-pagini.jpg\" alt=\"\" width=\"250\" height=\"165\" \/><\/a>Vera Agachi este coordonatorul unor programe de preg\u0103tire \u00een cadrul unei corpora\u021bii, iar \u00een timpul liber iube\u0219te c\u0103l\u0103toriile cu motocicleta. La drum lung, de cele mai multe ori, pleac\u0103 singur\u0103. A fost p\u00e2n\u0103 \u00een Portugalia \u0219i dup\u0103 aceea s-a g\u00e2ndit c\u0103 i-ar pl\u0103cea s\u0103 vad\u0103 \u0219i frumuse\u021bile Norvegiei. Tot singur\u0103&#8230; S-a \u00eentors cu o mul\u021bime de pove\u0219ti \u0219i amintiri, dar \u0219i cu dorin\u021ba de a pleca spre alte z\u0103ri. [&#8230;]<\/p>\n","protected":false},"excerpt":{"rendered":"<p>Vera Agachi Vera Agachi este coordonatorul unor programe de preg\u0103tire \u00een cadrul unei corpora\u021bii, iar \u00een timpul liber iube\u0219te c\u0103l\u0103toriile cu motocicleta. La drum lung, de cele mai multe ori, pleac\u0103 singur\u0103. A fost p\u00e2n\u0103 \u00een Portugalia \u0219i dup\u0103 aceea s-a g\u00e2ndit c\u0103 i-ar pl\u0103cea s\u0103 vad\u0103 \u0219i frumuse\u021bile Norvegiei. Tot singur\u0103&#8230; S-a \u00eentors cu [&hellip;]<\/p>\n","protected":false},"author":3,"featured_media":0,"parent":9018,"menu_order":2,"comment_status":"closed","ping_status":"closed","template":"","meta":{"_acf_changed":false,"footnotes":""},"class_list":["post-9081","page","type-page","status-publish","hentry"],"acf":[],"_links":{"self":[{"href":"https:\/\/www.rarom.ro\/index.php?rest_route=\/wp\/v2\/pages\/9081","targetHints":{"allow":["GET"]}}],"collection":[{"href":"https:\/\/www.rarom.ro\/index.php?rest_route=\/wp\/v2\/pages"}],"about":[{"href":"https:\/\/www.rarom.ro\/index.php?rest_route=\/wp\/v2\/types\/page"}],"author":[{"embeddable":true,"href":"https:\/\/www.rarom.ro\/index.php?rest_route=\/wp\/v2\/users\/3"}],"replies":[{"embeddable":true,"href":"https:\/\/www.rarom.ro\/index.php?rest_route=%2Fwp%2Fv2%2Fcomments&post=9081"}],"version-history":[{"count":3,"href":"https:\/\/www.rarom.ro\/index.php?rest_route=\/wp\/v2\/pages\/9081\/revisions"}],"predecessor-version":[{"id":9088,"href":"https:\/\/www.rarom.ro\/index.php?rest_route=\/wp\/v2\/pages\/9081\/revisions\/9088"}],"up":[{"embeddable":true,"href":"https:\/\/www.rarom.ro\/index.php?rest_route=\/wp\/v2\/pages\/9018"}],"wp:attachment":[{"href":"https:\/\/www.rarom.ro\/index.php?rest_route=%2Fwp%2Fv2%2Fmedia&parent=9081"}],"curies":[{"name":"wp","href":"https:\/\/api.w.org\/{rel}","templated":true}]}}