{"id":9070,"date":"2020-02-05T11:30:39","date_gmt":"2020-02-05T09:30:39","guid":{"rendered":"https:\/\/www.rarom.ro\/?page_id=9070"},"modified":"2020-02-05T15:31:10","modified_gmt":"2020-02-05T13:31:10","slug":"honda-x-adv","status":"publish","type":"page","link":"https:\/\/www.rarom.ro\/?page_id=9070","title":{"rendered":"Honda X-ADV"},"content":{"rendered":"<p><strong>Test: Honda X-ADV<\/strong><\/p>\n<p><a href=\"https:\/\/www.rarom.ro\/wp-content\/uploads\/2020\/02\/Test-moto-mare.jpg\"><img loading=\"lazy\" decoding=\"async\" class=\"size-full wp-image-9071 aligncenter\" src=\"https:\/\/www.rarom.ro\/wp-content\/uploads\/2020\/02\/Test-moto-mare.jpg\" alt=\"\" width=\"730\" height=\"450\" srcset=\"https:\/\/www.rarom.ro\/wp-content\/uploads\/2020\/02\/Test-moto-mare.jpg 730w, https:\/\/www.rarom.ro\/wp-content\/uploads\/2020\/02\/Test-moto-mare-300x185.jpg 300w\" sizes=\"auto, (max-width: 730px) 100vw, 730px\" \/><\/a><\/p>\n<p style=\"text-align: justify;\"><a href=\"https:\/\/www.rarom.ro\/wp-content\/uploads\/2020\/02\/Test-moto-pagini.jpg\"><img loading=\"lazy\" decoding=\"async\" class=\"alignleft size-full wp-image-9073\" src=\"https:\/\/www.rarom.ro\/wp-content\/uploads\/2020\/02\/Test-moto-pagini.jpg\" alt=\"\" width=\"250\" height=\"165\" \/><\/a>Ro\u0163i de 17\u201d pe fa\u0163\u0103 \u015fi 15\u201d pe spate, anvelope tubeless de 120 pe fa\u0163\u0103 \u015fi 160 pe spate, o transmisie secven\u0163ial\u0103 cu dublu ambreiaj, \u0219a super lat\u0103, un sound profund, p\u0103trunz\u0103tor \u015fi un motor de 745 cmc foarte muncitor fac din Honda X-ADV o prezen\u0163\u0103 exotic\u0103, ergonomic\u0103 \u015fi practic\u0103. \u00centr-un cuv\u00e2nt, deosebit\u0103. [&#8230;]<\/p>\n","protected":false},"excerpt":{"rendered":"<p>Test: Honda X-ADV Ro\u0163i de 17\u201d pe fa\u0163\u0103 \u015fi 15\u201d pe spate, anvelope tubeless de 120 pe fa\u0163\u0103 \u015fi 160 pe spate, o transmisie secven\u0163ial\u0103 cu dublu ambreiaj, \u0219a super lat\u0103, un sound profund, p\u0103trunz\u0103tor \u015fi un motor de 745 cmc foarte muncitor fac din Honda X-ADV o prezen\u0163\u0103 exotic\u0103, ergonomic\u0103 \u015fi practic\u0103. \u00centr-un cuv\u00e2nt, [&hellip;]<\/p>\n","protected":false},"author":3,"featured_media":0,"parent":9022,"menu_order":7,"comment_status":"closed","ping_status":"closed","template":"","meta":{"_acf_changed":false,"footnotes":""},"class_list":["post-9070","page","type-page","status-publish","hentry"],"acf":[],"_links":{"self":[{"href":"https:\/\/www.rarom.ro\/index.php?rest_route=\/wp\/v2\/pages\/9070","targetHints":{"allow":["GET"]}}],"collection":[{"href":"https:\/\/www.rarom.ro\/index.php?rest_route=\/wp\/v2\/pages"}],"about":[{"href":"https:\/\/www.rarom.ro\/index.php?rest_route=\/wp\/v2\/types\/page"}],"author":[{"embeddable":true,"href":"https:\/\/www.rarom.ro\/index.php?rest_route=\/wp\/v2\/users\/3"}],"replies":[{"embeddable":true,"href":"https:\/\/www.rarom.ro\/index.php?rest_route=%2Fwp%2Fv2%2Fcomments&post=9070"}],"version-history":[{"count":1,"href":"https:\/\/www.rarom.ro\/index.php?rest_route=\/wp\/v2\/pages\/9070\/revisions"}],"predecessor-version":[{"id":9075,"href":"https:\/\/www.rarom.ro\/index.php?rest_route=\/wp\/v2\/pages\/9070\/revisions\/9075"}],"up":[{"embeddable":true,"href":"https:\/\/www.rarom.ro\/index.php?rest_route=\/wp\/v2\/pages\/9022"}],"wp:attachment":[{"href":"https:\/\/www.rarom.ro\/index.php?rest_route=%2Fwp%2Fv2%2Fmedia&parent=9070"}],"curies":[{"name":"wp","href":"https:\/\/api.w.org\/{rel}","templated":true}]}}