{"id":9063,"date":"2020-02-05T11:28:37","date_gmt":"2020-02-05T09:28:37","guid":{"rendered":"https:\/\/www.rarom.ro\/?page_id=9063"},"modified":"2020-02-05T15:30:55","modified_gmt":"2020-02-05T13:30:55","slug":"opel-corsa","status":"publish","type":"page","link":"https:\/\/www.rarom.ro\/?page_id=9063","title":{"rendered":"Opel Corsa"},"content":{"rendered":"<p><strong>Test: Opel Corsa<\/strong><\/p>\n<p><a href=\"https:\/\/www.rarom.ro\/wp-content\/uploads\/2020\/02\/Test-Opel-mare.jpg\"><img loading=\"lazy\" decoding=\"async\" class=\"size-full wp-image-9064 aligncenter\" src=\"https:\/\/www.rarom.ro\/wp-content\/uploads\/2020\/02\/Test-Opel-mare.jpg\" alt=\"\" width=\"730\" height=\"450\" srcset=\"https:\/\/www.rarom.ro\/wp-content\/uploads\/2020\/02\/Test-Opel-mare.jpg 730w, https:\/\/www.rarom.ro\/wp-content\/uploads\/2020\/02\/Test-Opel-mare-300x185.jpg 300w\" sizes=\"auto, (max-width: 730px) 100vw, 730px\" \/><\/a><\/p>\n<p><a href=\"https:\/\/www.rarom.ro\/wp-content\/uploads\/2020\/02\/Test-Opel-pagini.jpg\"><img loading=\"lazy\" decoding=\"async\" class=\"alignleft size-full wp-image-9066\" src=\"https:\/\/www.rarom.ro\/wp-content\/uploads\/2020\/02\/Test-Opel-pagini.jpg\" alt=\"\" width=\"250\" height=\"165\" \/><\/a>Opel a lansat oficial a \u0219asea genera\u021bie a modelului de clas\u0103 mic\u0103. Corsa este un juc\u0103tor extrem de important \u00een Europa, iar noul model este primul dezvoltat \u00eempreun\u0103 cu francezii de la PSA. [&#8230;]<\/p>\n","protected":false},"excerpt":{"rendered":"<p>Test: Opel Corsa Opel a lansat oficial a \u0219asea genera\u021bie a modelului de clas\u0103 mic\u0103. Corsa este un juc\u0103tor extrem de important \u00een Europa, iar noul model este primul dezvoltat \u00eempreun\u0103 cu francezii de la PSA. [&#8230;]<\/p>\n","protected":false},"author":3,"featured_media":0,"parent":9022,"menu_order":6,"comment_status":"closed","ping_status":"closed","template":"","meta":{"_acf_changed":false,"footnotes":""},"class_list":["post-9063","page","type-page","status-publish","hentry"],"acf":[],"_links":{"self":[{"href":"https:\/\/www.rarom.ro\/index.php?rest_route=\/wp\/v2\/pages\/9063","targetHints":{"allow":["GET"]}}],"collection":[{"href":"https:\/\/www.rarom.ro\/index.php?rest_route=\/wp\/v2\/pages"}],"about":[{"href":"https:\/\/www.rarom.ro\/index.php?rest_route=\/wp\/v2\/types\/page"}],"author":[{"embeddable":true,"href":"https:\/\/www.rarom.ro\/index.php?rest_route=\/wp\/v2\/users\/3"}],"replies":[{"embeddable":true,"href":"https:\/\/www.rarom.ro\/index.php?rest_route=%2Fwp%2Fv2%2Fcomments&post=9063"}],"version-history":[{"count":2,"href":"https:\/\/www.rarom.ro\/index.php?rest_route=\/wp\/v2\/pages\/9063\/revisions"}],"predecessor-version":[{"id":9069,"href":"https:\/\/www.rarom.ro\/index.php?rest_route=\/wp\/v2\/pages\/9063\/revisions\/9069"}],"up":[{"embeddable":true,"href":"https:\/\/www.rarom.ro\/index.php?rest_route=\/wp\/v2\/pages\/9022"}],"wp:attachment":[{"href":"https:\/\/www.rarom.ro\/index.php?rest_route=%2Fwp%2Fv2%2Fmedia&parent=9063"}],"curies":[{"name":"wp","href":"https:\/\/api.w.org\/{rel}","templated":true}]}}