{"id":9056,"date":"2020-02-05T11:26:24","date_gmt":"2020-02-05T09:26:24","guid":{"rendered":"https:\/\/www.rarom.ro\/?page_id=9056"},"modified":"2020-02-05T15:30:26","modified_gmt":"2020-02-05T13:30:26","slug":"renault-megane","status":"publish","type":"page","link":"https:\/\/www.rarom.ro\/?page_id=9056","title":{"rendered":"Renault Megane"},"content":{"rendered":"<p><strong>Test: Renault Megane<\/strong><\/p>\n<p><a href=\"https:\/\/www.rarom.ro\/wp-content\/uploads\/2020\/02\/Test-Megane-mare.jpg\"><img loading=\"lazy\" decoding=\"async\" class=\"size-full wp-image-9057 aligncenter\" src=\"https:\/\/www.rarom.ro\/wp-content\/uploads\/2020\/02\/Test-Megane-mare.jpg\" alt=\"\" width=\"730\" height=\"450\" srcset=\"https:\/\/www.rarom.ro\/wp-content\/uploads\/2020\/02\/Test-Megane-mare.jpg 730w, https:\/\/www.rarom.ro\/wp-content\/uploads\/2020\/02\/Test-Megane-mare-300x185.jpg 300w\" sizes=\"auto, (max-width: 730px) 100vw, 730px\" \/><\/a><\/p>\n<p style=\"text-align: justify;\"><a href=\"https:\/\/www.rarom.ro\/wp-content\/uploads\/2020\/02\/Test-Megane-pagini.jpg\"><img loading=\"lazy\" decoding=\"async\" class=\"alignleft size-full wp-image-9059\" src=\"https:\/\/www.rarom.ro\/wp-content\/uploads\/2020\/02\/Test-Megane-pagini.jpg\" alt=\"\" width=\"250\" height=\"165\" \/><\/a>Dieselul este h\u0103ituit mai peste tot \u00een Europa. Restric\u0163iile de circula\u0163ie sau previziunile sumbre legate de produc\u0163ia viitoare de astfel de motoare i-au \u015fubre\u00adzit faima de care se bucura odinioar\u0103. Cu toate astea, de\u0163ine \u00een continuare ni\u015fte atu-uri care \u00eel fac dezirabil pentru cei care vor s\u0103 mearg\u0103 \u0219i s\u0103 care mult cu pu\u0163in. [&#8230;]<\/p>\n","protected":false},"excerpt":{"rendered":"<p>Test: Renault Megane Dieselul este h\u0103ituit mai peste tot \u00een Europa. Restric\u0163iile de circula\u0163ie sau previziunile sumbre legate de produc\u0163ia viitoare de astfel de motoare i-au \u015fubre\u00adzit faima de care se bucura odinioar\u0103. Cu toate astea, de\u0163ine \u00een continuare ni\u015fte atu-uri care \u00eel fac dezirabil pentru cei care vor s\u0103 mearg\u0103 \u0219i s\u0103 care mult [&hellip;]<\/p>\n","protected":false},"author":3,"featured_media":0,"parent":9022,"menu_order":5,"comment_status":"closed","ping_status":"closed","template":"","meta":{"_acf_changed":false,"footnotes":""},"class_list":["post-9056","page","type-page","status-publish","hentry"],"acf":[],"_links":{"self":[{"href":"https:\/\/www.rarom.ro\/index.php?rest_route=\/wp\/v2\/pages\/9056","targetHints":{"allow":["GET"]}}],"collection":[{"href":"https:\/\/www.rarom.ro\/index.php?rest_route=\/wp\/v2\/pages"}],"about":[{"href":"https:\/\/www.rarom.ro\/index.php?rest_route=\/wp\/v2\/types\/page"}],"author":[{"embeddable":true,"href":"https:\/\/www.rarom.ro\/index.php?rest_route=\/wp\/v2\/users\/3"}],"replies":[{"embeddable":true,"href":"https:\/\/www.rarom.ro\/index.php?rest_route=%2Fwp%2Fv2%2Fcomments&post=9056"}],"version-history":[{"count":2,"href":"https:\/\/www.rarom.ro\/index.php?rest_route=\/wp\/v2\/pages\/9056\/revisions"}],"predecessor-version":[{"id":9062,"href":"https:\/\/www.rarom.ro\/index.php?rest_route=\/wp\/v2\/pages\/9056\/revisions\/9062"}],"up":[{"embeddable":true,"href":"https:\/\/www.rarom.ro\/index.php?rest_route=\/wp\/v2\/pages\/9022"}],"wp:attachment":[{"href":"https:\/\/www.rarom.ro\/index.php?rest_route=%2Fwp%2Fv2%2Fmedia&parent=9056"}],"curies":[{"name":"wp","href":"https:\/\/api.w.org\/{rel}","templated":true}]}}