{"id":9035,"date":"2020-02-05T10:50:40","date_gmt":"2020-02-05T08:50:40","guid":{"rendered":"https:\/\/www.rarom.ro\/?page_id=9035"},"modified":"2020-02-05T15:29:34","modified_gmt":"2020-02-05T13:29:34","slug":"renault-clio","status":"publish","type":"page","link":"https:\/\/www.rarom.ro\/?page_id=9035","title":{"rendered":"Renault Clio"},"content":{"rendered":"<p><strong>Test: Renault Clio<\/strong><\/p>\n<p><a href=\"https:\/\/www.rarom.ro\/wp-content\/uploads\/2020\/02\/Test-Renault-mare.jpg\"><img loading=\"lazy\" decoding=\"async\" class=\"size-full wp-image-9036 aligncenter\" src=\"https:\/\/www.rarom.ro\/wp-content\/uploads\/2020\/02\/Test-Renault-mare.jpg\" alt=\"\" width=\"730\" height=\"450\" srcset=\"https:\/\/www.rarom.ro\/wp-content\/uploads\/2020\/02\/Test-Renault-mare.jpg 730w, https:\/\/www.rarom.ro\/wp-content\/uploads\/2020\/02\/Test-Renault-mare-300x185.jpg 300w\" sizes=\"auto, (max-width: 730px) 100vw, 730px\" \/><\/a><\/p>\n<p style=\"text-align: justify;\"><a href=\"https:\/\/www.rarom.ro\/wp-content\/uploads\/2020\/02\/Test-Renault-pagini.jpg\"><img loading=\"lazy\" decoding=\"async\" class=\"alignleft size-full wp-image-9038\" src=\"https:\/\/www.rarom.ro\/wp-content\/uploads\/2020\/02\/Test-Renault-pagini.jpg\" alt=\"\" width=\"250\" height=\"165\" \/><\/a>Lansat\u0103 la finele anului trecut, a cincea genera\u0163ie Clio trebuie s\u0103 apere un statut c\u00e2\u015ftigat \u00een trei decenii. Nu numai c\u0103 are de continuat cariera predecesorilor s\u0103i, v\u00e2ndu\u0163i \u00een peste 15 milioane de exemplare, dar trebuie s\u0103-\u015fi conserve \u015fi pozi\u0163ia de cel mai bine v\u00e2ndut model din gama Renault. [&#8230;]<\/p>\n","protected":false},"excerpt":{"rendered":"<p>Test: Renault Clio Lansat\u0103 la finele anului trecut, a cincea genera\u0163ie Clio trebuie s\u0103 apere un statut c\u00e2\u015ftigat \u00een trei decenii. Nu numai c\u0103 are de continuat cariera predecesorilor s\u0103i, v\u00e2ndu\u0163i \u00een peste 15 milioane de exemplare, dar trebuie s\u0103-\u015fi conserve \u015fi pozi\u0163ia de cel mai bine v\u00e2ndut model din gama Renault. [&#8230;]<\/p>\n","protected":false},"author":3,"featured_media":0,"parent":9022,"menu_order":2,"comment_status":"closed","ping_status":"closed","template":"","meta":{"_acf_changed":false,"footnotes":""},"class_list":["post-9035","page","type-page","status-publish","hentry"],"acf":[],"_links":{"self":[{"href":"https:\/\/www.rarom.ro\/index.php?rest_route=\/wp\/v2\/pages\/9035","targetHints":{"allow":["GET"]}}],"collection":[{"href":"https:\/\/www.rarom.ro\/index.php?rest_route=\/wp\/v2\/pages"}],"about":[{"href":"https:\/\/www.rarom.ro\/index.php?rest_route=\/wp\/v2\/types\/page"}],"author":[{"embeddable":true,"href":"https:\/\/www.rarom.ro\/index.php?rest_route=\/wp\/v2\/users\/3"}],"replies":[{"embeddable":true,"href":"https:\/\/www.rarom.ro\/index.php?rest_route=%2Fwp%2Fv2%2Fcomments&post=9035"}],"version-history":[{"count":1,"href":"https:\/\/www.rarom.ro\/index.php?rest_route=\/wp\/v2\/pages\/9035\/revisions"}],"predecessor-version":[{"id":9040,"href":"https:\/\/www.rarom.ro\/index.php?rest_route=\/wp\/v2\/pages\/9035\/revisions\/9040"}],"up":[{"embeddable":true,"href":"https:\/\/www.rarom.ro\/index.php?rest_route=\/wp\/v2\/pages\/9022"}],"wp:attachment":[{"href":"https:\/\/www.rarom.ro\/index.php?rest_route=%2Fwp%2Fv2%2Fmedia&parent=9035"}],"curies":[{"name":"wp","href":"https:\/\/api.w.org\/{rel}","templated":true}]}}