{"id":891,"date":"2007-07-06T11:14:14","date_gmt":"2007-07-06T11:14:14","guid":{"rendered":"https:\/\/www.rarom.ro\/ateliere-care-monteazareparaverifica-gpl\/"},"modified":"2025-01-30T15:45:46","modified_gmt":"2025-01-30T13:45:46","slug":"ateliere-care-monteazareparaverifica-gpl","status":"publish","type":"page","link":"https:\/\/www.rarom.ro\/?page_id=891","title":{"rendered":"Ateliere care monteaz\u0103\/repar\u0103\/efectueaz\u0103 revizia tehnic\u0103 a instala\u0163iilor GPL \u015fi\/sau GNC"},"content":{"rendered":"\n<p>Pentru<strong>&nbsp;\u201eAteliere care monteaz\u0103\/repar\u0103\/efectueaz\u0103 revizia tehnic\u0103 a instala\u0163iilor GPL \u015fi\/sau GNC\u201d&nbsp;<\/strong>ap\u0103sa\u0163i&nbsp;<a href=\"https:\/\/portal.rarom.ro\/rar-public\/registry-search?section=GPL\" target=\"_blank\" rel=\"noreferrer noopener\">aici<\/a>.<\/p>\n\n\n\n<div style=\"height:100px\" aria-hidden=\"true\" class=\"wp-block-spacer\"><\/div>\n\n\n\n<hr>\n\n\n\n<p><strong>O.C.S. Certificare \/ \u00cenregistrare \u015fi Autorizare<\/strong><\/p>\n\n\n\n<hr>\n\n\n\n<div style=\"height:20px\" aria-hidden=\"true\" class=\"wp-block-spacer\"><\/div>\n\n\n\n<div class=\"wp-block-group\"><div class=\"wp-block-group__inner-container is-layout-constrained wp-block-group-is-layout-constrained\">\n<div class=\"wp-block-columns is-layout-flex wp-container-core-columns-is-layout-9d6595d7 wp-block-columns-is-layout-flex\">\n<div class=\"wp-block-column is-layout-flow wp-block-column-is-layout-flow\" style=\"flex-basis:33.33%\"><div class=\"wp-block-image is-style-rounded\">\n<figure class=\"aligncenter size-full\"><a href=\"https:\/\/www.rarom.ro\/wp-content\/uploads\/2023\/07\/OCS-MarianBurcea.png\"><img loading=\"lazy\" decoding=\"async\" width=\"150\" height=\"150\" src=\"https:\/\/www.rarom.ro\/wp-content\/uploads\/2023\/07\/OCS-MarianBurcea.png\" alt=\"\" class=\"wp-image-294111\" srcset=\"https:\/\/www.rarom.ro\/wp-content\/uploads\/2023\/07\/OCS-MarianBurcea.png 150w, https:\/\/www.rarom.ro\/wp-content\/uploads\/2023\/07\/OCS-MarianBurcea-85x85.png 85w, https:\/\/www.rarom.ro\/wp-content\/uploads\/2023\/07\/OCS-MarianBurcea-60x60.png 60w, https:\/\/www.rarom.ro\/wp-content\/uploads\/2023\/07\/OCS-MarianBurcea-16x16.png 16w\" sizes=\"auto, (max-width: 150px) 100vw, 150px\" \/><\/a><\/figure><\/div>\n\n\n<div style=\"height:20px\" aria-hidden=\"true\" class=\"wp-block-spacer\"><\/div>\n\n\n\n<p class=\"has-text-align-center\"><strong><strong>Ing. Marian BURCEA<\/strong><\/strong><br><em><em>Director RAR-OCS<\/em><\/em><\/p>\n<\/div>\n\n\n\n<div class=\"wp-block-column is-layout-flow wp-block-column-is-layout-flow\" style=\"flex-basis:66.66%\">\n<p><strong>Adresa:<\/strong> Bulevardul Expozi\u021biei nr. 1K, Bucure\u0219ti \u2013 012101, sector 1<\/p>\n\n\n\n<hr>\n\n\n\n<p>Tel.: 0314.25.76.09<br>E-mail: <a href=\"mailto:ocs@rarom.ro\">ocs@rarom.ro<\/a><\/p>\n\n\n\n<hr>\n\n\n\n<p><strong>Ing. Adrian CROITORU<br><\/strong><em>\u0218ef Departament GPL<\/em><\/p>\n<\/div>\n<\/div>\n<\/div><\/div>\n\n\n\n<p><\/p>\n","protected":false},"excerpt":{"rendered":"<p>Pentru&nbsp;\u201eAteliere care monteaz\u0103\/repar\u0103\/efectueaz\u0103 revizia tehnic\u0103 a instala\u0163iilor GPL \u015fi\/sau GNC\u201d&nbsp;ap\u0103sa\u0163i&nbsp;aici. O.C.S. Certificare \/ \u00cenregistrare \u015fi Autorizare Ing. Marian BURCEADirector RAR-OCS Adresa: Bulevardul Expozi\u021biei nr. 1K, Bucure\u0219ti \u2013 012101, sector 1 Tel.: 0314.25.76.09E-mail: ocs@rarom.ro Ing. Adrian CROITORU\u0218ef Departament GPL<\/p>\n","protected":false},"author":1,"featured_media":0,"parent":872,"menu_order":75,"comment_status":"closed","ping_status":"closed","template":"","meta":{"_acf_changed":false,"footnotes":""},"class_list":["post-891","page","type-page","status-publish","hentry"],"acf":[],"_links":{"self":[{"href":"https:\/\/www.rarom.ro\/index.php?rest_route=\/wp\/v2\/pages\/891","targetHints":{"allow":["GET"]}}],"collection":[{"href":"https:\/\/www.rarom.ro\/index.php?rest_route=\/wp\/v2\/pages"}],"about":[{"href":"https:\/\/www.rarom.ro\/index.php?rest_route=\/wp\/v2\/types\/page"}],"author":[{"embeddable":true,"href":"https:\/\/www.rarom.ro\/index.php?rest_route=\/wp\/v2\/users\/1"}],"replies":[{"embeddable":true,"href":"https:\/\/www.rarom.ro\/index.php?rest_route=%2Fwp%2Fv2%2Fcomments&post=891"}],"version-history":[{"count":16,"href":"https:\/\/www.rarom.ro\/index.php?rest_route=\/wp\/v2\/pages\/891\/revisions"}],"predecessor-version":[{"id":298846,"href":"https:\/\/www.rarom.ro\/index.php?rest_route=\/wp\/v2\/pages\/891\/revisions\/298846"}],"up":[{"embeddable":true,"href":"https:\/\/www.rarom.ro\/index.php?rest_route=\/wp\/v2\/pages\/872"}],"wp:attachment":[{"href":"https:\/\/www.rarom.ro\/index.php?rest_route=%2Fwp%2Fv2%2Fmedia&parent=891"}],"curies":[{"name":"wp","href":"https:\/\/api.w.org\/{rel}","templated":true}]}}