{"id":887,"date":"2007-07-20T14:03:20","date_gmt":"2007-07-20T14:03:20","guid":{"rendered":"https:\/\/www.rarom.ro\/lista-organizatiilor-certificate\/"},"modified":"2020-01-22T11:49:43","modified_gmt":"2020-01-22T09:49:43","slug":"lista-organizatiilor-certificate","status":"publish","type":"page","link":"https:\/\/www.rarom.ro\/?page_id=887","title":{"rendered":"Lista organiza\u0163iilor certificate"},"content":{"rendered":"<p>Pentru <em><strong>&#8222;Lista organiza\u0163iilor certificate&#8221;<\/strong><\/em> ap\u0103sa\u0163i <a href=\"cs-uploads\/organizatii.pdf\" target=\"_blank\" rel=\"noopener noreferrer\">aici<\/a>.<\/p>\n","protected":false},"excerpt":{"rendered":"<p>Pentru &#8222;Lista organiza\u0163iilor certificate&#8221; ap\u0103sa\u0163i aici.<\/p>\n","protected":false},"author":1,"featured_media":0,"parent":872,"menu_order":35,"comment_status":"closed","ping_status":"closed","template":"","meta":{"_acf_changed":false,"footnotes":""},"class_list":["post-887","page","type-page","status-publish","hentry"],"acf":[],"_links":{"self":[{"href":"https:\/\/www.rarom.ro\/index.php?rest_route=\/wp\/v2\/pages\/887","targetHints":{"allow":["GET"]}}],"collection":[{"href":"https:\/\/www.rarom.ro\/index.php?rest_route=\/wp\/v2\/pages"}],"about":[{"href":"https:\/\/www.rarom.ro\/index.php?rest_route=\/wp\/v2\/types\/page"}],"author":[{"embeddable":true,"href":"https:\/\/www.rarom.ro\/index.php?rest_route=\/wp\/v2\/users\/1"}],"replies":[{"embeddable":true,"href":"https:\/\/www.rarom.ro\/index.php?rest_route=%2Fwp%2Fv2%2Fcomments&post=887"}],"version-history":[{"count":4,"href":"https:\/\/www.rarom.ro\/index.php?rest_route=\/wp\/v2\/pages\/887\/revisions"}],"predecessor-version":[{"id":8552,"href":"https:\/\/www.rarom.ro\/index.php?rest_route=\/wp\/v2\/pages\/887\/revisions\/8552"}],"up":[{"embeddable":true,"href":"https:\/\/www.rarom.ro\/index.php?rest_route=\/wp\/v2\/pages\/872"}],"wp:attachment":[{"href":"https:\/\/www.rarom.ro\/index.php?rest_route=%2Fwp%2Fv2%2Fmedia&parent=887"}],"curies":[{"name":"wp","href":"https:\/\/api.w.org\/{rel}","templated":true}]}}