{"id":886,"date":"2007-06-19T10:32:00","date_gmt":"2007-06-19T10:32:00","guid":{"rendered":"https:\/\/www.rarom.ro\/autorizarea-atelierelor-care-monteaza-repara-si-verifica-tahografe-si-limitatoare-de-viteza-si-costuri\/"},"modified":"2025-07-18T12:44:04","modified_gmt":"2025-07-18T09:44:04","slug":"autorizarea-atelierelor-care-monteaza-repara-si-verifica-tahografe-si-limitatoare-de-viteza-si-costuri","status":"publish","type":"page","link":"https:\/\/www.rarom.ro\/?page_id=886","title":{"rendered":"Autorizarea operatorilor economici care desf\u0103\u0219oar\u0103 activit\u0103\u021bi de instalare, reparare sau inspec\u021bie a tahografelor \u0219i\/sau limitatoarelor de vitez\u0103"},"content":{"rendered":"\n<p>Solicitan\u021bii de autorizare trebuie s\u0103 depun\u0103 urm\u0103toarele&nbsp;<strong><a href=\"https:\/\/www.rarom.ro\/?page_id=746\">documente<\/a><\/strong>&nbsp;\u00een vederea autoriz\u0103rii.<\/p>\n\n\n\n<p>Documentele se pot depune la adresa&nbsp;<a href=\"mailto:ocs@rarom.ro\" target=\"_blank\" rel=\"noopener noreferrer\">ocs@rarom.ro<\/a>&nbsp;sau la sediul RAR din jude\u021bul \u00een care se afl\u0103 punctul de lucru pentru care se solicit\u0103 autorizarea. Pentru Bucure\u0219ti \u0219i jude\u021bul Ilfov, documentele se pot depune la sediul RAR-OCS.<\/p>\n\n\n\n<p>Dac\u0103 documentele sunt complete \u0219i corect completate se atribuie cod de dosar \u0219i se \u00eentocme\u0219te contractul de autorizare \u0219i supraveghere tehnic\u0103.<\/p>\n\n\n\n<p><a href=\"https:\/\/www.rarom.ro\/cs-uploads\/Tarife_TLV.pdf\" target=\"_blank\" rel=\"noopener noreferrer\"><strong>Costuri pentru autorizare<\/strong><\/a><\/p>\n\n\n\n<p>Se va efectua un audit de evaluare a capabilit\u0103\u021bii tehnice la punctul de lucru pentru care se solicit\u0103 autorizarea, \u00een care se va verifica conformitatea cu reglement\u0103rile\u00a0<strong>RNTR 8<\/strong>.<\/p>\n\n\n\n<p>\u00cen baza concluziilor raportului de audit se poate acorda autorizarea \u0219i operatorul economic autorizat se va include pe&nbsp;<a href=\"https:\/\/www.rarom.ro\/?page_id=892\">Lista operatorilor economici care desf\u0103\u0219oar\u0103 activit\u0103\u021bi de instalare, reparare sau inspec\u021bie a tahografelor \u0219i\/sau limitatoarelor de vitez\u0103<\/a>&nbsp;publicat\u0103 pe site-ul RAR&nbsp;<a href=\"https:\/\/www.rarom.ro\">www.rarom.ro<\/a>.<\/p>\n\n\n\n<p><\/p>\n\n\n\n<div style=\"height:20px\" aria-hidden=\"true\" class=\"wp-block-spacer\"><\/div>\n\n\n\n<hr>\n\n\n\n<p><strong>O.C.S. Certificare \/ \u00cenregistrare \u015fi Autorizare<\/strong><\/p>\n\n\n\n<hr>\n\n\n\n<div style=\"height:20px\" aria-hidden=\"true\" class=\"wp-block-spacer\"><\/div>\n\n\n\n<div class=\"wp-block-group\"><div class=\"wp-block-group__inner-container is-layout-constrained wp-block-group-is-layout-constrained\">\n<div class=\"wp-block-columns is-layout-flex wp-container-core-columns-is-layout-9d6595d7 wp-block-columns-is-layout-flex\">\n<div class=\"wp-block-column is-layout-flow wp-block-column-is-layout-flow\" style=\"flex-basis:33.33%\"><div class=\"wp-block-image is-style-rounded\">\n<figure class=\"aligncenter size-full\"><a href=\"https:\/\/www.rarom.ro\/wp-content\/uploads\/2023\/07\/OCS-MarianBurcea.png\"><img loading=\"lazy\" decoding=\"async\" width=\"150\" height=\"150\" src=\"https:\/\/www.rarom.ro\/wp-content\/uploads\/2023\/07\/OCS-MarianBurcea.png\" alt=\"\" class=\"wp-image-294111\" srcset=\"https:\/\/www.rarom.ro\/wp-content\/uploads\/2023\/07\/OCS-MarianBurcea.png 150w, https:\/\/www.rarom.ro\/wp-content\/uploads\/2023\/07\/OCS-MarianBurcea-85x85.png 85w, https:\/\/www.rarom.ro\/wp-content\/uploads\/2023\/07\/OCS-MarianBurcea-60x60.png 60w, https:\/\/www.rarom.ro\/wp-content\/uploads\/2023\/07\/OCS-MarianBurcea-16x16.png 16w\" sizes=\"auto, (max-width: 150px) 100vw, 150px\" \/><\/a><\/figure><\/div>\n\n\n<div style=\"height:20px\" aria-hidden=\"true\" class=\"wp-block-spacer\"><\/div>\n\n\n\n<p class=\"has-text-align-center\"><strong><strong>Ing. Marian BURCEA<\/strong><\/strong><br><em><em>Director RAR-OCS<\/em><\/em><\/p>\n<\/div>\n\n\n\n<div class=\"wp-block-column is-layout-flow wp-block-column-is-layout-flow\" style=\"flex-basis:66.66%\">\n<p><strong>Adresa:<\/strong> Bulevardul Expozi\u021biei nr. 1K, Bucure\u0219ti \u2013 012101, sector 1<\/p>\n\n\n\n<hr>\n\n\n\n<p>Tel.: 0314.25.76.99<br>E-mail: <a href=\"mailto:ocs@rarom.ro\">ocs@rarom.ro<\/a><\/p>\n\n\n\n<hr>\n\n\n\n<p><strong>Ing. Ruxandra P\u0102TRA\u0218CU ARABAGIAN<\/strong><br><em>\u0218ef Departament TLV<\/em><\/p>\n<\/div>\n<\/div>\n<\/div><\/div>\n\n\n\n<p><\/p>\n","protected":false},"excerpt":{"rendered":"<p>Solicitan\u021bii de autorizare trebuie s\u0103 depun\u0103 urm\u0103toarele&nbsp;documente&nbsp;\u00een vederea autoriz\u0103rii. Documentele se pot depune la adresa&nbsp;ocs@rarom.ro&nbsp;sau la sediul RAR din jude\u021bul \u00een care se afl\u0103 punctul de lucru pentru care se solicit\u0103 autorizarea. Pentru Bucure\u0219ti \u0219i jude\u021bul Ilfov, documentele se pot depune la sediul RAR-OCS. Dac\u0103 documentele sunt complete \u0219i corect completate se atribuie cod de [&hellip;]<\/p>\n","protected":false},"author":1,"featured_media":0,"parent":872,"menu_order":20,"comment_status":"closed","ping_status":"closed","template":"","meta":{"_acf_changed":false,"footnotes":""},"class_list":["post-886","page","type-page","status-publish","hentry"],"acf":[],"_links":{"self":[{"href":"https:\/\/www.rarom.ro\/index.php?rest_route=\/wp\/v2\/pages\/886","targetHints":{"allow":["GET"]}}],"collection":[{"href":"https:\/\/www.rarom.ro\/index.php?rest_route=\/wp\/v2\/pages"}],"about":[{"href":"https:\/\/www.rarom.ro\/index.php?rest_route=\/wp\/v2\/types\/page"}],"author":[{"embeddable":true,"href":"https:\/\/www.rarom.ro\/index.php?rest_route=\/wp\/v2\/users\/1"}],"replies":[{"embeddable":true,"href":"https:\/\/www.rarom.ro\/index.php?rest_route=%2Fwp%2Fv2%2Fcomments&post=886"}],"version-history":[{"count":20,"href":"https:\/\/www.rarom.ro\/index.php?rest_route=\/wp\/v2\/pages\/886\/revisions"}],"predecessor-version":[{"id":300745,"href":"https:\/\/www.rarom.ro\/index.php?rest_route=\/wp\/v2\/pages\/886\/revisions\/300745"}],"up":[{"embeddable":true,"href":"https:\/\/www.rarom.ro\/index.php?rest_route=\/wp\/v2\/pages\/872"}],"wp:attachment":[{"href":"https:\/\/www.rarom.ro\/index.php?rest_route=%2Fwp%2Fv2%2Fmedia&parent=886"}],"curies":[{"name":"wp","href":"https:\/\/api.w.org\/{rel}","templated":true}]}}