{"id":885,"date":"2007-06-19T10:30:29","date_gmt":"2007-06-19T10:30:29","guid":{"rendered":"https:\/\/www.rarom.ro\/autorizarea-statiilor-de-inspectie-tehnica-periodica-sitp\/"},"modified":"2025-01-30T14:50:10","modified_gmt":"2025-01-30T12:50:10","slug":"autorizarea-statiilor-de-inspectie-tehnica-periodica-sitp","status":"publish","type":"page","link":"https:\/\/www.rarom.ro\/?page_id=885","title":{"rendered":"Autorizarea sta\u0163iilor de inspec\u0163ie tehnic\u0103 periodic\u0103 (SITP)"},"content":{"rendered":"\n<p>Inspec\u0163ia tehnic\u0103 periodic\u0103 a vehiculelor rutiere se poate desf\u0103\u015fura numai de c\u0103tre agen\u0163i economici care au capabilitatea tehnic\u0103 adecvat\u0103 \u015fi care, \u00een urma unei evalu\u0103ri, sunt autoriza\u0163i de c\u0103tre Registrul Auto Rom\u00e2n, organismul tehnic desemnat \u00een acest sens de Ministerul Transporturilor.<\/p>\n\n\n\n<p>Inspec\u0163iile tehnice se efectueaz\u0103 de c\u0103tre persoanele juridice, \u00een sta\u0163ii de inspec\u0163ie tehnic\u0103 autorizate de\u0163inute de acestea, sub marca Registrului Auto Rom\u00e2n, pe baza unui contract de franciz\u0103 \u00eencheiat cu acesta. Aparatura cu care este dotat\u0103 sta\u0163ia de inspec\u0163ie tehnic\u0103 trebuie s\u0103 aib\u0103 performan\u0163ele cerute de <a href=\"https:\/\/www.rarom.ro\/cs-uploads\/RNTR%201.pdf\" target=\"_blank\" rel=\"noopener noreferrer\"><strong>RNTR-1<\/strong><\/a>. Inspec\u0163ia tehnic\u0103 se efectueaz\u0103 de c\u0103tre inspectori instrui\u0163i \u015fi atesta\u0163i de c\u0103tre Registrul Auto Rom\u00e2n.<\/p>\n\n\n\n<p><a href=\"https:\/\/www.rarom.ro\/?page_id=748\"><strong>Documente necesare pentru autorizare\/ reautorizare<\/strong><\/a><\/p>\n\n\n<div class=\"wp-block-image\">\n<figure class=\"aligncenter\"><img decoding=\"async\" src=\"\/cs-photos\/sitp.gif\" alt=\"\"\/><\/figure><\/div>\n\n\n<p><\/p>\n\n\n\n<p>Dosarul de autorizare va con\u0163ine toate documentele men\u0163ionate \u00een cererea de autorizare \u015fi \u00een chestionarul de autoevaluare.<\/p>\n\n\n\n<div style=\"height:20px\" aria-hidden=\"true\" class=\"wp-block-spacer\"><\/div>\n\n\n\n<hr>\n\n\n\n<p><strong>O.C.S. Certificare \/ \u00cenregistrare \u015fi Autorizare<\/strong><\/p>\n\n\n\n<hr>\n\n\n\n<div style=\"height:20px\" aria-hidden=\"true\" class=\"wp-block-spacer\"><\/div>\n\n\n\n<div class=\"wp-block-group\"><div class=\"wp-block-group__inner-container is-layout-constrained wp-block-group-is-layout-constrained\">\n<div class=\"wp-block-columns is-layout-flex wp-container-core-columns-is-layout-9d6595d7 wp-block-columns-is-layout-flex\">\n<div class=\"wp-block-column is-layout-flow wp-block-column-is-layout-flow\" style=\"flex-basis:33.33%\"><div class=\"wp-block-image is-style-rounded\">\n<figure class=\"aligncenter size-full\"><a href=\"https:\/\/www.rarom.ro\/wp-content\/uploads\/2023\/07\/OCS-MarianBurcea.png\"><img loading=\"lazy\" decoding=\"async\" width=\"150\" height=\"150\" src=\"https:\/\/www.rarom.ro\/wp-content\/uploads\/2023\/07\/OCS-MarianBurcea.png\" alt=\"\" class=\"wp-image-294111\" srcset=\"https:\/\/www.rarom.ro\/wp-content\/uploads\/2023\/07\/OCS-MarianBurcea.png 150w, https:\/\/www.rarom.ro\/wp-content\/uploads\/2023\/07\/OCS-MarianBurcea-85x85.png 85w, https:\/\/www.rarom.ro\/wp-content\/uploads\/2023\/07\/OCS-MarianBurcea-60x60.png 60w, https:\/\/www.rarom.ro\/wp-content\/uploads\/2023\/07\/OCS-MarianBurcea-16x16.png 16w\" sizes=\"auto, (max-width: 150px) 100vw, 150px\" \/><\/a><\/figure><\/div>\n\n\n<div style=\"height:20px\" aria-hidden=\"true\" class=\"wp-block-spacer\"><\/div>\n\n\n\n<p class=\"has-text-align-center\"><strong><strong>Ing. Marian BURCEA<\/strong><\/strong><br><em><em>Director RAR-OCS<\/em><\/em><\/p>\n<\/div>\n\n\n\n<div class=\"wp-block-column is-layout-flow wp-block-column-is-layout-flow\" style=\"flex-basis:66.66%\">\n<p><strong>Adresa:<\/strong> Bulevardul Expozi\u021biei nr. 1K, Bucure\u0219ti \u2013 012101, sector 1<\/p>\n\n\n\n<hr>\n\n\n\n<p>E-mail: <a href=\"mailto:ocs@rarom.ro\">ocs@rarom.ro<\/a><\/p>\n\n\n\n<hr>\n\n\n\n<p><strong>Ing. Adrian \u015eTEF\u0102NESCU<\/strong><strong><br><\/strong><em>\u0218ef Departament ITP<\/em><\/p>\n<\/div>\n<\/div>\n<\/div><\/div>\n\n\n\n<p><\/p>\n","protected":false},"excerpt":{"rendered":"<p>Inspec\u0163ia tehnic\u0103 periodic\u0103 a vehiculelor rutiere se poate desf\u0103\u015fura numai de c\u0103tre agen\u0163i economici care au capabilitatea tehnic\u0103 adecvat\u0103 \u015fi care, \u00een urma unei evalu\u0103ri, sunt autoriza\u0163i de c\u0103tre Registrul Auto Rom\u00e2n, organismul tehnic desemnat \u00een acest sens de Ministerul Transporturilor. Inspec\u0163iile tehnice se efectueaz\u0103 de c\u0103tre persoanele juridice, \u00een sta\u0163ii de inspec\u0163ie tehnic\u0103 autorizate [&hellip;]<\/p>\n","protected":false},"author":1,"featured_media":0,"parent":872,"menu_order":10,"comment_status":"closed","ping_status":"closed","template":"","meta":{"_acf_changed":false,"footnotes":""},"class_list":["post-885","page","type-page","status-publish","hentry"],"acf":[],"_links":{"self":[{"href":"https:\/\/www.rarom.ro\/index.php?rest_route=\/wp\/v2\/pages\/885","targetHints":{"allow":["GET"]}}],"collection":[{"href":"https:\/\/www.rarom.ro\/index.php?rest_route=\/wp\/v2\/pages"}],"about":[{"href":"https:\/\/www.rarom.ro\/index.php?rest_route=\/wp\/v2\/types\/page"}],"author":[{"embeddable":true,"href":"https:\/\/www.rarom.ro\/index.php?rest_route=\/wp\/v2\/users\/1"}],"replies":[{"embeddable":true,"href":"https:\/\/www.rarom.ro\/index.php?rest_route=%2Fwp%2Fv2%2Fcomments&post=885"}],"version-history":[{"count":14,"href":"https:\/\/www.rarom.ro\/index.php?rest_route=\/wp\/v2\/pages\/885\/revisions"}],"predecessor-version":[{"id":298831,"href":"https:\/\/www.rarom.ro\/index.php?rest_route=\/wp\/v2\/pages\/885\/revisions\/298831"}],"up":[{"embeddable":true,"href":"https:\/\/www.rarom.ro\/index.php?rest_route=\/wp\/v2\/pages\/872"}],"wp:attachment":[{"href":"https:\/\/www.rarom.ro\/index.php?rest_route=%2Fwp%2Fv2%2Fmedia&parent=885"}],"curies":[{"name":"wp","href":"https:\/\/api.w.org\/{rel}","templated":true}]}}