{"id":8837,"date":"2019-12-13T12:58:06","date_gmt":"2019-12-13T10:58:06","guid":{"rendered":"https:\/\/www.rarom.ro\/?page_id=8837"},"modified":"2019-12-13T13:37:34","modified_gmt":"2019-12-13T11:37:34","slug":"tehno","status":"publish","type":"page","link":"https:\/\/www.rarom.ro\/?page_id=8837","title":{"rendered":"Tehno"},"content":{"rendered":"<p><strong>Hyundai HDC-6 Neptune<\/strong><\/p>\n<p><a href=\"https:\/\/www.rarom.ro\/wp-content\/uploads\/2019\/12\/Tehno-mare.jpg\"><img loading=\"lazy\" decoding=\"async\" class=\"size-full wp-image-8838 aligncenter\" src=\"https:\/\/www.rarom.ro\/wp-content\/uploads\/2019\/12\/Tehno-mare.jpg\" alt=\"\" width=\"730\" height=\"450\" srcset=\"https:\/\/www.rarom.ro\/wp-content\/uploads\/2019\/12\/Tehno-mare.jpg 730w, https:\/\/www.rarom.ro\/wp-content\/uploads\/2019\/12\/Tehno-mare-300x185.jpg 300w\" sizes=\"auto, (max-width: 730px) 100vw, 730px\" \/><\/a><\/p>\n<p style=\"text-align: justify;\"><a href=\"https:\/\/www.rarom.ro\/wp-content\/uploads\/2019\/12\/Tehno-pagini.jpg\"><img loading=\"lazy\" decoding=\"async\" class=\"alignleft size-full wp-image-8840\" src=\"https:\/\/www.rarom.ro\/wp-content\/uploads\/2019\/12\/Tehno-pagini.jpg\" alt=\"\" width=\"250\" height=\"165\" \/><\/a>\u00cen goana lor dup\u0103 variante alternative de propulsie pentru transportul greu constructorii auto trebuie s\u0103 se descurce cu resursele avute la \u00eendem\u00e2n\u0103. Coreenii de la Hyundai nu au stat cu m\u00e2inile \u00een s\u00e2n \u0219i etaleaz\u0103 pe p\u0103m\u00e2nt american o solu\u021bie global\u0103 pentru un cap tractor cu celule de combustie cu hidrogen despre care chibi\u021bii eco spun c\u0103, prin compara\u021bie, un model Tesla pare un cuptor cu microunde. [&#8230;]<\/p>\n","protected":false},"excerpt":{"rendered":"<p>Hyundai HDC-6 Neptune \u00cen goana lor dup\u0103 variante alternative de propulsie pentru transportul greu constructorii auto trebuie s\u0103 se descurce cu resursele avute la \u00eendem\u00e2n\u0103. Coreenii de la Hyundai nu au stat cu m\u00e2inile \u00een s\u00e2n \u0219i etaleaz\u0103 pe p\u0103m\u00e2nt american o solu\u021bie global\u0103 pentru un cap tractor cu celule de combustie cu hidrogen despre [&hellip;]<\/p>\n","protected":false},"author":3,"featured_media":0,"parent":8785,"menu_order":4,"comment_status":"closed","ping_status":"closed","template":"","meta":{"_acf_changed":false,"footnotes":""},"class_list":["post-8837","page","type-page","status-publish","hentry"],"acf":[],"_links":{"self":[{"href":"https:\/\/www.rarom.ro\/index.php?rest_route=\/wp\/v2\/pages\/8837","targetHints":{"allow":["GET"]}}],"collection":[{"href":"https:\/\/www.rarom.ro\/index.php?rest_route=\/wp\/v2\/pages"}],"about":[{"href":"https:\/\/www.rarom.ro\/index.php?rest_route=\/wp\/v2\/types\/page"}],"author":[{"embeddable":true,"href":"https:\/\/www.rarom.ro\/index.php?rest_route=\/wp\/v2\/users\/3"}],"replies":[{"embeddable":true,"href":"https:\/\/www.rarom.ro\/index.php?rest_route=%2Fwp%2Fv2%2Fcomments&post=8837"}],"version-history":[{"count":1,"href":"https:\/\/www.rarom.ro\/index.php?rest_route=\/wp\/v2\/pages\/8837\/revisions"}],"predecessor-version":[{"id":8842,"href":"https:\/\/www.rarom.ro\/index.php?rest_route=\/wp\/v2\/pages\/8837\/revisions\/8842"}],"up":[{"embeddable":true,"href":"https:\/\/www.rarom.ro\/index.php?rest_route=\/wp\/v2\/pages\/8785"}],"wp:attachment":[{"href":"https:\/\/www.rarom.ro\/index.php?rest_route=%2Fwp%2Fv2%2Fmedia&parent=8837"}],"curies":[{"name":"wp","href":"https:\/\/api.w.org\/{rel}","templated":true}]}}