{"id":883,"date":"2007-06-15T12:51:58","date_gmt":"2007-06-15T12:51:58","guid":{"rendered":"https:\/\/www.rarom.ro\/autorizarea-unitatilor-service-auto-si-costuri\/"},"modified":"2025-01-30T14:48:36","modified_gmt":"2025-01-30T12:48:36","slug":"autorizarea-unitatilor-service-auto-si-costuri","status":"publish","type":"page","link":"https:\/\/www.rarom.ro\/?page_id=883","title":{"rendered":"Autorizarea unit\u0103\u0163ilor service auto \u015fi costuri"},"content":{"rendered":"\n<p>Autorizarea se va solicita de c\u0103tre operatorul economic \u015fi se va acorda pentru una sau mai multe dintre activit\u0103\u0163ile enumerate mai jos.<\/p>\n\n\n\n<p><strong>A1. ACTIVIT\u0102\u0162I DE REPARA\u0162II ALE VEHICULELOR RUTIERE<br><\/strong>A1.1. motor \u015fi sistemele auxiliare:<br>A1.1.1. mas \u015fi mac:<br>A1.1.1.1. cu carbura\u0163ie \u015fi\/sau injec\u0163ie mecanic\u0103;<br>A1.1.1.2. cu injec\u0163ie cu gestiune electronic\u0103 \u015fi sisteme de depoluare;<br>A1.1.1.3. cu injec\u0163ie direct\u0103 de \u00eenalt\u0103 presiune \u015fi sisteme de depoluare;<br>A1.1.2. motoare hibride;<br>A1.1.3. motoare electrice;<br>A1.1.4. sisteme auxiliare.<br>A1.2. sistemul de transmisie:<br>A1.2.1. transmisie mecanic\u0103:<br>A1.2.1.1. \u00een trepte \u015fi cu trac\u0163iune pe o ax\u0103 sau pe mai multe axe;<br>A1.2.1.2. \u00een trepte, asistat\u0103 \u015fi cu trac\u0163iune pe o ax\u0103 sau pe mai multe axe;<br>A1.2.1.3. \u00een trepte, asistat\u0103 cu gestiune electronic\u0103 \u015fi cu trac\u0163iune permanent\u0103 pe mai multe axe;<br>A1.2.2. transmisie automat\u0103:<br>A1.2.2.1. cu convertizor \u015fi trac\u0163iune pe o ax\u0103 sau pe mai multe axe;<br>A1.2.2.2. cu convertizor gestionat electronic \u015fi trac\u0163iune pe o ax\u0103 sau pe mai multe axe;<br>A1.2.2.3. cu convertizor gestionat electronic \u015fi trac\u0163iune permanent\u0103 pe mai multe axe;<br>A1.2.3. transmisie cu variator:<br>A1.2.3.1. cu variator mecanic;<br>A1.2.3.2. cu variator cu gestiune electronic\u0103.<br>A1.3. sistemul de rulare:<br>A1.3.1 ro\u0163i<br>A1.3.2. axe (pun\u0163i):<br>A1.3.2.1. axe rigide;<br>A1.3.2.2. axe independente;<br>A1.3.3. suspensii:<br>A1.3.3.1. suspensie mecanic\u0103 \u015fi\/sau mecano-hidraulic\u0103:<br>A1.3.3.1.1. suspensie mecanic\u0103;<br>A1.3.3.1.2. suspensie mecano-hidraulic\u0103;<br>A1.3.3.1.3. suspensie mecano-hidraulic\u0103 cu gestiune electronic\u0103 (activ\u0103);<br>A1.3.3.2. suspensie pneumatic\u0103:<br>A1.3.3.2.1. cu reglare mecanic\u0103;<br>A1.3.3.2.2. cu gestiune electronic\u0103.<br>A1.4. sistemul de direc\u0163ie:<br>A1.4.1. f\u0103r\u0103 asistare;<br>A1.4.2. cu asistare hidraulic\u0103;<br>A1.4.3. cu asistare electric\u0103.<br>A1.5. sistemul de fr\u00e2nare:<br>A1.5.1. sistem de fr\u00e2nare mecanic;<br>A1.5.2. sistem de fr\u00e2nare hidraulic:<br>A1.5.2.1. f\u0103r\u0103 asistare;<br>A1.5.2.2. cu asistare \u015fi f\u0103r\u0103 sisteme avansate de control;<br>A1.5.2.3. cu asistare \u015fi cu sisteme avansate de control;<br>A1.5.3. sistem de fr\u00e2nare pneumo-hidraulic \u015fi\/sau pneumatic:<br>A1.5.3.1. cu asistare \u015fi f\u0103r\u0103 sisteme avansate de control;<br>A1.5.3.2. cu asistare \u015fi cu sisteme avansate de control;<br>A1.5.4. sistem de fr\u00e2nare electric.<br>A1.6. sistemul electric:<br>A1.6.1. sistem electric clasic;<br>A1.6.2. sistem electric cu echipamente \u00een re\u0163ea (CAN) cu \u015fi f\u0103r\u0103 circuit de \u00eenalt\u0103 tensiune:<br>A1.6.2.1. cu dispozitive optice clasice;<br>A1.6.2.2. cu dispozitive optice adaptive.<br>A1.7. caroserie:<br>A1.7.1. caroserie autoportant\u0103:<br>A1.7.1.1. repararea caroseriei f\u0103r\u0103 interven\u0163ii la structura de rezisten\u0163\u0103;<br>A1.7.1.2. repararea caroseriei cu interven\u0163ii la structura de rezisten\u0163\u0103;<br>A1.7.1.3. redresarea structurii de rezisten\u0163\u0103;<br>A1.7.1.4. \u00eenlocuirea caroseriei;<br>A1.7.1.5. acoperirea anticoroziv\u0103;<br>A1.7.2. caroserie pe \u015fasiu:<br>A1.7.2.1. repararea caroseriei f\u0103r\u0103 interven\u0163ii la \u015fasiu;<br>A1.7.2.2. repararea \u015fasiului;<br>A1.7.2.3. redresarea \u015fasiului;<br>A1.7.2.4. \u00eenlocuirea \u015fasiului;<br>A1.7.2.5. acoperirea anticoroziv\u0103;<br>A1.7.3. alte interven\u0163ii la caroserie, inclusiv la amenaj\u0103rile interioare.<br>A1.8. alte sisteme:<br>A1.8.1. sisteme de re\u0163inere:<br>A1.8.1.1. cu centuri de siguran\u0163\u0103 clasice;<br>A1.8.1.2. cu centuri de siguran\u0163\u0103 cu pretensionare \u00een caz de impact;<br>A1.8.1.3. cu alte sisteme de re\u0163inere;<br>A1.8.2. sisteme electronice de asisten\u0163\u0103 a conduc\u0103torului auto:<br>A1.8.2.1. sistem adaptiv de men\u0163inere a vitezei;<br>A1.8.2.2. sistem de avertizare la schimbarea benzii de circula\u0163ie;<br>A1.8.2.3. sistem automat de evitare \u015fi atenuare a impactului;<br>A1.8.2.4. alte sisteme;<br>A1.8.3. sisteme de vizibilitate direct\u0103 \u015fi indirect\u0103;<br>A1.8.4. sisteme de \u00eenc\u0103lzire, de climatizare \u015fi\/sau de refrigerare:<br>A1.8.4.1. cu surs\u0103 de energie de la motorul de trac\u0163iune;<br>A1.8.4.2. independente.<\/p>\n\n\n\n<p><strong>A2. ACTIVIT\u0102\u0162I DE \u00ceNTRE\u0162INERE A VEHICULELOR RUTIERE<\/strong><\/p>\n\n\n\n<p><strong>A3. ACTIVIT\u0102\u0162I DE REGL\u0102RI FUNC\u0162IONALE ALE VEHICULELOR RUTIERE<\/strong><\/p>\n\n\n\n<p><strong>B1. ACTIVIT\u0102\u0162I DE REPARA\u0162II ALE COMPONENTELOR \u015eI ALE SISTEMELOR<br>VEHICULELOR RUTIERE<br><\/strong>B1.1. motor \u015fi sistemele auxiliare \u015fi componentele acestora;<br>B1.2. sistemul de transmisie \u015fi componentele acestuia;<br>B1.3. sistemul de rulare \u015fi componentele acestuia;<br>B1.4. sistemul de direc\u0163ie \u015fi componentele acestuia;<br>B1.5. sistemul de fr\u00e2nare \u015fi componentele acestuia;<br>B1.6. sistemul electric \u015fi componentele acestuia;<br>B1.7. caroserie \u015fi componentele acesteia;<br>B1.8. alte sisteme \u015fi componentele acestora.<\/p>\n\n\n\n<p><strong>B2. ACTIVIT\u0102\u0162I DE RECONDI\u0162ION\u0102RI ALE COMPONENTELOR \u015eI ALE<br>SISTEMELOR VEHICULELOR RUTIERE<br><\/strong>B2.1. motor \u015fi sistemele auxiliare \u015fi componentele acestora;<br>B2.2. sistemul de transmisie \u015fi componentele acestuia;<br>B2.3. sistemul de rulare \u015fi componentele acestuia;<br>B2.4. sistemul de direc\u0163ie \u015fi componentele acestuia;<br>B2.5. sistemul de fr\u00e2nare \u015fi componentele acestuia;<br>B2.6. sistemul electric \u015fi componentele acestuia;<br>B2.7. caroserie \u015fi componentele acesteia;<br>B2.8. alte sisteme \u015fi componentele acestora.<\/p>\n\n\n\n<p><strong>B3. ACTIVIT\u0102\u0162I DE MONT\u0102RI, VERIFIC\u0102RI \u015eI\/SAU ETALON\u0102RI ALE COMPONENTELOR \u015eI ALE SISTEMELOR VEHICULELOR RUTIERE<\/strong><\/p>\n\n\n\n<p><strong>B4. MODIFIC\u0102RI CONSTRUCTIVE \u015eI RECONSTRUC\u0162IA VEHICULELOR RUTIERE<br><\/strong>B4.1. modific\u0103ri constructive ale vehiculelor rutiere:<br>B4.1.1. montarea de caroserii pentru vehicule rutiere;<br>B4.1.2. conversia \u015fi\/sau amenajarea vehiculelor rutiere;<br>B4.1.3. montarea \u015fi\/sau modificarea de componente \u015fi\/sau sisteme, dac\u0103 afecteaz\u0103 caracteristicile de omologare.<br>B4.2. reconstruc\u0163ia vehiculelor rutiere.<\/p>\n\n\n\n<p><strong>B5. ACTIVIT\u0102\u0162I DE DEZMEMBRARE A VEHICULELOR RUTIERE SCOASE DIN<br>UZ<br><\/strong>B 5.1. dezmembrarea vehiculelor scoase din uz;<br>B 5.2. dezmembrarea subansamblurilor vehiculelor rutiere.<br><strong>Nota 1:<\/strong> Autoriza\u0163ia tehnic\u0103 se acord\u0103 pentru unul sau mai multe dintre tipurile de activit\u0103\u0163i prev\u0103zute la pct. A1 \u2013 B5, pentru unul sau mai multe dintre sistemele prev\u0103zute \u00een cadrul fiec\u0103rui tip de activit\u0103\u0163i, pentru diferite complexit\u0103\u0163i ale activit\u0103\u0163ii respective, precum \u015fi pentru una sau mai multe dintre categoriile de omologare ale vehiculelor, dup\u0103 caz.<br><strong>Nota 2:<\/strong> \u00cen autoriza\u0163ia tehnic\u0103 se va preciza de asemenea, dac\u0103 este cazul, posibilitatea efectu\u0103rii, \u00een cadrul unui tip de activitate, a unor opera\u0163ii care nu acoper\u0103 integral sistemul sau complexitatea activit\u0103\u0163ii definit\u0103 \u00een conformitate cu clasificarea de mai sus .<br>Solicitan\u0163ii serviciilor de autorizare se pot adresa la tel\/fax\/e-mail indicate, sau se pot prezenta direct la Reprezentan\u0163a RAR din jude\u0163ul \u00een care \u00eesi desf\u0103\u015foar\u0103 activitatea (pentru Bucure\u015fti la sediul RAR-OCS).<\/p>\n\n\n\n<p><strong><a href=\"https:\/\/www.rarom.ro\/?page_id=740\">Documente necesare pentru autorizare<\/a><\/strong><\/p>\n\n\n\n<p><a href=\"https:\/\/www.rarom.ro\/cs-uploads\/Costuri_service_auto.pdf\" target=\"_blank\" rel=\"noopener noreferrer\"><strong>Costuri pentru autorizare\/supraveghere<\/strong><br><\/a><br><strong>CLASIFICAREA OPERATORILOR ECONOMICI<\/strong><\/p>\n\n\n\n<p><strong>Pentru tipul de activitate A1,<\/strong> operatorii economici se clasific\u0103 astfel:<br><strong>Clasa I<\/strong> \u2013 operatorii economici care \u00eendeplinesc condi\u0163iile de autorizare din reglement\u0103ri pentru a desf\u0103\u015fura toate opera\u0163iunile prev\u0103zute pentru cel pu\u0163in unul dintre sistemele A1.1 \u2013 A1.8 \u015fi care de\u0163in abilitarea din partea unui produc\u0103tor de vehicule sau a reprezentantului autorizat al acestuia;<br><strong>Clasa II<\/strong> \u2013 operatorii economici care \u00eendeplinesc condi\u0163iile de autorizare din reglement\u0103ri pentru a desf\u0103\u015fura toate opera\u0163iunile prev\u0103zute pentru cel pu\u0163in unul dintre sistemele A1.1 \u2013 A1.8, dar care nu de\u0163in o abilitare din partea unui produc\u0103tor de vehicule sau a reprezentantului autorizat al acestuia;<br><strong>Clasa III<\/strong> \u2013 operatorii economici care \u00eendeplinesc condi\u0163iile de autorizare din reglement\u0103ri pentru a desf\u0103\u015fura numai unele dintre opera\u0163iunile prev\u0103zute pentru unul dintre sistemele A1.1 \u2013 A1.8.<\/p>\n\n\n\n<p><strong>Pentru tipurile de activit\u0103\u0163i A2 \u015fi A3<\/strong> operatorii economici se clasific\u0103 astfel:<br><strong>Clasa I<\/strong> \u2013 operatorii economici care \u00eendeplinesc condi\u0163iile de autorizare din reglement\u0103ri \u015fi care de\u0163in abilitarea din partea unui produc\u0103tor de vehicule sau a reprezentantului autorizat al acestuia;<br><strong>Clasa II<\/strong> \u2013 operatorii economici care \u00eendeplinesc condi\u0163iile de autorizare din reglement\u0103ri, dar care nu de\u0163in o abilitare din partea unui produc\u0103tor de vehicule sau a reprezentantului autorizat al acestuia.<\/p>\n\n\n\n<p><strong>Pentru tipurile de activit\u0103\u0163i B1 \u015fi B3<\/strong> operatorii economici se clasific\u0103 astfel:<br><strong>Clasa I<\/strong> &#8211; operatorii economici care \u00eendeplinesc condi\u0163iile de autorizare din reglement\u0103ri \u015fi care de\u0163in abilitarea din partea unui produc\u0103tor de vehicule, componente sau sisteme;<br><strong>Clasa II<\/strong> &#8211; operatorii economici care \u00eendeplinesc condi\u0163iile de autorizare din reglement\u0103ri, dar care nu de\u0163in o abilitare din partea unui produc\u0103tor de vehicule, componente sau sisteme.<\/p>\n\n\n\n<p><strong>Pentru tipul de activitate B2<\/strong> operatorii economici se clasific\u0103 astfel:<br><strong>Clasa I<\/strong> &#8211; operatorii economici care \u00eendeplinesc urm\u0103toarele condi\u0163ii:<br>a) respect\u0103 tehnologiile \u015fi procedurile prev\u0103zute de produc\u0103torul vehiculului, componentei sau al sistemului;<br>b) utilizeaz\u0103 aparatura \u015fi dispozitivele prev\u0103zute de produc\u0103torul vehiculului, componentei sau al sistemului \u00een procedurile de lucru ale<br>acestuia;<br>c) utilizeaz\u0103 componente \u015fi echipamente de origine sau recomandate de produc\u0103torul vehiculului, componentei sau al sistemului;<br><strong>Clasa II<\/strong> &#8211; operatorii economici care respect\u0103 tehnologiile corespunz\u0103toare, dar nu \u00eendeplinesc una sau mai multe dintre condi\u0163iile prev\u0103zute la clasa I, lit. b) \u015fi c).<\/p>\n\n\n\n<p><strong>Pentru tipul de activitate B4<\/strong> operatorii economici se clasific\u0103 astfel:<br><strong>Clasa I<\/strong> &#8211; operatorii economici care dispun de un sistem de management al calit\u0103\u0163ii certificat.<br><strong>Clasa II<\/strong> &#8211; operatorii economici care nu se \u00eencadreaz\u0103 \u00een condi\u0163iile prev\u0103zute pentru clasa I.<\/p>\n\n\n\n<p><strong>Pentru tipul de activitate B5<\/strong> operatorii economici se clasific\u0103 astfel:<br><strong>Clasa I<\/strong> &#8211; operatorii economici care desf\u0103\u015foar\u0103 \u015fi activit\u0103\u0163i de comercializare \u00een vederea reutiliz\u0103rii componentelor folosite reutilizabile ob\u0163inute prin dezmembrarea vehiculelor sau subansamblurilor acestora.<br><strong>Clasa II<\/strong> &#8211; operatorii economici care nu se \u00eencadreaz\u0103 \u00een condi\u0163iile prev\u0103zute pentru clasa I.<\/p>\n\n\n\n<p><strong>NOTA:<br><\/strong>1. Dotarea minimal\u0103 a atelierului, \u00een func\u0163ie de domeniul de autorizare solicitat, este indicat\u0103 \u00een reglementarea <a href=\"https:\/\/www.rarom.ro\/cs-uploads\/rntr9.pdf\" target=\"_blank\" rel=\"noopener noreferrer\"><strong>RNTR-9<\/strong><\/a>;<\/p>\n\n\n\n<p>2. Auditul de evaluare a capabilit\u0103\u0163ii tehnice se va efectua la o dat\u0103 stabilit\u0103 de comun acord cu solicitantul;<\/p>\n\n\n\n<p>3. Pe baza analiz\u0103rii rezultatelor auditului efectuat se va propune acordarea\/ neacordarea autoriza\u0163iei;<\/p>\n\n\n\n<p>4. Anual se efectueaz\u0103 audituri de supraveghere pentru verificarea men\u0163inerii condi\u0163iilor de autorizare, cu excep\u0163ia primului audit care se va efectua la 6 luni de la acordarea autoriza\u0163iei.<\/p>\n\n\n\n<div style=\"height:20px\" aria-hidden=\"true\" class=\"wp-block-spacer\"><\/div>\n\n\n\n<hr>\n\n\n\n<p><strong>O.C.S. Certificare \/ \u00cenregistrare \u015fi Autorizare<\/strong><\/p>\n\n\n\n<hr>\n\n\n\n<div style=\"height:20px\" aria-hidden=\"true\" class=\"wp-block-spacer\"><\/div>\n\n\n\n<div class=\"wp-block-group\"><div class=\"wp-block-group__inner-container is-layout-constrained wp-block-group-is-layout-constrained\">\n<div class=\"wp-block-columns is-layout-flex wp-container-core-columns-is-layout-9d6595d7 wp-block-columns-is-layout-flex\">\n<div class=\"wp-block-column is-layout-flow wp-block-column-is-layout-flow\" style=\"flex-basis:33.33%\"><div class=\"wp-block-image is-style-rounded\">\n<figure class=\"aligncenter size-full\"><a href=\"https:\/\/www.rarom.ro\/wp-content\/uploads\/2023\/07\/OCS-MarianBurcea.png\"><img loading=\"lazy\" decoding=\"async\" width=\"150\" height=\"150\" src=\"https:\/\/www.rarom.ro\/wp-content\/uploads\/2023\/07\/OCS-MarianBurcea.png\" alt=\"\" class=\"wp-image-294111\" srcset=\"https:\/\/www.rarom.ro\/wp-content\/uploads\/2023\/07\/OCS-MarianBurcea.png 150w, https:\/\/www.rarom.ro\/wp-content\/uploads\/2023\/07\/OCS-MarianBurcea-85x85.png 85w, https:\/\/www.rarom.ro\/wp-content\/uploads\/2023\/07\/OCS-MarianBurcea-60x60.png 60w, https:\/\/www.rarom.ro\/wp-content\/uploads\/2023\/07\/OCS-MarianBurcea-16x16.png 16w\" sizes=\"auto, (max-width: 150px) 100vw, 150px\" \/><\/a><\/figure><\/div>\n\n\n<div style=\"height:20px\" aria-hidden=\"true\" class=\"wp-block-spacer\"><\/div>\n\n\n\n<p class=\"has-text-align-center\"><strong><strong>Ing. Marian BURCEA<\/strong><\/strong><br><em><em>Director RAR-OCS<\/em><\/em><\/p>\n<\/div>\n\n\n\n<div class=\"wp-block-column is-layout-flow wp-block-column-is-layout-flow\" style=\"flex-basis:66.66%\">\n<p><strong>Adresa:<\/strong> Bulevardul Expozi\u021biei nr. 1K, Bucure\u0219ti \u2013 012101, sector 1<\/p>\n\n\n\n<hr>\n\n\n\n<p>Tel.: 0314.25.76.52<br>E-mail: <a href=\"mailto:ocs@rarom.ro\">ocs@rarom.ro<\/a><\/p>\n\n\n\n<hr>\n\n\n\n<p><strong>Ing. Flavius C\u00c2MPEANU<\/strong><strong><br><\/strong><em>\u0218ef Departament SERVICE<\/em><\/p>\n<\/div>\n<\/div>\n<\/div><\/div>\n\n\n\n<p><\/p>\n","protected":false},"excerpt":{"rendered":"<p>Autorizarea se va solicita de c\u0103tre operatorul economic \u015fi se va acorda pentru una sau mai multe dintre activit\u0103\u0163ile enumerate mai jos. A1. ACTIVIT\u0102\u0162I DE REPARA\u0162II ALE VEHICULELOR RUTIEREA1.1. motor \u015fi sistemele auxiliare:A1.1.1. mas \u015fi mac:A1.1.1.1. cu carbura\u0163ie \u015fi\/sau injec\u0163ie mecanic\u0103;A1.1.1.2. cu injec\u0163ie cu gestiune electronic\u0103 \u015fi sisteme de depoluare;A1.1.1.3. cu injec\u0163ie direct\u0103 de \u00eenalt\u0103 [&hellip;]<\/p>\n","protected":false},"author":1,"featured_media":0,"parent":872,"menu_order":5,"comment_status":"closed","ping_status":"closed","template":"","meta":{"_acf_changed":false,"footnotes":""},"class_list":["post-883","page","type-page","status-publish","hentry"],"acf":[],"_links":{"self":[{"href":"https:\/\/www.rarom.ro\/index.php?rest_route=\/wp\/v2\/pages\/883","targetHints":{"allow":["GET"]}}],"collection":[{"href":"https:\/\/www.rarom.ro\/index.php?rest_route=\/wp\/v2\/pages"}],"about":[{"href":"https:\/\/www.rarom.ro\/index.php?rest_route=\/wp\/v2\/types\/page"}],"author":[{"embeddable":true,"href":"https:\/\/www.rarom.ro\/index.php?rest_route=\/wp\/v2\/users\/1"}],"replies":[{"embeddable":true,"href":"https:\/\/www.rarom.ro\/index.php?rest_route=%2Fwp%2Fv2%2Fcomments&post=883"}],"version-history":[{"count":19,"href":"https:\/\/www.rarom.ro\/index.php?rest_route=\/wp\/v2\/pages\/883\/revisions"}],"predecessor-version":[{"id":298830,"href":"https:\/\/www.rarom.ro\/index.php?rest_route=\/wp\/v2\/pages\/883\/revisions\/298830"}],"up":[{"embeddable":true,"href":"https:\/\/www.rarom.ro\/index.php?rest_route=\/wp\/v2\/pages\/872"}],"wp:attachment":[{"href":"https:\/\/www.rarom.ro\/index.php?rest_route=%2Fwp%2Fv2%2Fmedia&parent=883"}],"curies":[{"name":"wp","href":"https:\/\/api.w.org\/{rel}","templated":true}]}}