{"id":8812,"date":"2019-12-13T12:42:02","date_gmt":"2019-12-13T10:42:02","guid":{"rendered":"https:\/\/www.rarom.ro\/?page_id=8812"},"modified":"2019-12-13T13:36:28","modified_gmt":"2019-12-13T11:36:28","slug":"kia-niro-phev","status":"publish","type":"page","link":"https:\/\/www.rarom.ro\/?page_id=8812","title":{"rendered":"Kia Niro PHEV"},"content":{"rendered":"<p><strong>Test: Kia Niro PHEV<\/strong><\/p>\n<p><a href=\"https:\/\/www.rarom.ro\/wp-content\/uploads\/2019\/12\/Test-Kia-mare.jpg\"><img loading=\"lazy\" decoding=\"async\" class=\"size-full wp-image-8813 aligncenter\" src=\"https:\/\/www.rarom.ro\/wp-content\/uploads\/2019\/12\/Test-Kia-mare.jpg\" alt=\"\" width=\"730\" height=\"450\" srcset=\"https:\/\/www.rarom.ro\/wp-content\/uploads\/2019\/12\/Test-Kia-mare.jpg 730w, https:\/\/www.rarom.ro\/wp-content\/uploads\/2019\/12\/Test-Kia-mare-300x185.jpg 300w\" sizes=\"auto, (max-width: 730px) 100vw, 730px\" \/><\/a><\/p>\n<p style=\"text-align: justify;\"><a href=\"https:\/\/www.rarom.ro\/wp-content\/uploads\/2019\/12\/Test-Kia-pagini.jpg\"><img loading=\"lazy\" decoding=\"async\" class=\"alignleft size-full wp-image-8815\" src=\"https:\/\/www.rarom.ro\/wp-content\/uploads\/2019\/12\/Test-Kia-pagini.jpg\" alt=\"\" width=\"250\" height=\"165\" \/><\/a>Chiar dac\u0103 formularea sun\u0103 prea engleze\u0219te, cei de la Kia au g\u00e2ndit c\u00e2t se poate de german modelul Niro ca s\u0103-l adapteze perfect pie\u021bei europene. \u0218i l-au f\u0103cut Plug-in Hybrid. [&#8230;]<\/p>\n","protected":false},"excerpt":{"rendered":"<p>Test: Kia Niro PHEV Chiar dac\u0103 formularea sun\u0103 prea engleze\u0219te, cei de la Kia au g\u00e2ndit c\u00e2t se poate de german modelul Niro ca s\u0103-l adapteze perfect pie\u021bei europene. \u0218i l-au f\u0103cut Plug-in Hybrid. [&#8230;]<\/p>\n","protected":false},"author":3,"featured_media":0,"parent":8790,"menu_order":4,"comment_status":"closed","ping_status":"closed","template":"","meta":{"_acf_changed":false,"footnotes":""},"class_list":["post-8812","page","type-page","status-publish","hentry"],"acf":[],"_links":{"self":[{"href":"https:\/\/www.rarom.ro\/index.php?rest_route=\/wp\/v2\/pages\/8812","targetHints":{"allow":["GET"]}}],"collection":[{"href":"https:\/\/www.rarom.ro\/index.php?rest_route=\/wp\/v2\/pages"}],"about":[{"href":"https:\/\/www.rarom.ro\/index.php?rest_route=\/wp\/v2\/types\/page"}],"author":[{"embeddable":true,"href":"https:\/\/www.rarom.ro\/index.php?rest_route=\/wp\/v2\/users\/3"}],"replies":[{"embeddable":true,"href":"https:\/\/www.rarom.ro\/index.php?rest_route=%2Fwp%2Fv2%2Fcomments&post=8812"}],"version-history":[{"count":1,"href":"https:\/\/www.rarom.ro\/index.php?rest_route=\/wp\/v2\/pages\/8812\/revisions"}],"predecessor-version":[{"id":8817,"href":"https:\/\/www.rarom.ro\/index.php?rest_route=\/wp\/v2\/pages\/8812\/revisions\/8817"}],"up":[{"embeddable":true,"href":"https:\/\/www.rarom.ro\/index.php?rest_route=\/wp\/v2\/pages\/8790"}],"wp:attachment":[{"href":"https:\/\/www.rarom.ro\/index.php?rest_route=%2Fwp%2Fv2%2Fmedia&parent=8812"}],"curies":[{"name":"wp","href":"https:\/\/api.w.org\/{rel}","templated":true}]}}