{"id":878,"date":"2015-10-22T09:19:39","date_gmt":"2015-10-22T09:19:39","guid":{"rendered":"https:\/\/www.rarom.ro\/?page_id=878"},"modified":"2025-09-23T10:25:44","modified_gmt":"2025-09-23T07:25:44","slug":"certificareainregistrarea","status":"publish","type":"page","link":"https:\/\/www.rarom.ro\/?page_id=878","title":{"rendered":"Certificarea\/\u00cenregistrarea"},"content":{"rendered":"\n<p><span class=\"s1\"><b>Registrul Auto Rom\u00e2n,<\/b> prin Organismul de Certificare Sisteme de Management (OCS), certific\u0103 sisteme de management al calit\u0103\u0163ii \u00een conformitate cu standardul interna\u0163ional ISO 9001<\/span><\/p>\n\n\n\n<p><span class=\"s1\">Pentru detalii privind demararea <b>procesului de certificare\/\u00eenregistrare<\/b> ap\u0103sa\u0163i <a href=\"https:\/\/www.rarom.ro\/?page_id=735\"><span class=\"s2\">aici<\/span><\/a>.<\/span><\/p>\n\n\n\n<p><span class=\"s1\">Solicitan\u0163ii serviciilor de certificare se pot adresa la tel.\/fax\/e-mail indicate sau direct la sediul RAR-OCS unde vor primi informa\u0163ii detaliate privind procesul de certificare\/\u00eenregistrare.<\/span><\/p>\n\n\n\n<p><span class=\"s1\">RAR-OCS dispune de auditori proprii certifica\u0163i la nivel interna\u0163ional \u015fi european (IRCA, EOQ etc.) precum \u015fi de exper\u0163i cu experien\u0163\u0103 pentru domenii specifice de competen\u0163\u0103.<\/span><\/p>\n\n\n\n<p><span class=\"s1\">Politica RAR-OCS este de a crea un parteneriat cu clien\u0163ii s\u0103i de certificare.<\/span><\/p>\n\n\n\n<p><span class=\"s1\">RAR-OCS dispune de o procedur\u0103 special\u0103 de tratare a apelurilor, reclama\u0163iilor \u015fi contesta\u0163iilor clien\u0163ilor serviciilor sale de certificare, care asigur\u0103 impar\u0163ialitatea \u015fi obiectivitatea analizei acestora \u015fi a solu\u0163iilor propuse.<\/span><\/p>\n\n\n\n<p class=\"has-text-align-center\"><span class=\"s1\"><b>IMPORTANT<\/b><\/span><span class=\"s3\"><b><br><\/b><\/span><span class=\"s1\"><b>A nu se face confuzie \u00eentre certificarea sistemului de management al unui agent economic cu certificarea produselor<\/b><\/span><\/p>\n\n\n<div class=\"wp-block-image\">\n<figure class=\"aligncenter\"><img loading=\"lazy\" decoding=\"async\" width=\"394\" height=\"586\" src=\"https:\/\/www.rarom.ro\/wp-content\/uploads\/2015\/10\/ocs_certif.gif\" alt=\"ocs_certif\" class=\"wp-image-879\"\/><\/figure><\/div>\n\n\n<p class=\"has-text-align-center\"><\/p>\n\n\n\n<p><span class=\"s1\">RAR-OCS public\u0103 <a href=\"https:\/\/www.rarom.ro\/cs-uploads\/organizatii.pdf\" target=\"_blank\" rel=\"noopener noreferrer\"><span class=\"s2\">lista organiza\u0163iilor<\/span><\/a> certificate \u015fi date reprezentative despre acestea.<\/span><\/p>\n\n\n\n<p><span class=\"s2\"><a href=\"https:\/\/www.rarom.ro\/cs-uploads\/angajament.pdf\" target=\"_blank\" rel=\"noopener noreferrer\"><b>ANGAJAMENTUL<\/b><\/a><\/span><span class=\"s1\"> Directorului Executiv al RAR &#8211; OCS referitor la asigurarea impar\u0163ialit\u0103\u0163ii \u00een activitatea de certificare a sistemelor de management.<\/span><\/p>\n\n\n\n<div style=\"height:20px\" aria-hidden=\"true\" class=\"wp-block-spacer\"><\/div>\n\n\n\n<hr>\n\n\n\n<p><strong>O.C.S. Certificare \/ \u00cenregistrare \u015fi Autorizare<\/strong><\/p>\n\n\n\n<hr>\n\n\n\n<div style=\"height:20px\" aria-hidden=\"true\" class=\"wp-block-spacer\"><\/div>\n\n\n\n<div class=\"wp-block-group\"><div class=\"wp-block-group__inner-container is-layout-constrained wp-block-group-is-layout-constrained\">\n<div class=\"wp-block-columns is-layout-flex wp-container-core-columns-is-layout-9d6595d7 wp-block-columns-is-layout-flex\">\n<div class=\"wp-block-column is-layout-flow wp-block-column-is-layout-flow\" style=\"flex-basis:33.33%\"><div class=\"wp-block-image is-style-rounded\">\n<figure class=\"aligncenter size-full\"><a href=\"https:\/\/www.rarom.ro\/wp-content\/uploads\/2023\/07\/OCS-MarianBurcea.png\"><img loading=\"lazy\" decoding=\"async\" width=\"150\" height=\"150\" src=\"https:\/\/www.rarom.ro\/wp-content\/uploads\/2023\/07\/OCS-MarianBurcea.png\" alt=\"\" class=\"wp-image-294111\" srcset=\"https:\/\/www.rarom.ro\/wp-content\/uploads\/2023\/07\/OCS-MarianBurcea.png 150w, https:\/\/www.rarom.ro\/wp-content\/uploads\/2023\/07\/OCS-MarianBurcea-85x85.png 85w, https:\/\/www.rarom.ro\/wp-content\/uploads\/2023\/07\/OCS-MarianBurcea-60x60.png 60w, https:\/\/www.rarom.ro\/wp-content\/uploads\/2023\/07\/OCS-MarianBurcea-16x16.png 16w\" sizes=\"auto, (max-width: 150px) 100vw, 150px\" \/><\/a><\/figure><\/div>\n\n\n<div style=\"height:20px\" aria-hidden=\"true\" class=\"wp-block-spacer\"><\/div>\n\n\n\n<p class=\"has-text-align-center\"><strong><strong>Ing. Marian BURCEA<\/strong><\/strong><br><em><em>Director RAR-OCS<\/em><\/em><\/p>\n<\/div>\n\n\n\n<div class=\"wp-block-column is-layout-flow wp-block-column-is-layout-flow\" style=\"flex-basis:66.66%\">\n<p><strong>Adresa:<\/strong> Bulevardul Expozi\u021biei nr. 1K, Bucure\u0219ti \u2013 012101, sector 1<\/p>\n\n\n\n<hr>\n\n\n\n<p>Tel.: 0314.25.76.99<br>E-mail: <a href=\"mailto:ocs@rarom.ro\">ocs@rarom.ro<\/a><\/p>\n\n\n\n<hr>\n\n\n\n<p><strong>Ing. Ruxandra P\u0102TRA\u0218CU ARABAGIAN<\/strong><br><em>\u0218ef Departament CERTIFIC\u0102RI<\/em><\/p>\n<\/div>\n<\/div>\n<\/div><\/div>\n\n\n\n<p><\/p>\n","protected":false},"excerpt":{"rendered":"<p>Registrul Auto Rom\u00e2n, prin Organismul de Certificare Sisteme de Management (OCS), certific\u0103 sisteme de management al calit\u0103\u0163ii \u00een conformitate cu standardul interna\u0163ional ISO 9001 Pentru detalii privind demararea procesului de certificare\/\u00eenregistrare ap\u0103sa\u0163i aici. Solicitan\u0163ii serviciilor de certificare se pot adresa la tel.\/fax\/e-mail indicate sau direct la sediul RAR-OCS unde vor primi informa\u0163ii detaliate privind procesul [&hellip;]<\/p>\n","protected":false},"author":1,"featured_media":0,"parent":872,"menu_order":1,"comment_status":"closed","ping_status":"closed","template":"","meta":{"_acf_changed":false,"footnotes":""},"class_list":["post-878","page","type-page","status-publish","hentry"],"acf":[],"_links":{"self":[{"href":"https:\/\/www.rarom.ro\/index.php?rest_route=\/wp\/v2\/pages\/878","targetHints":{"allow":["GET"]}}],"collection":[{"href":"https:\/\/www.rarom.ro\/index.php?rest_route=\/wp\/v2\/pages"}],"about":[{"href":"https:\/\/www.rarom.ro\/index.php?rest_route=\/wp\/v2\/types\/page"}],"author":[{"embeddable":true,"href":"https:\/\/www.rarom.ro\/index.php?rest_route=\/wp\/v2\/users\/1"}],"replies":[{"embeddable":true,"href":"https:\/\/www.rarom.ro\/index.php?rest_route=%2Fwp%2Fv2%2Fcomments&post=878"}],"version-history":[{"count":20,"href":"https:\/\/www.rarom.ro\/index.php?rest_route=\/wp\/v2\/pages\/878\/revisions"}],"predecessor-version":[{"id":301589,"href":"https:\/\/www.rarom.ro\/index.php?rest_route=\/wp\/v2\/pages\/878\/revisions\/301589"}],"up":[{"embeddable":true,"href":"https:\/\/www.rarom.ro\/index.php?rest_route=\/wp\/v2\/pages\/872"}],"wp:attachment":[{"href":"https:\/\/www.rarom.ro\/index.php?rest_route=%2Fwp%2Fv2%2Fmedia&parent=878"}],"curies":[{"name":"wp","href":"https:\/\/api.w.org\/{rel}","templated":true}]}}