{"id":872,"date":"2015-10-22T09:07:35","date_gmt":"2015-10-22T09:07:35","guid":{"rendered":"https:\/\/www.rarom.ro\/?page_id=872"},"modified":"2025-01-30T14:34:34","modified_gmt":"2025-01-30T12:34:34","slug":"o-c-s-certificare-inregistrare-si-autorizare","status":"publish","type":"page","link":"https:\/\/www.rarom.ro\/?page_id=872","title":{"rendered":"O.C.S. Certificare \/ \u00cenregistrare \u015fi Autorizare"},"content":{"rendered":"<div class=\"wp-block-image\">\n<figure class=\"aligncenter\"><img loading=\"lazy\" decoding=\"async\" width=\"730\" height=\"435\" src=\"https:\/\/www.rarom.ro\/wp-content\/uploads\/2015\/10\/OCS.png\" alt=\"OCS\" class=\"wp-image-2469\" srcset=\"https:\/\/www.rarom.ro\/wp-content\/uploads\/2015\/10\/OCS.png 730w, https:\/\/www.rarom.ro\/wp-content\/uploads\/2015\/10\/OCS-300x179.png 300w\" sizes=\"auto, (max-width: 730px) 100vw, 730px\" \/><\/figure><\/div>\n\n\n<p>Registrul Auto Rom\u00e2n &#8211; Organismul de Certificare Sisteme de Management (\u00een continuare RAR-OCS) \u00ee\u015fi desf\u0103\u015foar\u0103 activitatea \u00een conformitate cu Hot\u0103r\u00e2rea Guvernului nr. 768\/1991, modificat\u0103 \u015fi completat\u0103 prin Hot\u0103r\u00e2rea Guvernului nr. 650\/1994 \u015fi republicat\u0103.<\/p>\n\n\n\n<h5 class=\"wp-block-heading\"><strong>ACTIVIT\u0102\u0162ILE RAR-OCS<\/strong><\/h5>\n\n\n\n<p><span class=\"s1\"><b>1. CERTIFICAREA\/\u00ceNREGISTRAREA<\/b> sistemului de management al calit\u0103\u0163ii \u00een baza standardului ISO 9001 pentru furnizorii de produse \u015fi servicii din industriile produc\u0103toare de autovehicule, ma\u015fini, utilaje, instala\u0163ii, echipamente, aparate, dispozitive, aparatura \u015fi componente aferente acestora, precum \u015fi activit\u0103\u0163i conexe (transport, v\u00e2nzare, \u00eentre\u0163inere, reparare, reciclare, depozitare \u015fi comunica\u0163ii). <\/span><\/p>\n\n\n\n<p><span class=\"s1\"><b>2. AUTORIZAREA:<\/b><\/span><span class=\"s2\"><b><br><\/b><\/span><span class=\"s1\">a) operatorilor economici care desf\u0103\u015foar\u0103 activit\u0103\u0163i de repara\u0163ii, de \u00eentre\u0163inere, de reglare, de modific\u0103ri constructive, de reconstruc\u0163ie a vehiculelor rutiere, precum \u015fi de dezmembrare a vehiculelor scoase din uz, \u00een conformitate cu reglement\u0103rile <b>RNTR 9<\/b>&nbsp;&#8211; aprobate prin Ordinul Ministrului Transporturilor, Constructiilor si Turismului nr. 2131 din 8 decembrie 2005, cu modificarile si completarile ulterioare;<\/span><\/p>\n\n\n\n<p><span class=\"s1\">b) agen\u0163ilor economici care execut\u0103 montarea, reviziile tehnice \u015fi repararea instala\u0163iilor de alimentare a motoarelor cu GPL \u015fi\/sau GNC, \u00een conformitate cu reglement\u0103rile Ministerului Transporturilor, Construc\u0163iilor \u015fi Turismului <b>RNTR-6<\/b> &#8211;&nbsp;aprobate prin Ordinul Ministrului Transporturilor, Constructiilor si Turismului nr. 229 din 8 septembrie 2003, cu modificarile si completarile ulterioare;<\/span><\/p>\n\n\n\n<p><span class=\"s1\">c) sta\u0163iilor de inspec\u0163ie tehnic\u0103 periodic\u0103 (SITP), \u00een conformitate cu reglement\u0103rile Ministerului Transporturilor, Construc\u0163iilor \u015fi Turismului <b>RNTR-1<\/b> &#8211; aprobate prin Ordinul Ministrului Transporturilor, Constructiilor si Turismului nr. 2133 din 8 decembrie 2005, cu modificarile si completarile ulterioare;<\/span><\/p>\n\n\n\n<p><span class=\"s1\">d) operatorilor economici care desf\u0103\u015foar\u0103 activit\u0103\u0163i de instalare, reparare \u0219i inspec\u021bii tahografe \u0219i limitatoare de vitez\u0103, \u00een conformitate cu reglement\u0103rile&nbsp;<strong>RNTR 8<\/strong>&nbsp;aprobate prin Ordinul Ministrului Transporturilor nr. 1333 din 26 septembrie 2019.<\/span><\/p>\n\n\n\n<div style=\"height:20px\" aria-hidden=\"true\" class=\"wp-block-spacer\"><\/div>\n\n\n\n<hr>\n\n\n\n<p><strong>O.C.S. Certificare \/ \u00cenregistrare \u015fi Autorizare<\/strong><\/p>\n\n\n\n<hr>\n\n\n\n<div style=\"height:20px\" aria-hidden=\"true\" class=\"wp-block-spacer\"><\/div>\n\n\n\n<div class=\"wp-block-group\"><div class=\"wp-block-group__inner-container is-layout-constrained wp-block-group-is-layout-constrained\">\n<div class=\"wp-block-columns is-layout-flex wp-container-core-columns-is-layout-9d6595d7 wp-block-columns-is-layout-flex\">\n<div class=\"wp-block-column is-layout-flow wp-block-column-is-layout-flow\" style=\"flex-basis:33.33%\"><div class=\"wp-block-image is-style-rounded\">\n<figure class=\"aligncenter size-full\"><a href=\"https:\/\/www.rarom.ro\/wp-content\/uploads\/2023\/07\/OCS-MarianBurcea.png\"><img loading=\"lazy\" decoding=\"async\" width=\"150\" height=\"150\" src=\"https:\/\/www.rarom.ro\/wp-content\/uploads\/2023\/07\/OCS-MarianBurcea.png\" alt=\"\" class=\"wp-image-294111\" srcset=\"https:\/\/www.rarom.ro\/wp-content\/uploads\/2023\/07\/OCS-MarianBurcea.png 150w, https:\/\/www.rarom.ro\/wp-content\/uploads\/2023\/07\/OCS-MarianBurcea-85x85.png 85w, https:\/\/www.rarom.ro\/wp-content\/uploads\/2023\/07\/OCS-MarianBurcea-60x60.png 60w, https:\/\/www.rarom.ro\/wp-content\/uploads\/2023\/07\/OCS-MarianBurcea-16x16.png 16w\" sizes=\"auto, (max-width: 150px) 100vw, 150px\" \/><\/a><\/figure><\/div>\n\n\n<div style=\"height:20px\" aria-hidden=\"true\" class=\"wp-block-spacer\"><\/div>\n\n\n\n<p class=\"has-text-align-center\"><strong><strong>Ing. Marian BURCEA<\/strong><\/strong><br><em><em>Director RAR-OCS<\/em><\/em><br>Tel: 0314.25.74.24<\/p>\n<\/div>\n\n\n\n<div class=\"wp-block-column is-layout-flow wp-block-column-is-layout-flow\" style=\"flex-basis:66.66%\">\n<p><strong>Adresa:<\/strong> Bulevardul Expozi\u021biei nr. 1K, Bucure\u0219ti \u2013 012101, sector 1<\/p>\n\n\n\n<hr>\n\n\n\n<p>Tel.: 0314.25.78.14<br>E-mail: <a href=\"mailto:ocs@rarom.ro\">ocs@rarom.ro<\/a><\/p>\n\n\n\n<p><\/p>\n<\/div>\n<\/div>\n<\/div><\/div>\n","protected":false},"excerpt":{"rendered":"<p>Registrul Auto Rom\u00e2n &#8211; Organismul de Certificare Sisteme de Management (\u00een continuare RAR-OCS) \u00ee\u015fi desf\u0103\u015foar\u0103 activitatea \u00een conformitate cu Hot\u0103r\u00e2rea Guvernului nr. 768\/1991, modificat\u0103 \u015fi completat\u0103 prin Hot\u0103r\u00e2rea Guvernului nr. 650\/1994 \u015fi republicat\u0103. ACTIVIT\u0102\u0162ILE RAR-OCS 1. CERTIFICAREA\/\u00ceNREGISTRAREA sistemului de management al calit\u0103\u0163ii \u00een baza standardului ISO 9001 pentru furnizorii de produse \u015fi servicii din industriile [&hellip;]<\/p>\n","protected":false},"author":1,"featured_media":0,"parent":0,"menu_order":0,"comment_status":"closed","ping_status":"closed","template":"","meta":{"_acf_changed":false,"footnotes":""},"class_list":["post-872","page","type-page","status-publish","hentry"],"acf":[],"_links":{"self":[{"href":"https:\/\/www.rarom.ro\/index.php?rest_route=\/wp\/v2\/pages\/872","targetHints":{"allow":["GET"]}}],"collection":[{"href":"https:\/\/www.rarom.ro\/index.php?rest_route=\/wp\/v2\/pages"}],"about":[{"href":"https:\/\/www.rarom.ro\/index.php?rest_route=\/wp\/v2\/types\/page"}],"author":[{"embeddable":true,"href":"https:\/\/www.rarom.ro\/index.php?rest_route=\/wp\/v2\/users\/1"}],"replies":[{"embeddable":true,"href":"https:\/\/www.rarom.ro\/index.php?rest_route=%2Fwp%2Fv2%2Fcomments&post=872"}],"version-history":[{"count":68,"href":"https:\/\/www.rarom.ro\/index.php?rest_route=\/wp\/v2\/pages\/872\/revisions"}],"predecessor-version":[{"id":298826,"href":"https:\/\/www.rarom.ro\/index.php?rest_route=\/wp\/v2\/pages\/872\/revisions\/298826"}],"wp:attachment":[{"href":"https:\/\/www.rarom.ro\/index.php?rest_route=%2Fwp%2Fv2%2Fmedia&parent=872"}],"curies":[{"name":"wp","href":"https:\/\/api.w.org\/{rel}","templated":true}]}}