{"id":8612,"date":"2019-11-07T11:54:56","date_gmt":"2019-11-07T09:54:56","guid":{"rendered":"https:\/\/www.rarom.ro\/?page_id=8612"},"modified":"2019-11-07T13:51:07","modified_gmt":"2019-11-07T11:51:07","slug":"bmw-745e","status":"publish","type":"page","link":"https:\/\/www.rarom.ro\/?page_id=8612","title":{"rendered":"BMW 745e"},"content":{"rendered":"<p><strong>Test: BMW 745e<\/strong><\/p>\n<p style=\"text-align: justify;\"><a href=\"https:\/\/www.rarom.ro\/wp-content\/uploads\/2019\/11\/TestBMW_mare-250.jpg\"><img loading=\"lazy\" decoding=\"async\" class=\"size-full wp-image-8613 aligncenter\" src=\"https:\/\/www.rarom.ro\/wp-content\/uploads\/2019\/11\/TestBMW_mare-250.jpg\" alt=\"\" width=\"730\" height=\"450\" srcset=\"https:\/\/www.rarom.ro\/wp-content\/uploads\/2019\/11\/TestBMW_mare-250.jpg 730w, https:\/\/www.rarom.ro\/wp-content\/uploads\/2019\/11\/TestBMW_mare-250-300x185.jpg 300w\" sizes=\"auto, (max-width: 730px) 100vw, 730px\" \/><\/a><br \/>\n<a href=\"https:\/\/www.rarom.ro\/wp-content\/uploads\/2019\/11\/TestBMW_pagini-250.jpg\"><img loading=\"lazy\" decoding=\"async\" class=\"alignleft size-full wp-image-8615\" src=\"https:\/\/www.rarom.ro\/wp-content\/uploads\/2019\/11\/TestBMW_pagini-250.jpg\" alt=\"\" width=\"250\" height=\"165\" \/><\/a>Grija pentru un mediu c\u00e2t mai curat nu este ignorat\u0103 nici de cele mai exclusiviste automobile. Prin defini\u021bie etaloane ale luxului, rafinamentului \u015fi performan\u0163elor de top, modelele de categorie premium demonstreaz\u0103 c\u0103 nu-\u015fi pierd niciun pic din farmec sau din magnetism odat\u0103 devenite versiuni par\u0163ial electrificate. Ba chiar, dimpotriv\u0103.\u00a0 [&#8230;]<\/p>\n<p style=\"clear: both;\">\n","protected":false},"excerpt":{"rendered":"<p>Test: BMW 745e Grija pentru un mediu c\u00e2t mai curat nu este ignorat\u0103 nici de cele mai exclusiviste automobile. Prin defini\u021bie etaloane ale luxului, rafinamentului \u015fi performan\u0163elor de top, modelele de categorie premium demonstreaz\u0103 c\u0103 nu-\u015fi pierd niciun pic din farmec sau din magnetism odat\u0103 devenite versiuni par\u0163ial electrificate. Ba chiar, dimpotriv\u0103.\u00a0 [&#8230;]<\/p>\n","protected":false},"author":3,"featured_media":0,"parent":8602,"menu_order":2,"comment_status":"closed","ping_status":"closed","template":"","meta":{"_acf_changed":false,"footnotes":""},"class_list":["post-8612","page","type-page","status-publish","hentry"],"acf":[],"_links":{"self":[{"href":"https:\/\/www.rarom.ro\/index.php?rest_route=\/wp\/v2\/pages\/8612","targetHints":{"allow":["GET"]}}],"collection":[{"href":"https:\/\/www.rarom.ro\/index.php?rest_route=\/wp\/v2\/pages"}],"about":[{"href":"https:\/\/www.rarom.ro\/index.php?rest_route=\/wp\/v2\/types\/page"}],"author":[{"embeddable":true,"href":"https:\/\/www.rarom.ro\/index.php?rest_route=\/wp\/v2\/users\/3"}],"replies":[{"embeddable":true,"href":"https:\/\/www.rarom.ro\/index.php?rest_route=%2Fwp%2Fv2%2Fcomments&post=8612"}],"version-history":[{"count":2,"href":"https:\/\/www.rarom.ro\/index.php?rest_route=\/wp\/v2\/pages\/8612\/revisions"}],"predecessor-version":[{"id":8674,"href":"https:\/\/www.rarom.ro\/index.php?rest_route=\/wp\/v2\/pages\/8612\/revisions\/8674"}],"up":[{"embeddable":true,"href":"https:\/\/www.rarom.ro\/index.php?rest_route=\/wp\/v2\/pages\/8602"}],"wp:attachment":[{"href":"https:\/\/www.rarom.ro\/index.php?rest_route=%2Fwp%2Fv2%2Fmedia&parent=8612"}],"curies":[{"name":"wp","href":"https:\/\/api.w.org\/{rel}","templated":true}]}}