{"id":8559,"date":"2019-10-29T09:54:09","date_gmt":"2019-10-29T07:54:09","guid":{"rendered":"https:\/\/www.rarom.ro\/?page_id=8559"},"modified":"2025-01-30T15:53:29","modified_gmt":"2025-01-30T13:53:29","slug":"agrearea-operatorilor-economici-care-efectueaza-un-program-de-instruire-tlv","status":"publish","type":"page","link":"https:\/\/www.rarom.ro\/?page_id=8559","title":{"rendered":"Agrearea operatorilor economici care efectueaz\u0103 un program de instruire TLV"},"content":{"rendered":"\n<p>Solicitan\u021bii de agreare trebuie s\u0103 depun\u0103 urm\u0103toarele <a href=\"https:\/\/www.rarom.ro\/?page_id=8556\"><strong>documente<\/strong><\/a> \u00een vederea agre\u0103rii.<\/p>\n\n\n\n<p>Documentele se pot depune la adresa <a href=\"mailto:ocs@rarom.ro\" target=\"_blank\" rel=\"noopener noreferrer\">ocs@rarom.ro<\/a> sau la sediul RAR-OCS.<\/p>\n\n\n\n<p>Dac\u0103 documentele sunt complete \u0219i corect completate se face o evaluare la sediul \u00een care se va efectua instruirea \u0219i se \u00eentocme\u0219te un raport.<\/p>\n\n\n\n<p>\u00cen baza concluziilor acestui raport se poate acorda agrearea, iar operatorul economic agreat se va include pe &#8222;<a href=\"https:\/\/www.rarom.ro\/?page_id=9001\">Lista operatorilor economici care efectueaz\u0103 un program de instruire TLV<\/a><span style=\"color: #000000;\">&#8222;.<\/span><\/p>\n\n\n\n<div style=\"height:20px\" aria-hidden=\"true\" class=\"wp-block-spacer\"><\/div>\n\n\n\n<hr>\n\n\n\n<p><strong>O.C.S. Certificare \/ \u00cenregistrare \u015fi Autorizare<\/strong><\/p>\n\n\n\n<hr>\n\n\n\n<div style=\"height:20px\" aria-hidden=\"true\" class=\"wp-block-spacer\"><\/div>\n\n\n\n<div class=\"wp-block-group\"><div class=\"wp-block-group__inner-container is-layout-constrained wp-block-group-is-layout-constrained\">\n<div class=\"wp-block-columns is-layout-flex wp-container-core-columns-is-layout-9d6595d7 wp-block-columns-is-layout-flex\">\n<div class=\"wp-block-column is-layout-flow wp-block-column-is-layout-flow\" style=\"flex-basis:33.33%\"><div class=\"wp-block-image is-style-rounded\">\n<figure class=\"aligncenter size-full\"><a href=\"https:\/\/www.rarom.ro\/wp-content\/uploads\/2023\/07\/OCS-MarianBurcea.png\"><img loading=\"lazy\" decoding=\"async\" width=\"150\" height=\"150\" src=\"https:\/\/www.rarom.ro\/wp-content\/uploads\/2023\/07\/OCS-MarianBurcea.png\" alt=\"\" class=\"wp-image-294111\" srcset=\"https:\/\/www.rarom.ro\/wp-content\/uploads\/2023\/07\/OCS-MarianBurcea.png 150w, https:\/\/www.rarom.ro\/wp-content\/uploads\/2023\/07\/OCS-MarianBurcea-85x85.png 85w, https:\/\/www.rarom.ro\/wp-content\/uploads\/2023\/07\/OCS-MarianBurcea-60x60.png 60w, https:\/\/www.rarom.ro\/wp-content\/uploads\/2023\/07\/OCS-MarianBurcea-16x16.png 16w\" sizes=\"auto, (max-width: 150px) 100vw, 150px\" \/><\/a><\/figure><\/div>\n\n\n<div style=\"height:20px\" aria-hidden=\"true\" class=\"wp-block-spacer\"><\/div>\n\n\n\n<p class=\"has-text-align-center\"><strong><strong>Ing. Marian BURCEA<\/strong><\/strong><br><em><em>Director RAR-OCS<\/em><\/em><\/p>\n<\/div>\n\n\n\n<div class=\"wp-block-column is-layout-flow wp-block-column-is-layout-flow\" style=\"flex-basis:66.66%\">\n<p><strong>Adresa:<\/strong> Bulevardul Expozi\u021biei nr. 1K, Bucure\u0219ti \u2013 012101, sector 1<\/p>\n\n\n\n<hr>\n\n\n\n<p>Tel.: 0314.25.76.99<br>E-mail: <a href=\"mailto:ocs@rarom.ro\">ocs@rarom.ro<\/a><\/p>\n\n\n\n<hr>\n\n\n\n<p><strong>Ing. Ruxandra P\u0102TRA\u0218CU ARABAGIAN<\/strong><br><em>\u0218ef Departament TLV<\/em><\/p>\n<\/div>\n<\/div>\n<\/div><\/div>\n\n\n\n<p><\/p>\n","protected":false},"excerpt":{"rendered":"<p>Solicitan\u021bii de agreare trebuie s\u0103 depun\u0103 urm\u0103toarele documente \u00een vederea agre\u0103rii. Documentele se pot depune la adresa ocs@rarom.ro sau la sediul RAR-OCS. Dac\u0103 documentele sunt complete \u0219i corect completate se face o evaluare la sediul \u00een care se va efectua instruirea \u0219i se \u00eentocme\u0219te un raport. \u00cen baza concluziilor acestui raport se poate acorda agrearea, [&hellip;]<\/p>\n","protected":false},"author":3,"featured_media":0,"parent":872,"menu_order":15,"comment_status":"closed","ping_status":"closed","template":"","meta":{"_acf_changed":false,"footnotes":""},"class_list":["post-8559","page","type-page","status-publish","hentry"],"acf":[],"_links":{"self":[{"href":"https:\/\/www.rarom.ro\/index.php?rest_route=\/wp\/v2\/pages\/8559","targetHints":{"allow":["GET"]}}],"collection":[{"href":"https:\/\/www.rarom.ro\/index.php?rest_route=\/wp\/v2\/pages"}],"about":[{"href":"https:\/\/www.rarom.ro\/index.php?rest_route=\/wp\/v2\/types\/page"}],"author":[{"embeddable":true,"href":"https:\/\/www.rarom.ro\/index.php?rest_route=\/wp\/v2\/users\/3"}],"replies":[{"embeddable":true,"href":"https:\/\/www.rarom.ro\/index.php?rest_route=%2Fwp%2Fv2%2Fcomments&post=8559"}],"version-history":[{"count":7,"href":"https:\/\/www.rarom.ro\/index.php?rest_route=\/wp\/v2\/pages\/8559\/revisions"}],"predecessor-version":[{"id":298851,"href":"https:\/\/www.rarom.ro\/index.php?rest_route=\/wp\/v2\/pages\/8559\/revisions\/298851"}],"up":[{"embeddable":true,"href":"https:\/\/www.rarom.ro\/index.php?rest_route=\/wp\/v2\/pages\/872"}],"wp:attachment":[{"href":"https:\/\/www.rarom.ro\/index.php?rest_route=%2Fwp%2Fv2%2Fmedia&parent=8559"}],"curies":[{"name":"wp","href":"https:\/\/api.w.org\/{rel}","templated":true}]}}