{"id":8463,"date":"2019-10-04T08:49:06","date_gmt":"2019-10-04T05:49:06","guid":{"rendered":"https:\/\/www.rarom.ro\/?page_id=8463"},"modified":"2019-10-04T09:05:38","modified_gmt":"2019-10-04T06:05:38","slug":"interviu","status":"publish","type":"page","link":"https:\/\/www.rarom.ro\/?page_id=8463","title":{"rendered":"Interviu"},"content":{"rendered":"<p><strong>3 Sud Est<\/strong><\/p>\n<p><a href=\"https:\/\/www.rarom.ro\/wp-content\/uploads\/2019\/10\/Interviu_mare-249.jpg\"><img loading=\"lazy\" decoding=\"async\" class=\"size-full wp-image-8464 aligncenter\" src=\"https:\/\/www.rarom.ro\/wp-content\/uploads\/2019\/10\/Interviu_mare-249.jpg\" alt=\"\" width=\"730\" height=\"450\" srcset=\"https:\/\/www.rarom.ro\/wp-content\/uploads\/2019\/10\/Interviu_mare-249.jpg 730w, https:\/\/www.rarom.ro\/wp-content\/uploads\/2019\/10\/Interviu_mare-249-300x185.jpg 300w\" sizes=\"auto, (max-width: 730px) 100vw, 730px\" \/><\/a><\/p>\n<p style=\"text-align: justify;\"><a href=\"https:\/\/www.rarom.ro\/wp-content\/uploads\/2019\/10\/Interviu_pagini-249.jpg\"><img loading=\"lazy\" decoding=\"async\" class=\"alignleft size-full wp-image-8466\" src=\"https:\/\/www.rarom.ro\/wp-content\/uploads\/2019\/10\/Interviu_pagini-249.jpg\" alt=\"\" width=\"250\" height=\"165\" \/><\/a>S-au \u00eemplinit 22 de ani de c\u00e2nd am auzit prima oar\u0103 de trupa 3 Sud Est. Trei pu\u0219ti talenta\u021bi care f\u0103ceau furori \u0219i reu\u0219eau s\u0103 v\u00e2nd\u0103 rapid 800.000 de CD-uri \u0219i casete audio. A\u0219a se m\u0103surau recordurile muzicale, la vremea respectiv\u0103. Genera\u021bii \u00eentregi au fredonat &#8222;Amintirile ne chinuiesc&#8221; \u0219i &#8222;Vorbe care dor&#8221;. Lauren\u021biu, Mihai \u0219i Viorel sunt \u00een continuare pu\u0219i pe treab\u0103. Au concerte \u0219i \u00eenregistreaz\u0103 melodii care se bucur\u0103 de succes. Noi i-am g\u0103sit pe lacul Snagov, \u00eentr-o barc\u0103, film\u00e2nd videoclipul piesei &#8222;Prietenia&#8221;, la peste 35 de grade Celsius. [&#8230;]<\/p>\n<p style=\"clear: both;\">\n","protected":false},"excerpt":{"rendered":"<p>3 Sud Est S-au \u00eemplinit 22 de ani de c\u00e2nd am auzit prima oar\u0103 de trupa 3 Sud Est. Trei pu\u0219ti talenta\u021bi care f\u0103ceau furori \u0219i reu\u0219eau s\u0103 v\u00e2nd\u0103 rapid 800.000 de CD-uri \u0219i casete audio. A\u0219a se m\u0103surau recordurile muzicale, la vremea respectiv\u0103. Genera\u021bii \u00eentregi au fredonat &#8222;Amintirile ne chinuiesc&#8221; \u0219i &#8222;Vorbe care dor&#8221;. [&hellip;]<\/p>\n","protected":false},"author":3,"featured_media":0,"parent":8398,"menu_order":2,"comment_status":"closed","ping_status":"closed","template":"","meta":{"_acf_changed":false,"footnotes":""},"class_list":["post-8463","page","type-page","status-publish","hentry"],"acf":[],"_links":{"self":[{"href":"https:\/\/www.rarom.ro\/index.php?rest_route=\/wp\/v2\/pages\/8463","targetHints":{"allow":["GET"]}}],"collection":[{"href":"https:\/\/www.rarom.ro\/index.php?rest_route=\/wp\/v2\/pages"}],"about":[{"href":"https:\/\/www.rarom.ro\/index.php?rest_route=\/wp\/v2\/types\/page"}],"author":[{"embeddable":true,"href":"https:\/\/www.rarom.ro\/index.php?rest_route=\/wp\/v2\/users\/3"}],"replies":[{"embeddable":true,"href":"https:\/\/www.rarom.ro\/index.php?rest_route=%2Fwp%2Fv2%2Fcomments&post=8463"}],"version-history":[{"count":1,"href":"https:\/\/www.rarom.ro\/index.php?rest_route=\/wp\/v2\/pages\/8463\/revisions"}],"predecessor-version":[{"id":8468,"href":"https:\/\/www.rarom.ro\/index.php?rest_route=\/wp\/v2\/pages\/8463\/revisions\/8468"}],"up":[{"embeddable":true,"href":"https:\/\/www.rarom.ro\/index.php?rest_route=\/wp\/v2\/pages\/8398"}],"wp:attachment":[{"href":"https:\/\/www.rarom.ro\/index.php?rest_route=%2Fwp%2Fv2%2Fmedia&parent=8463"}],"curies":[{"name":"wp","href":"https:\/\/api.w.org\/{rel}","templated":true}]}}