{"id":8457,"date":"2019-10-04T08:47:41","date_gmt":"2019-10-04T05:47:41","guid":{"rendered":"https:\/\/www.rarom.ro\/?page_id=8457"},"modified":"2019-10-04T09:05:21","modified_gmt":"2019-10-04T06:05:21","slug":"bmw-c-400-gt","status":"publish","type":"page","link":"https:\/\/www.rarom.ro\/?page_id=8457","title":{"rendered":"BMW C 400 GT"},"content":{"rendered":"<p><strong>Test: BMW C 400 GT<\/strong><\/p>\n<p><a href=\"https:\/\/www.rarom.ro\/wp-content\/uploads\/2019\/10\/TestBMW_mare-249.jpg\"><img loading=\"lazy\" decoding=\"async\" class=\"size-full wp-image-8458 aligncenter\" src=\"https:\/\/www.rarom.ro\/wp-content\/uploads\/2019\/10\/TestBMW_mare-249.jpg\" alt=\"\" width=\"730\" height=\"450\" srcset=\"https:\/\/www.rarom.ro\/wp-content\/uploads\/2019\/10\/TestBMW_mare-249.jpg 730w, https:\/\/www.rarom.ro\/wp-content\/uploads\/2019\/10\/TestBMW_mare-249-300x185.jpg 300w\" sizes=\"auto, (max-width: 730px) 100vw, 730px\" \/><\/a><\/p>\n<p style=\"text-align: justify;\"><a href=\"https:\/\/www.rarom.ro\/wp-content\/uploads\/2019\/10\/TestBMW_pagini-249.jpg\"><img loading=\"lazy\" decoding=\"async\" class=\"alignleft size-full wp-image-8460\" src=\"https:\/\/www.rarom.ro\/wp-content\/uploads\/2019\/10\/TestBMW_pagini-249.jpg\" alt=\"\" width=\"250\" height=\"165\" \/><\/a>Scuterele devin ni\u015fte ustensile din ce \u00een ce mai c\u0103utate pentru a rezolva problema mobilit\u0103\u0163ii individuale. Consumurile mici, agilitatea cu care se strecoar\u0103 prin traficul aglomerat, absen\u021ba schimb\u0103torului de viteze \u015fi capacitatea de stocare convenabil\u0103 le ajut\u0103 s\u0103 devin\u0103 dezirabile pentru un num\u0103r din ce \u00een ce mai mare de utilizatori. [&#8230;]<\/p>\n<p style=\"clear: both;\">\n","protected":false},"excerpt":{"rendered":"<p>Test: BMW C 400 GT Scuterele devin ni\u015fte ustensile din ce \u00een ce mai c\u0103utate pentru a rezolva problema mobilit\u0103\u0163ii individuale. Consumurile mici, agilitatea cu care se strecoar\u0103 prin traficul aglomerat, absen\u021ba schimb\u0103torului de viteze \u015fi capacitatea de stocare convenabil\u0103 le ajut\u0103 s\u0103 devin\u0103 dezirabile pentru un num\u0103r din ce \u00een ce mai mare de [&hellip;]<\/p>\n","protected":false},"author":3,"featured_media":0,"parent":8403,"menu_order":8,"comment_status":"closed","ping_status":"closed","template":"","meta":{"_acf_changed":false,"footnotes":""},"class_list":["post-8457","page","type-page","status-publish","hentry"],"acf":[],"_links":{"self":[{"href":"https:\/\/www.rarom.ro\/index.php?rest_route=\/wp\/v2\/pages\/8457","targetHints":{"allow":["GET"]}}],"collection":[{"href":"https:\/\/www.rarom.ro\/index.php?rest_route=\/wp\/v2\/pages"}],"about":[{"href":"https:\/\/www.rarom.ro\/index.php?rest_route=\/wp\/v2\/types\/page"}],"author":[{"embeddable":true,"href":"https:\/\/www.rarom.ro\/index.php?rest_route=\/wp\/v2\/users\/3"}],"replies":[{"embeddable":true,"href":"https:\/\/www.rarom.ro\/index.php?rest_route=%2Fwp%2Fv2%2Fcomments&post=8457"}],"version-history":[{"count":1,"href":"https:\/\/www.rarom.ro\/index.php?rest_route=\/wp\/v2\/pages\/8457\/revisions"}],"predecessor-version":[{"id":8462,"href":"https:\/\/www.rarom.ro\/index.php?rest_route=\/wp\/v2\/pages\/8457\/revisions\/8462"}],"up":[{"embeddable":true,"href":"https:\/\/www.rarom.ro\/index.php?rest_route=\/wp\/v2\/pages\/8403"}],"wp:attachment":[{"href":"https:\/\/www.rarom.ro\/index.php?rest_route=%2Fwp%2Fv2%2Fmedia&parent=8457"}],"curies":[{"name":"wp","href":"https:\/\/api.w.org\/{rel}","templated":true}]}}