{"id":8437,"date":"2019-10-04T08:44:58","date_gmt":"2019-10-04T05:44:58","guid":{"rendered":"https:\/\/www.rarom.ro\/?page_id=8437"},"modified":"2019-10-04T09:04:29","modified_gmt":"2019-10-04T06:04:29","slug":"mazda-mx-5","status":"publish","type":"page","link":"https:\/\/www.rarom.ro\/?page_id=8437","title":{"rendered":"Mazda MX-5"},"content":{"rendered":"<p><strong>Test: Mazda MX-5<\/strong><\/p>\n<p><a href=\"https:\/\/www.rarom.ro\/wp-content\/uploads\/2019\/10\/TestMX5_mare-249-2.jpg\"><img loading=\"lazy\" decoding=\"async\" class=\"size-full wp-image-8446 aligncenter\" src=\"https:\/\/www.rarom.ro\/wp-content\/uploads\/2019\/10\/TestMX5_mare-249-2.jpg\" alt=\"\" width=\"730\" height=\"450\" srcset=\"https:\/\/www.rarom.ro\/wp-content\/uploads\/2019\/10\/TestMX5_mare-249-2.jpg 730w, https:\/\/www.rarom.ro\/wp-content\/uploads\/2019\/10\/TestMX5_mare-249-2-300x185.jpg 300w\" sizes=\"auto, (max-width: 730px) 100vw, 730px\" \/><\/a><\/p>\n<p style=\"text-align: justify;\"><a href=\"https:\/\/www.rarom.ro\/wp-content\/uploads\/2019\/10\/TestMX5_pagini-249.jpg\"><img loading=\"lazy\" decoding=\"async\" class=\"alignleft size-full wp-image-8448\" src=\"https:\/\/www.rarom.ro\/wp-content\/uploads\/2019\/10\/TestMX5_pagini-249.jpg\" alt=\"\" width=\"250\" height=\"165\" \/><\/a>Roadsterul Mazda MX-5 a primit un motor mai puternic, de 2.0 litri, transform\u00e2nd caracterul acestei mici decapotabile. Dintr-un bl\u00e2nd roadster, s-a metamorfozat \u00eentr-un automobil sport. [&#8230;]<\/p>\n<p style=\"clear: both;\">\n","protected":false},"excerpt":{"rendered":"<p>Test: Mazda MX-5 Roadsterul Mazda MX-5 a primit un motor mai puternic, de 2.0 litri, transform\u00e2nd caracterul acestei mici decapotabile. Dintr-un bl\u00e2nd roadster, s-a metamorfozat \u00eentr-un automobil sport. [&#8230;]<\/p>\n","protected":false},"author":3,"featured_media":0,"parent":8403,"menu_order":6,"comment_status":"closed","ping_status":"closed","template":"","meta":{"_acf_changed":false,"footnotes":""},"class_list":["post-8437","page","type-page","status-publish","hentry"],"acf":[],"_links":{"self":[{"href":"https:\/\/www.rarom.ro\/index.php?rest_route=\/wp\/v2\/pages\/8437","targetHints":{"allow":["GET"]}}],"collection":[{"href":"https:\/\/www.rarom.ro\/index.php?rest_route=\/wp\/v2\/pages"}],"about":[{"href":"https:\/\/www.rarom.ro\/index.php?rest_route=\/wp\/v2\/types\/page"}],"author":[{"embeddable":true,"href":"https:\/\/www.rarom.ro\/index.php?rest_route=\/wp\/v2\/users\/3"}],"replies":[{"embeddable":true,"href":"https:\/\/www.rarom.ro\/index.php?rest_route=%2Fwp%2Fv2%2Fcomments&post=8437"}],"version-history":[{"count":1,"href":"https:\/\/www.rarom.ro\/index.php?rest_route=\/wp\/v2\/pages\/8437\/revisions"}],"predecessor-version":[{"id":8450,"href":"https:\/\/www.rarom.ro\/index.php?rest_route=\/wp\/v2\/pages\/8437\/revisions\/8450"}],"up":[{"embeddable":true,"href":"https:\/\/www.rarom.ro\/index.php?rest_route=\/wp\/v2\/pages\/8403"}],"wp:attachment":[{"href":"https:\/\/www.rarom.ro\/index.php?rest_route=%2Fwp%2Fv2%2Fmedia&parent=8437"}],"curies":[{"name":"wp","href":"https:\/\/api.w.org\/{rel}","templated":true}]}}