{"id":8318,"date":"2019-09-17T10:10:43","date_gmt":"2019-09-17T07:10:43","guid":{"rendered":"https:\/\/www.rarom.ro\/?page_id=8318"},"modified":"2019-09-19T11:33:54","modified_gmt":"2019-09-19T08:33:54","slug":"reportaj","status":"publish","type":"page","link":"https:\/\/www.rarom.ro\/?page_id=8318","title":{"rendered":"Reportaj"},"content":{"rendered":"<p><strong>#RomanianRoads2019<\/strong><\/p>\n<p><a href=\"https:\/\/www.rarom.ro\/wp-content\/uploads\/2019\/09\/Reportaj_mare-248.jpeg\"><img loading=\"lazy\" decoding=\"async\" class=\"size-full wp-image-8319 aligncenter\" src=\"https:\/\/www.rarom.ro\/wp-content\/uploads\/2019\/09\/Reportaj_mare-248.jpeg\" alt=\"\" width=\"730\" height=\"450\" srcset=\"https:\/\/www.rarom.ro\/wp-content\/uploads\/2019\/09\/Reportaj_mare-248.jpeg 730w, https:\/\/www.rarom.ro\/wp-content\/uploads\/2019\/09\/Reportaj_mare-248-300x185.jpeg 300w\" sizes=\"auto, (max-width: 730px) 100vw, 730px\" \/><\/a><\/p>\n<p style=\"text-align: justify;\"><a href=\"https:\/\/www.rarom.ro\/wp-content\/uploads\/2019\/09\/Reportaj_pagini-248.jpg\"><img loading=\"lazy\" decoding=\"async\" class=\"alignleft size-full wp-image-8321\" src=\"https:\/\/www.rarom.ro\/wp-content\/uploads\/2019\/09\/Reportaj_pagini-248.jpg\" alt=\"\" width=\"250\" height=\"165\" \/><\/a>Al\u0103turi de o serie de invita\u021bi din presa auto din Rom\u00e2nia \u0219i din str\u0103in\u0103tate am participat la turul de o s\u0103pt\u0103m\u00e2n\u0103 numit #RomanianRoads. \u0218apte ma\u0219ini sport pentru cele mai frumoase drumuri din \u021bara noastr\u0103. [&#8230;]<\/p>\n<p style=\"clear: both;\">\n","protected":false},"excerpt":{"rendered":"<p>#RomanianRoads2019 Al\u0103turi de o serie de invita\u021bi din presa auto din Rom\u00e2nia \u0219i din str\u0103in\u0103tate am participat la turul de o s\u0103pt\u0103m\u00e2n\u0103 numit #RomanianRoads. \u0218apte ma\u0219ini sport pentru cele mai frumoase drumuri din \u021bara noastr\u0103. [&#8230;]<\/p>\n","protected":false},"author":3,"featured_media":0,"parent":8243,"menu_order":4,"comment_status":"closed","ping_status":"closed","template":"","meta":{"_acf_changed":false,"footnotes":""},"class_list":["post-8318","page","type-page","status-publish","hentry"],"acf":[],"_links":{"self":[{"href":"https:\/\/www.rarom.ro\/index.php?rest_route=\/wp\/v2\/pages\/8318","targetHints":{"allow":["GET"]}}],"collection":[{"href":"https:\/\/www.rarom.ro\/index.php?rest_route=\/wp\/v2\/pages"}],"about":[{"href":"https:\/\/www.rarom.ro\/index.php?rest_route=\/wp\/v2\/types\/page"}],"author":[{"embeddable":true,"href":"https:\/\/www.rarom.ro\/index.php?rest_route=\/wp\/v2\/users\/3"}],"replies":[{"embeddable":true,"href":"https:\/\/www.rarom.ro\/index.php?rest_route=%2Fwp%2Fv2%2Fcomments&post=8318"}],"version-history":[{"count":3,"href":"https:\/\/www.rarom.ro\/index.php?rest_route=\/wp\/v2\/pages\/8318\/revisions"}],"predecessor-version":[{"id":8378,"href":"https:\/\/www.rarom.ro\/index.php?rest_route=\/wp\/v2\/pages\/8318\/revisions\/8378"}],"up":[{"embeddable":true,"href":"https:\/\/www.rarom.ro\/index.php?rest_route=\/wp\/v2\/pages\/8243"}],"wp:attachment":[{"href":"https:\/\/www.rarom.ro\/index.php?rest_route=%2Fwp%2Fv2%2Fmedia&parent=8318"}],"curies":[{"name":"wp","href":"https:\/\/api.w.org\/{rel}","templated":true}]}}