{"id":8262,"date":"2019-09-16T15:28:05","date_gmt":"2019-09-16T12:28:05","guid":{"rendered":"https:\/\/www.rarom.ro\/?page_id=8262"},"modified":"2019-09-19T11:32:00","modified_gmt":"2019-09-19T08:32:00","slug":"renault-renault-talisman","status":"publish","type":"page","link":"https:\/\/www.rarom.ro\/?page_id=8262","title":{"rendered":"Renault Talisman"},"content":{"rendered":"<p><strong>Test: Renault Talisman<\/strong><\/p>\n<p><a href=\"https:\/\/www.rarom.ro\/wp-content\/uploads\/2019\/09\/TestRenault_mare-248.jpg\"><img loading=\"lazy\" decoding=\"async\" class=\"size-full wp-image-8263 aligncenter\" src=\"https:\/\/www.rarom.ro\/wp-content\/uploads\/2019\/09\/TestRenault_mare-248.jpg\" alt=\"\" width=\"730\" height=\"450\" srcset=\"https:\/\/www.rarom.ro\/wp-content\/uploads\/2019\/09\/TestRenault_mare-248.jpg 730w, https:\/\/www.rarom.ro\/wp-content\/uploads\/2019\/09\/TestRenault_mare-248-300x185.jpg 300w\" sizes=\"auto, (max-width: 730px) 100vw, 730px\" \/><\/a><\/p>\n<p style=\"text-align: justify;\"><a href=\"https:\/\/www.rarom.ro\/wp-content\/uploads\/2019\/09\/TestRenault_pagini-248.jpg\"><img loading=\"lazy\" decoding=\"async\" class=\"alignleft size-full wp-image-8265\" src=\"https:\/\/www.rarom.ro\/wp-content\/uploads\/2019\/09\/TestRenault_pagini-248.jpg\" alt=\"\" width=\"250\" height=\"165\" \/><\/a>Cu Renault Talisman am f\u0103cut cuno\u0219tin\u021b\u0103 acum trei ani, c\u00e2nd s-a lansat pe pia\u021ba noastr\u0103, iar apari\u021bia sa \u00eentr-un segment D cu o dinamic\u0103 \u00een continu\u0103 expansiune anun\u021ba o concuren\u021b\u0103 acerb\u0103 unor competitori de talia lui Ford Mondeo, Peugeot 508, VW Passat sau Mazda6. Acum vorbim despre un motor nou \u0219i &#8222;ceva&#8221; cai \u00een plus. Adic\u0103 25. [&#8230;]<\/p>\n<p style=\"clear: both;\">\n","protected":false},"excerpt":{"rendered":"<p>Test: Renault Talisman Cu Renault Talisman am f\u0103cut cuno\u0219tin\u021b\u0103 acum trei ani, c\u00e2nd s-a lansat pe pia\u021ba noastr\u0103, iar apari\u021bia sa \u00eentr-un segment D cu o dinamic\u0103 \u00een continu\u0103 expansiune anun\u021ba o concuren\u021b\u0103 acerb\u0103 unor competitori de talia lui Ford Mondeo, Peugeot 508, VW Passat sau Mazda6. Acum vorbim despre un motor nou \u0219i &#8222;ceva&#8221; [&hellip;]<\/p>\n","protected":false},"author":3,"featured_media":0,"parent":8249,"menu_order":2,"comment_status":"closed","ping_status":"closed","template":"","meta":{"_acf_changed":false,"footnotes":""},"class_list":["post-8262","page","type-page","status-publish","hentry"],"acf":[],"_links":{"self":[{"href":"https:\/\/www.rarom.ro\/index.php?rest_route=\/wp\/v2\/pages\/8262","targetHints":{"allow":["GET"]}}],"collection":[{"href":"https:\/\/www.rarom.ro\/index.php?rest_route=\/wp\/v2\/pages"}],"about":[{"href":"https:\/\/www.rarom.ro\/index.php?rest_route=\/wp\/v2\/types\/page"}],"author":[{"embeddable":true,"href":"https:\/\/www.rarom.ro\/index.php?rest_route=\/wp\/v2\/users\/3"}],"replies":[{"embeddable":true,"href":"https:\/\/www.rarom.ro\/index.php?rest_route=%2Fwp%2Fv2%2Fcomments&post=8262"}],"version-history":[{"count":3,"href":"https:\/\/www.rarom.ro\/index.php?rest_route=\/wp\/v2\/pages\/8262\/revisions"}],"predecessor-version":[{"id":8371,"href":"https:\/\/www.rarom.ro\/index.php?rest_route=\/wp\/v2\/pages\/8262\/revisions\/8371"}],"up":[{"embeddable":true,"href":"https:\/\/www.rarom.ro\/index.php?rest_route=\/wp\/v2\/pages\/8249"}],"wp:attachment":[{"href":"https:\/\/www.rarom.ro\/index.php?rest_route=%2Fwp%2Fv2%2Fmedia&parent=8262"}],"curies":[{"name":"wp","href":"https:\/\/api.w.org\/{rel}","templated":true}]}}