{"id":8256,"date":"2019-09-16T15:24:41","date_gmt":"2019-09-16T12:24:41","guid":{"rendered":"https:\/\/www.rarom.ro\/?page_id=8256"},"modified":"2019-09-19T11:31:48","modified_gmt":"2019-09-19T08:31:48","slug":"lamborghini-huracan-evo","status":"publish","type":"page","link":"https:\/\/www.rarom.ro\/?page_id=8256","title":{"rendered":"Lamborghini Huracan Evo"},"content":{"rendered":"<p><strong>Test: Lamborghini Huracan Evo<\/strong><\/p>\n<p><a href=\"https:\/\/www.rarom.ro\/wp-content\/uploads\/2019\/09\/TestLamborghini_mare-248.jpg\"><img loading=\"lazy\" decoding=\"async\" class=\"size-full wp-image-8257 aligncenter\" src=\"https:\/\/www.rarom.ro\/wp-content\/uploads\/2019\/09\/TestLamborghini_mare-248.jpg\" alt=\"\" width=\"730\" height=\"450\" srcset=\"https:\/\/www.rarom.ro\/wp-content\/uploads\/2019\/09\/TestLamborghini_mare-248.jpg 730w, https:\/\/www.rarom.ro\/wp-content\/uploads\/2019\/09\/TestLamborghini_mare-248-300x185.jpg 300w\" sizes=\"auto, (max-width: 730px) 100vw, 730px\" \/><\/a><\/p>\n<p style=\"text-align: justify;\"><a href=\"https:\/\/www.rarom.ro\/wp-content\/uploads\/2019\/09\/TestLamborghini_pagini-248.jpg\"><img loading=\"lazy\" decoding=\"async\" class=\"alignleft size-full wp-image-8259\" src=\"https:\/\/www.rarom.ro\/wp-content\/uploads\/2019\/09\/TestLamborghini_pagini-248.jpg\" alt=\"\" width=\"250\" height=\"165\" \/><\/a>Un Lamborghini este o experien\u021b\u0103 \u00een sine, pentru c\u0103 oportunitatea de a conduce un asemenea automobil apare at\u00e2t de rar \u00eenc\u00e2t nu poate fi refuzat\u0103. \u00cen cazul meu, este primul Lamborghini pe care \u00eel conduc \u00een 20 de ani de pres\u0103 auto. [&#8230;]<\/p>\n<p style=\"clear: both;\">\n","protected":false},"excerpt":{"rendered":"<p>Test: Lamborghini Huracan Evo Un Lamborghini este o experien\u021b\u0103 \u00een sine, pentru c\u0103 oportunitatea de a conduce un asemenea automobil apare at\u00e2t de rar \u00eenc\u00e2t nu poate fi refuzat\u0103. \u00cen cazul meu, este primul Lamborghini pe care \u00eel conduc \u00een 20 de ani de pres\u0103 auto. [&#8230;]<\/p>\n","protected":false},"author":3,"featured_media":0,"parent":8249,"menu_order":1,"comment_status":"closed","ping_status":"closed","template":"","meta":{"_acf_changed":false,"footnotes":""},"class_list":["post-8256","page","type-page","status-publish","hentry"],"acf":[],"_links":{"self":[{"href":"https:\/\/www.rarom.ro\/index.php?rest_route=\/wp\/v2\/pages\/8256","targetHints":{"allow":["GET"]}}],"collection":[{"href":"https:\/\/www.rarom.ro\/index.php?rest_route=\/wp\/v2\/pages"}],"about":[{"href":"https:\/\/www.rarom.ro\/index.php?rest_route=\/wp\/v2\/types\/page"}],"author":[{"embeddable":true,"href":"https:\/\/www.rarom.ro\/index.php?rest_route=\/wp\/v2\/users\/3"}],"replies":[{"embeddable":true,"href":"https:\/\/www.rarom.ro\/index.php?rest_route=%2Fwp%2Fv2%2Fcomments&post=8256"}],"version-history":[{"count":2,"href":"https:\/\/www.rarom.ro\/index.php?rest_route=\/wp\/v2\/pages\/8256\/revisions"}],"predecessor-version":[{"id":8370,"href":"https:\/\/www.rarom.ro\/index.php?rest_route=\/wp\/v2\/pages\/8256\/revisions\/8370"}],"up":[{"embeddable":true,"href":"https:\/\/www.rarom.ro\/index.php?rest_route=\/wp\/v2\/pages\/8249"}],"wp:attachment":[{"href":"https:\/\/www.rarom.ro\/index.php?rest_route=%2Fwp%2Fv2%2Fmedia&parent=8256"}],"curies":[{"name":"wp","href":"https:\/\/api.w.org\/{rel}","templated":true}]}}