{"id":8069,"date":"2019-07-08T11:04:21","date_gmt":"2019-07-08T08:04:21","guid":{"rendered":"https:\/\/www.rarom.ro\/?page_id=8069"},"modified":"2019-07-09T13:10:55","modified_gmt":"2019-07-09T10:10:55","slug":"design","status":"publish","type":"page","link":"https:\/\/www.rarom.ro\/?page_id=8069","title":{"rendered":"Design"},"content":{"rendered":"<p><strong>BMW Seria 1<\/strong><\/p>\n<p><a href=\"https:\/\/www.rarom.ro\/wp-content\/uploads\/2019\/07\/Design_mare-247.jpg\"><img loading=\"lazy\" decoding=\"async\" class=\"size-full wp-image-8070 aligncenter\" src=\"https:\/\/www.rarom.ro\/wp-content\/uploads\/2019\/07\/Design_mare-247.jpg\" alt=\"\" width=\"730\" height=\"450\" srcset=\"https:\/\/www.rarom.ro\/wp-content\/uploads\/2019\/07\/Design_mare-247.jpg 730w, https:\/\/www.rarom.ro\/wp-content\/uploads\/2019\/07\/Design_mare-247-300x185.jpg 300w\" sizes=\"auto, (max-width: 730px) 100vw, 730px\" \/><\/a><\/p>\n<p><a href=\"https:\/\/www.rarom.ro\/wp-content\/uploads\/2019\/07\/Design_pagini-247.jpg\"><img loading=\"lazy\" decoding=\"async\" class=\"alignleft size-full wp-image-8072\" src=\"https:\/\/www.rarom.ro\/wp-content\/uploads\/2019\/07\/Design_pagini-247.jpg\" alt=\"\" width=\"250\" height=\"165\" \/><\/a><\/p>\n<p style=\"text-align: justify;\">BMW seria 1 ajunge la a treia genera\u021bie \u0219i marcheaz\u0103 cu aceast\u0103 ocazie o schimbare de abordare \u00een materie de transmisie \u0219i de design, comparativ cu predecesoarele sale. [&#8230;]<\/p>\n<p style=\"clear: both;\">\n","protected":false},"excerpt":{"rendered":"<p>BMW Seria 1 BMW seria 1 ajunge la a treia genera\u021bie \u0219i marcheaz\u0103 cu aceast\u0103 ocazie o schimbare de abordare \u00een materie de transmisie \u0219i de design, comparativ cu predecesoarele sale. [&#8230;]<\/p>\n","protected":false},"author":3,"featured_media":0,"parent":8003,"menu_order":5,"comment_status":"closed","ping_status":"closed","template":"","meta":{"_acf_changed":false,"footnotes":""},"class_list":["post-8069","page","type-page","status-publish","hentry"],"acf":[],"_links":{"self":[{"href":"https:\/\/www.rarom.ro\/index.php?rest_route=\/wp\/v2\/pages\/8069","targetHints":{"allow":["GET"]}}],"collection":[{"href":"https:\/\/www.rarom.ro\/index.php?rest_route=\/wp\/v2\/pages"}],"about":[{"href":"https:\/\/www.rarom.ro\/index.php?rest_route=\/wp\/v2\/types\/page"}],"author":[{"embeddable":true,"href":"https:\/\/www.rarom.ro\/index.php?rest_route=\/wp\/v2\/users\/3"}],"replies":[{"embeddable":true,"href":"https:\/\/www.rarom.ro\/index.php?rest_route=%2Fwp%2Fv2%2Fcomments&post=8069"}],"version-history":[{"count":5,"href":"https:\/\/www.rarom.ro\/index.php?rest_route=\/wp\/v2\/pages\/8069\/revisions"}],"predecessor-version":[{"id":8104,"href":"https:\/\/www.rarom.ro\/index.php?rest_route=\/wp\/v2\/pages\/8069\/revisions\/8104"}],"up":[{"embeddable":true,"href":"https:\/\/www.rarom.ro\/index.php?rest_route=\/wp\/v2\/pages\/8003"}],"wp:attachment":[{"href":"https:\/\/www.rarom.ro\/index.php?rest_route=%2Fwp%2Fv2%2Fmedia&parent=8069"}],"curies":[{"name":"wp","href":"https:\/\/api.w.org\/{rel}","templated":true}]}}