{"id":8049,"date":"2019-07-08T10:54:22","date_gmt":"2019-07-08T07:54:22","guid":{"rendered":"https:\/\/www.rarom.ro\/?page_id=8049"},"modified":"2019-07-09T13:15:12","modified_gmt":"2019-07-09T10:15:12","slug":"interviu","status":"publish","type":"page","link":"https:\/\/www.rarom.ro\/?page_id=8049","title":{"rendered":"Interviu"},"content":{"rendered":"<p><strong>Chef Sorin Bontea<\/strong><\/p>\n<p><a href=\"https:\/\/www.rarom.ro\/wp-content\/uploads\/2019\/07\/Interviu_mare-247.jpg\"><img loading=\"lazy\" decoding=\"async\" class=\"size-full wp-image-8050 aligncenter\" src=\"https:\/\/www.rarom.ro\/wp-content\/uploads\/2019\/07\/Interviu_mare-247.jpg\" alt=\"\" width=\"730\" height=\"450\" srcset=\"https:\/\/www.rarom.ro\/wp-content\/uploads\/2019\/07\/Interviu_mare-247.jpg 730w, https:\/\/www.rarom.ro\/wp-content\/uploads\/2019\/07\/Interviu_mare-247-300x185.jpg 300w\" sizes=\"auto, (max-width: 730px) 100vw, 730px\" \/><\/a><\/p>\n<p><a href=\"https:\/\/www.rarom.ro\/wp-content\/uploads\/2019\/07\/Interviu_pagini-247.jpg\"><img loading=\"lazy\" decoding=\"async\" class=\"alignleft size-full wp-image-8052\" src=\"https:\/\/www.rarom.ro\/wp-content\/uploads\/2019\/07\/Interviu_pagini-247.jpg\" alt=\"\" width=\"250\" height=\"165\" \/><\/a><\/p>\n<p style=\"text-align: justify;\">&#8222;Chefi de cu\u0163ite&#8221; se preg\u0103te\u015fte de sezonul cu num\u0103rul 9. \u015ei nu avem nicio \u00eendoial\u0103 c\u0103 emisiunea difuzat\u0103 de Antena 1 va merge pe acela\u015fi drum spectaculos pres\u0103rat cu momente palpitante, scene amuzante, bucate gustoase, replici aprige, oale \u015fi tig\u0103i aruncate. Re\u0163eta succesului este garantat\u0103 de Florin Dumitrescu, C\u0103t\u0103lin Sc\u0103rl\u0103tescu \u015fi invitatul nostru din acest interviu, Sorin Bontea. Cei trei chefi sunt gata pentru o nou\u0103 competi\u0163ie pe muchie de cu\u0163it \u015fi promit s\u0103 ne conduc\u0103 \u00eentr-o nou\u0103 aventur\u0103. [&#8230;]<\/p>\n<p style=\"clear: both;\">\n","protected":false},"excerpt":{"rendered":"<p>Chef Sorin Bontea &#8222;Chefi de cu\u0163ite&#8221; se preg\u0103te\u015fte de sezonul cu num\u0103rul 9. \u015ei nu avem nicio \u00eendoial\u0103 c\u0103 emisiunea difuzat\u0103 de Antena 1 va merge pe acela\u015fi drum spectaculos pres\u0103rat cu momente palpitante, scene amuzante, bucate gustoase, replici aprige, oale \u015fi tig\u0103i aruncate. Re\u0163eta succesului este garantat\u0103 de Florin Dumitrescu, C\u0103t\u0103lin Sc\u0103rl\u0103tescu \u015fi invitatul [&hellip;]<\/p>\n","protected":false},"author":3,"featured_media":0,"parent":8003,"menu_order":2,"comment_status":"closed","ping_status":"closed","template":"","meta":{"_acf_changed":false,"footnotes":""},"class_list":["post-8049","page","type-page","status-publish","hentry"],"acf":[],"_links":{"self":[{"href":"https:\/\/www.rarom.ro\/index.php?rest_route=\/wp\/v2\/pages\/8049","targetHints":{"allow":["GET"]}}],"collection":[{"href":"https:\/\/www.rarom.ro\/index.php?rest_route=\/wp\/v2\/pages"}],"about":[{"href":"https:\/\/www.rarom.ro\/index.php?rest_route=\/wp\/v2\/types\/page"}],"author":[{"embeddable":true,"href":"https:\/\/www.rarom.ro\/index.php?rest_route=\/wp\/v2\/users\/3"}],"replies":[{"embeddable":true,"href":"https:\/\/www.rarom.ro\/index.php?rest_route=%2Fwp%2Fv2%2Fcomments&post=8049"}],"version-history":[{"count":2,"href":"https:\/\/www.rarom.ro\/index.php?rest_route=\/wp\/v2\/pages\/8049\/revisions"}],"predecessor-version":[{"id":8109,"href":"https:\/\/www.rarom.ro\/index.php?rest_route=\/wp\/v2\/pages\/8049\/revisions\/8109"}],"up":[{"embeddable":true,"href":"https:\/\/www.rarom.ro\/index.php?rest_route=\/wp\/v2\/pages\/8003"}],"wp:attachment":[{"href":"https:\/\/www.rarom.ro\/index.php?rest_route=%2Fwp%2Fv2%2Fmedia&parent=8049"}],"curies":[{"name":"wp","href":"https:\/\/api.w.org\/{rel}","templated":true}]}}