{"id":8025,"date":"2019-07-08T10:45:01","date_gmt":"2019-07-08T07:45:01","guid":{"rendered":"https:\/\/www.rarom.ro\/?page_id=8025"},"modified":"2019-07-09T13:19:28","modified_gmt":"2019-07-09T10:19:28","slug":"kia-stinger","status":"publish","type":"page","link":"https:\/\/www.rarom.ro\/?page_id=8025","title":{"rendered":"Kia Stinger"},"content":{"rendered":"<p><strong>Test: Kia Stinger<\/strong><\/p>\n<p><a href=\"https:\/\/www.rarom.ro\/wp-content\/uploads\/2019\/07\/Test_Kia_mare-247.jpg\"><img loading=\"lazy\" decoding=\"async\" class=\"size-full wp-image-8026 aligncenter\" src=\"https:\/\/www.rarom.ro\/wp-content\/uploads\/2019\/07\/Test_Kia_mare-247.jpg\" alt=\"\" width=\"730\" height=\"450\" srcset=\"https:\/\/www.rarom.ro\/wp-content\/uploads\/2019\/07\/Test_Kia_mare-247.jpg 730w, https:\/\/www.rarom.ro\/wp-content\/uploads\/2019\/07\/Test_Kia_mare-247-300x185.jpg 300w\" sizes=\"auto, (max-width: 730px) 100vw, 730px\" \/><\/a> <\/p>\n<p><a href=\"https:\/\/www.rarom.ro\/wp-content\/uploads\/2019\/07\/Test_Kia_pagini-247.jpg\"><img loading=\"lazy\" decoding=\"async\" class=\"alignleft size-full wp-image-8028\" src=\"https:\/\/www.rarom.ro\/wp-content\/uploads\/2019\/07\/Test_Kia_pagini-247.jpg\" alt=\"\" width=\"250\" height=\"165\" \/><\/a><\/p>\n<p>A\u0219teptam cu ner\u0103bdare un come back la Kia Stinger, mai ales c\u00e2nd \u0219tiam c\u00e2t de galben\u0103 era viitoarea ma\u0219in\u0103 de test. Iar \u00een momentul \u00eent\u00e2lnirii, dup\u0103 ce i-am dat t\u00e2rcoale de c\u00e2teva ori \u0219i i-am v\u0103zut sigla GT, am salutat-o privind-o \u00een maniera filmelor cu donjuani italieni: &#8222;Helloooou GeeTee!&#8221;.\u00a0 [&#8230;]<\/p>\n<p style=\"clear: both;\">\n","protected":false},"excerpt":{"rendered":"<p>Test: Kia Stinger A\u0219teptam cu ner\u0103bdare un come back la Kia Stinger, mai ales c\u00e2nd \u0219tiam c\u00e2t de galben\u0103 era viitoarea ma\u0219in\u0103 de test. Iar \u00een momentul \u00eent\u00e2lnirii, dup\u0103 ce i-am dat t\u00e2rcoale de c\u00e2teva ori \u0219i i-am v\u0103zut sigla GT, am salutat-o privind-o \u00een maniera filmelor cu donjuani italieni: &#8222;Helloooou GeeTee!&#8221;.\u00a0 [&#8230;]<\/p>\n","protected":false},"author":3,"featured_media":0,"parent":8007,"menu_order":3,"comment_status":"closed","ping_status":"closed","template":"","meta":{"_acf_changed":false,"footnotes":""},"class_list":["post-8025","page","type-page","status-publish","hentry"],"acf":[],"_links":{"self":[{"href":"https:\/\/www.rarom.ro\/index.php?rest_route=\/wp\/v2\/pages\/8025","targetHints":{"allow":["GET"]}}],"collection":[{"href":"https:\/\/www.rarom.ro\/index.php?rest_route=\/wp\/v2\/pages"}],"about":[{"href":"https:\/\/www.rarom.ro\/index.php?rest_route=\/wp\/v2\/types\/page"}],"author":[{"embeddable":true,"href":"https:\/\/www.rarom.ro\/index.php?rest_route=\/wp\/v2\/users\/3"}],"replies":[{"embeddable":true,"href":"https:\/\/www.rarom.ro\/index.php?rest_route=%2Fwp%2Fv2%2Fcomments&post=8025"}],"version-history":[{"count":2,"href":"https:\/\/www.rarom.ro\/index.php?rest_route=\/wp\/v2\/pages\/8025\/revisions"}],"predecessor-version":[{"id":8112,"href":"https:\/\/www.rarom.ro\/index.php?rest_route=\/wp\/v2\/pages\/8025\/revisions\/8112"}],"up":[{"embeddable":true,"href":"https:\/\/www.rarom.ro\/index.php?rest_route=\/wp\/v2\/pages\/8007"}],"wp:attachment":[{"href":"https:\/\/www.rarom.ro\/index.php?rest_route=%2Fwp%2Fv2%2Fmedia&parent=8025"}],"curies":[{"name":"wp","href":"https:\/\/api.w.org\/{rel}","templated":true}]}}