{"id":8019,"date":"2019-07-08T10:36:38","date_gmt":"2019-07-08T07:36:38","guid":{"rendered":"https:\/\/www.rarom.ro\/?page_id=8019"},"modified":"2019-07-09T13:18:46","modified_gmt":"2019-07-09T10:18:46","slug":"renault-koleos","status":"publish","type":"page","link":"https:\/\/www.rarom.ro\/?page_id=8019","title":{"rendered":"Renault Koleos"},"content":{"rendered":"<p><strong>Test: Renault Koleos<\/strong><\/p>\n<p><a href=\"https:\/\/www.rarom.ro\/wp-content\/uploads\/2019\/07\/Test_Renault_mare-247.jpg\"><img loading=\"lazy\" decoding=\"async\" class=\"size-full wp-image-8020 aligncenter\" src=\"https:\/\/www.rarom.ro\/wp-content\/uploads\/2019\/07\/Test_Renault_mare-247.jpg\" alt=\"\" width=\"730\" height=\"450\" srcset=\"https:\/\/www.rarom.ro\/wp-content\/uploads\/2019\/07\/Test_Renault_mare-247.jpg 730w, https:\/\/www.rarom.ro\/wp-content\/uploads\/2019\/07\/Test_Renault_mare-247-300x185.jpg 300w\" sizes=\"auto, (max-width: 730px) 100vw, 730px\" \/><\/a><\/p>\n<p><a href=\"https:\/\/www.rarom.ro\/wp-content\/uploads\/2019\/07\/Test_Renault_pagini-247.jpg\"><img loading=\"lazy\" decoding=\"async\" class=\"alignleft size-full wp-image-8022\" src=\"https:\/\/www.rarom.ro\/wp-content\/uploads\/2019\/07\/Test_Renault_pagini-247.jpg\" alt=\"\" width=\"250\" height=\"165\" \/><\/a><\/p>\n<p style=\"text-align: justify;\">Renault Koleos a trecut printr-un proces de primenire care a l\u0103sat urme vizibile. O imagine proasp\u0103t\u0103, materiale atr\u0103g\u0103toare \u015fi o cromatic\u0103 luminoas\u0103 se suprapun peste o fi\u0219\u0103 tehnic\u0103 ce \u00eempac\u0103 aventura 4&#215;4 cu un nivel de confort superior. [&#8230;]<\/p>\n<p style=\"clear: both;\">\n","protected":false},"excerpt":{"rendered":"<p>Test: Renault Koleos Renault Koleos a trecut printr-un proces de primenire care a l\u0103sat urme vizibile. O imagine proasp\u0103t\u0103, materiale atr\u0103g\u0103toare \u015fi o cromatic\u0103 luminoas\u0103 se suprapun peste o fi\u0219\u0103 tehnic\u0103 ce \u00eempac\u0103 aventura 4&#215;4 cu un nivel de confort superior. [&#8230;]<\/p>\n","protected":false},"author":3,"featured_media":0,"parent":8007,"menu_order":2,"comment_status":"closed","ping_status":"closed","template":"","meta":{"_acf_changed":false,"footnotes":""},"class_list":["post-8019","page","type-page","status-publish","hentry"],"acf":[],"_links":{"self":[{"href":"https:\/\/www.rarom.ro\/index.php?rest_route=\/wp\/v2\/pages\/8019","targetHints":{"allow":["GET"]}}],"collection":[{"href":"https:\/\/www.rarom.ro\/index.php?rest_route=\/wp\/v2\/pages"}],"about":[{"href":"https:\/\/www.rarom.ro\/index.php?rest_route=\/wp\/v2\/types\/page"}],"author":[{"embeddable":true,"href":"https:\/\/www.rarom.ro\/index.php?rest_route=\/wp\/v2\/users\/3"}],"replies":[{"embeddable":true,"href":"https:\/\/www.rarom.ro\/index.php?rest_route=%2Fwp%2Fv2%2Fcomments&post=8019"}],"version-history":[{"count":2,"href":"https:\/\/www.rarom.ro\/index.php?rest_route=\/wp\/v2\/pages\/8019\/revisions"}],"predecessor-version":[{"id":8111,"href":"https:\/\/www.rarom.ro\/index.php?rest_route=\/wp\/v2\/pages\/8019\/revisions\/8111"}],"up":[{"embeddable":true,"href":"https:\/\/www.rarom.ro\/index.php?rest_route=\/wp\/v2\/pages\/8007"}],"wp:attachment":[{"href":"https:\/\/www.rarom.ro\/index.php?rest_route=%2Fwp%2Fv2%2Fmedia&parent=8019"}],"curies":[{"name":"wp","href":"https:\/\/api.w.org\/{rel}","templated":true}]}}