{"id":8007,"date":"2019-07-08T10:18:51","date_gmt":"2019-07-08T07:18:51","guid":{"rendered":"https:\/\/www.rarom.ro\/?page_id=8007"},"modified":"2019-07-08T11:59:49","modified_gmt":"2019-07-08T08:59:49","slug":"teste","status":"publish","type":"page","link":"https:\/\/www.rarom.ro\/?page_id=8007","title":{"rendered":"Teste"},"content":{"rendered":"<p><img loading=\"lazy\" decoding=\"async\" class=\"size-full wp-image-8008 aligncenter\" src=\"https:\/\/www.rarom.ro\/wp-content\/uploads\/2019\/07\/Teste_Iulie-August_2019.jpg\" alt=\"\" width=\"730\" height=\"450\" srcset=\"https:\/\/www.rarom.ro\/wp-content\/uploads\/2019\/07\/Teste_Iulie-August_2019.jpg 730w, https:\/\/www.rarom.ro\/wp-content\/uploads\/2019\/07\/Teste_Iulie-August_2019-300x185.jpg 300w\" sizes=\"auto, (max-width: 730px) 100vw, 730px\" \/><strong>STIL DE VEDET\u0102<\/strong><br \/>\n<strong>Test:<\/strong><a href=\"https:\/\/www.rarom.ro\/?page_id=8012\"> Porsche Cayenne Turbo Coupe<\/a><\/p>\n<p><strong>S\u0102 \u00ceNCEAP\u0102 AVENTURA<\/strong><br \/>\n<strong>Test:<\/strong> <a href=\"https:\/\/www.rarom.ro\/?page_id=8019\">Renault Koleos<\/a><\/p>\n<p><strong>HELLO, GEETEE<\/strong><br \/>\n<strong>Test:<\/strong> <a href=\"https:\/\/www.rarom.ro\/?page_id=8025\">Kia Stinger<\/a><\/p>\n<p><strong>COMPATIBIL CU TRAFICUL URBAN<\/strong><br \/>\n<strong>Test:<\/strong> <a href=\"https:\/\/www.rarom.ro\/?page_id=8031\">BMW i3<\/a><\/p>\n<p><strong>SENZA\u021aII TARI<\/strong><br \/>\n<strong>Test:<\/strong> <a href=\"https:\/\/www.rarom.ro\/?page_id=8037\">Renault Megane RS Trophy<\/a><\/p>\n<p><strong>NAKED, TOURING \u0218I ENDURO<\/strong><br \/>\n<strong>Test:<\/strong> <a href=\"https:\/\/www.rarom.ro\/?page_id=8043\">BMW R 1250 GS Adventure<\/a><\/p>\n","protected":false},"excerpt":{"rendered":"<p>STIL DE VEDET\u0102 Test: Porsche Cayenne Turbo Coupe S\u0102 \u00ceNCEAP\u0102 AVENTURA Test: Renault Koleos HELLO, GEETEE Test: Kia Stinger COMPATIBIL CU TRAFICUL URBAN Test: BMW i3 SENZA\u021aII TARI Test: Renault Megane RS Trophy NAKED, TOURING \u0218I ENDURO Test: BMW R 1250 GS Adventure<\/p>\n","protected":false},"author":3,"featured_media":0,"parent":8003,"menu_order":1,"comment_status":"closed","ping_status":"closed","template":"","meta":{"_acf_changed":false,"footnotes":""},"class_list":["post-8007","page","type-page","status-publish","hentry"],"acf":[],"_links":{"self":[{"href":"https:\/\/www.rarom.ro\/index.php?rest_route=\/wp\/v2\/pages\/8007","targetHints":{"allow":["GET"]}}],"collection":[{"href":"https:\/\/www.rarom.ro\/index.php?rest_route=\/wp\/v2\/pages"}],"about":[{"href":"https:\/\/www.rarom.ro\/index.php?rest_route=\/wp\/v2\/types\/page"}],"author":[{"embeddable":true,"href":"https:\/\/www.rarom.ro\/index.php?rest_route=\/wp\/v2\/users\/3"}],"replies":[{"embeddable":true,"href":"https:\/\/www.rarom.ro\/index.php?rest_route=%2Fwp%2Fv2%2Fcomments&post=8007"}],"version-history":[{"count":6,"href":"https:\/\/www.rarom.ro\/index.php?rest_route=\/wp\/v2\/pages\/8007\/revisions"}],"predecessor-version":[{"id":8098,"href":"https:\/\/www.rarom.ro\/index.php?rest_route=\/wp\/v2\/pages\/8007\/revisions\/8098"}],"up":[{"embeddable":true,"href":"https:\/\/www.rarom.ro\/index.php?rest_route=\/wp\/v2\/pages\/8003"}],"wp:attachment":[{"href":"https:\/\/www.rarom.ro\/index.php?rest_route=%2Fwp%2Fv2%2Fmedia&parent=8007"}],"curies":[{"name":"wp","href":"https:\/\/api.w.org\/{rel}","templated":true}]}}