{"id":8,"date":"2015-10-08T12:48:11","date_gmt":"2015-10-08T12:48:11","guid":{"rendered":"https:\/\/www.rarom.ro\/?page_id=8"},"modified":"2018-02-20T11:04:31","modified_gmt":"2018-02-20T09:04:31","slug":"noutati","status":"publish","type":"page","link":"https:\/\/www.rarom.ro\/?page_id=8","title":{"rendered":"Nout\u0103\u021bi"},"content":{"rendered":"<p>&nbsp;<\/p>\n<p><a href=\"https:\/\/www.rarom.ro\/?cat=8\"><strong>Comunicate de pres\u0103<\/strong><\/a><\/p>\n<p><a href=\"https:\/\/www.rarom.ro\/?cat=13\"><strong>Anun\u0163uri<\/strong><\/a><\/p>\n<p><a href=\"https:\/\/www.rarom.ro\/?cat=10\"><strong>Nout\u0103\u0163i legislative<\/strong><\/a><\/p>\n<p><a href=\"https:\/\/www.rarom.ro\/?page_id=1357\"><strong>Apari\u0163ii media<\/strong><\/a><\/p>\n<p>&nbsp;<\/p>\n","protected":false},"excerpt":{"rendered":"<p>&nbsp; Comunicate de pres\u0103 Anun\u0163uri Nout\u0103\u0163i legislative Apari\u0163ii media &nbsp;<\/p>\n","protected":false},"author":1,"featured_media":0,"parent":0,"menu_order":0,"comment_status":"closed","ping_status":"closed","template":"","meta":{"_acf_changed":false,"footnotes":""},"class_list":["post-8","page","type-page","status-publish","hentry"],"acf":[],"_links":{"self":[{"href":"https:\/\/www.rarom.ro\/index.php?rest_route=\/wp\/v2\/pages\/8","targetHints":{"allow":["GET"]}}],"collection":[{"href":"https:\/\/www.rarom.ro\/index.php?rest_route=\/wp\/v2\/pages"}],"about":[{"href":"https:\/\/www.rarom.ro\/index.php?rest_route=\/wp\/v2\/types\/page"}],"author":[{"embeddable":true,"href":"https:\/\/www.rarom.ro\/index.php?rest_route=\/wp\/v2\/users\/1"}],"replies":[{"embeddable":true,"href":"https:\/\/www.rarom.ro\/index.php?rest_route=%2Fwp%2Fv2%2Fcomments&post=8"}],"version-history":[{"count":5,"href":"https:\/\/www.rarom.ro\/index.php?rest_route=\/wp\/v2\/pages\/8\/revisions"}],"predecessor-version":[{"id":5760,"href":"https:\/\/www.rarom.ro\/index.php?rest_route=\/wp\/v2\/pages\/8\/revisions\/5760"}],"wp:attachment":[{"href":"https:\/\/www.rarom.ro\/index.php?rest_route=%2Fwp%2Fv2%2Fmedia&parent=8"}],"curies":[{"name":"wp","href":"https:\/\/api.w.org\/{rel}","templated":true}]}}