{"id":7879,"date":"2019-06-10T12:41:41","date_gmt":"2019-06-10T09:41:41","guid":{"rendered":"https:\/\/www.rarom.ro\/?page_id=7879"},"modified":"2019-06-10T12:49:16","modified_gmt":"2019-06-10T09:49:16","slug":"marci-auto-noi","status":"publish","type":"page","link":"https:\/\/www.rarom.ro\/?page_id=7879","title":{"rendered":"M\u0103rci auto noi"},"content":{"rendered":"<p><strong>Rivian<\/strong><\/p>\n<p><a href=\"https:\/\/www.rarom.ro\/wp-content\/uploads\/2019\/06\/Marci_mare-246.jpg\"><img loading=\"lazy\" decoding=\"async\" class=\"size-full wp-image-7880 aligncenter\" src=\"https:\/\/www.rarom.ro\/wp-content\/uploads\/2019\/06\/Marci_mare-246.jpg\" alt=\"\" width=\"730\" height=\"450\" srcset=\"https:\/\/www.rarom.ro\/wp-content\/uploads\/2019\/06\/Marci_mare-246.jpg 730w, https:\/\/www.rarom.ro\/wp-content\/uploads\/2019\/06\/Marci_mare-246-300x185.jpg 300w\" sizes=\"auto, (max-width: 730px) 100vw, 730px\" \/><\/a> <a href=\"https:\/\/www.rarom.ro\/wp-content\/uploads\/2019\/06\/Marci_pagini-246.jpg\"><img loading=\"lazy\" decoding=\"async\" class=\"alignleft size-full wp-image-7882\" src=\"https:\/\/www.rarom.ro\/wp-content\/uploads\/2019\/06\/Marci_pagini-246.jpg\" alt=\"\" width=\"250\" height=\"165\" \/><\/a><\/p>\n<p style=\"text-align: justify;\">N\u0103scut\u0103 din pasiunea a doi tineri, Pi\u00ebch Automotive este cea mai nou\u0103 marc\u0103 auto din Europa. Are sediul \u00een Elve\u021bia \u0219i vrea s\u0103 produc\u0103 automobile electrice performante. [&#8230;]<\/p>\n<p>&nbsp;<\/p>\n","protected":false},"excerpt":{"rendered":"<p>Rivian N\u0103scut\u0103 din pasiunea a doi tineri, Pi\u00ebch Automotive este cea mai nou\u0103 marc\u0103 auto din Europa. Are sediul \u00een Elve\u021bia \u0219i vrea s\u0103 produc\u0103 automobile electrice performante. [&#8230;] &nbsp;<\/p>\n","protected":false},"author":3,"featured_media":0,"parent":7833,"menu_order":4,"comment_status":"closed","ping_status":"closed","template":"","meta":{"_acf_changed":false,"footnotes":""},"class_list":["post-7879","page","type-page","status-publish","hentry"],"acf":[],"_links":{"self":[{"href":"https:\/\/www.rarom.ro\/index.php?rest_route=\/wp\/v2\/pages\/7879","targetHints":{"allow":["GET"]}}],"collection":[{"href":"https:\/\/www.rarom.ro\/index.php?rest_route=\/wp\/v2\/pages"}],"about":[{"href":"https:\/\/www.rarom.ro\/index.php?rest_route=\/wp\/v2\/types\/page"}],"author":[{"embeddable":true,"href":"https:\/\/www.rarom.ro\/index.php?rest_route=\/wp\/v2\/users\/3"}],"replies":[{"embeddable":true,"href":"https:\/\/www.rarom.ro\/index.php?rest_route=%2Fwp%2Fv2%2Fcomments&post=7879"}],"version-history":[{"count":1,"href":"https:\/\/www.rarom.ro\/index.php?rest_route=\/wp\/v2\/pages\/7879\/revisions"}],"predecessor-version":[{"id":7884,"href":"https:\/\/www.rarom.ro\/index.php?rest_route=\/wp\/v2\/pages\/7879\/revisions\/7884"}],"up":[{"embeddable":true,"href":"https:\/\/www.rarom.ro\/index.php?rest_route=\/wp\/v2\/pages\/7833"}],"wp:attachment":[{"href":"https:\/\/www.rarom.ro\/index.php?rest_route=%2Fwp%2Fv2%2Fmedia&parent=7879"}],"curies":[{"name":"wp","href":"https:\/\/api.w.org\/{rel}","templated":true}]}}