{"id":7861,"date":"2019-06-10T12:30:12","date_gmt":"2019-06-10T09:30:12","guid":{"rendered":"https:\/\/www.rarom.ro\/?page_id=7861"},"modified":"2019-06-10T12:47:56","modified_gmt":"2019-06-10T09:47:56","slug":"citroen-c5-aircross","status":"publish","type":"page","link":"https:\/\/www.rarom.ro\/?page_id=7861","title":{"rendered":"Citroen C5 Aircross"},"content":{"rendered":"<p><strong>Test: Citroen C5 Aircross<\/strong><\/p>\n<p><a href=\"https:\/\/www.rarom.ro\/wp-content\/uploads\/2019\/06\/TestCitroen_mare-246.jpg\"><img loading=\"lazy\" decoding=\"async\" class=\"size-full wp-image-7862 aligncenter\" src=\"https:\/\/www.rarom.ro\/wp-content\/uploads\/2019\/06\/TestCitroen_mare-246.jpg\" alt=\"\" width=\"730\" height=\"450\" srcset=\"https:\/\/www.rarom.ro\/wp-content\/uploads\/2019\/06\/TestCitroen_mare-246.jpg 730w, https:\/\/www.rarom.ro\/wp-content\/uploads\/2019\/06\/TestCitroen_mare-246-300x185.jpg 300w\" sizes=\"auto, (max-width: 730px) 100vw, 730px\" \/><\/a> <a href=\"https:\/\/www.rarom.ro\/wp-content\/uploads\/2019\/06\/TestCitroen_pagini_246.jpg\"><img loading=\"lazy\" decoding=\"async\" class=\"alignleft size-full wp-image-7864\" src=\"https:\/\/www.rarom.ro\/wp-content\/uploads\/2019\/06\/TestCitroen_pagini_246.jpg\" alt=\"\" width=\"250\" height=\"165\" \/><\/a><\/p>\n<p style=\"text-align: justify;\">Despre Citroen C5 Aircross francezii spuneau \u00een momentul lans\u0103rii c\u0103 este un SUV de nou\u0103 genera\u021bie care trebuie s\u0103 rezolve tarele segmentului C specific. Adic\u0103 este vorba despre confort, modularitate \u0219i volumul portbagajului. [&#8230;]<\/p>\n","protected":false},"excerpt":{"rendered":"<p>Test: Citroen C5 Aircross Despre Citroen C5 Aircross francezii spuneau \u00een momentul lans\u0103rii c\u0103 este un SUV de nou\u0103 genera\u021bie care trebuie s\u0103 rezolve tarele segmentului C specific. Adic\u0103 este vorba despre confort, modularitate \u0219i volumul portbagajului. [&#8230;]<\/p>\n","protected":false},"author":3,"featured_media":0,"parent":7838,"menu_order":4,"comment_status":"closed","ping_status":"closed","template":"","meta":{"_acf_changed":false,"footnotes":""},"class_list":["post-7861","page","type-page","status-publish","hentry"],"acf":[],"_links":{"self":[{"href":"https:\/\/www.rarom.ro\/index.php?rest_route=\/wp\/v2\/pages\/7861","targetHints":{"allow":["GET"]}}],"collection":[{"href":"https:\/\/www.rarom.ro\/index.php?rest_route=\/wp\/v2\/pages"}],"about":[{"href":"https:\/\/www.rarom.ro\/index.php?rest_route=\/wp\/v2\/types\/page"}],"author":[{"embeddable":true,"href":"https:\/\/www.rarom.ro\/index.php?rest_route=\/wp\/v2\/users\/3"}],"replies":[{"embeddable":true,"href":"https:\/\/www.rarom.ro\/index.php?rest_route=%2Fwp%2Fv2%2Fcomments&post=7861"}],"version-history":[{"count":1,"href":"https:\/\/www.rarom.ro\/index.php?rest_route=\/wp\/v2\/pages\/7861\/revisions"}],"predecessor-version":[{"id":7866,"href":"https:\/\/www.rarom.ro\/index.php?rest_route=\/wp\/v2\/pages\/7861\/revisions\/7866"}],"up":[{"embeddable":true,"href":"https:\/\/www.rarom.ro\/index.php?rest_route=\/wp\/v2\/pages\/7838"}],"wp:attachment":[{"href":"https:\/\/www.rarom.ro\/index.php?rest_route=%2Fwp%2Fv2%2Fmedia&parent=7861"}],"curies":[{"name":"wp","href":"https:\/\/api.w.org\/{rel}","templated":true}]}}